{"id":13,"date":"2026-02-13T11:20:49","date_gmt":"2026-02-13T16:20:49","guid":{"rendered":"https:\/\/ecoweb.com.co\/vidartes\/?page_id=13"},"modified":"2026-02-16T13:25:10","modified_gmt":"2026-02-16T18:25:10","slug":"blog","status":"publish","type":"page","link":"https:\/\/ecoweb.com.co\/vidartes\/blog\/","title":{"rendered":"Blog"},"content":{"rendered":"<div class=\"wpb-content-wrapper\"><p>[vc_row css=&#8221;.vc_custom_1771266308868{margin-top: 3% !important;}&#8221; conditional_render=&#8221;%5B%7B%22value_role%22%3A%22administrator%22%7D%5D&#8221;][vc_column][vc_column_text]<\/p>\n<p class=\"titulo\" style=\"font-size: 30pt; font-weight: bold; text-align: center; line-height: 1;\">Blog<\/p>\n<p style=\"text-align: center; font-size: 15pt;\">Art\u00edculos de inter\u00e9s<\/p>\n<p>[\/vc_column_text][\/vc_column][\/vc_row][vc_row][vc_column]<style type=\"text\/css\">\n\t\/**\n\t * Table of Contents\n\t *\n\t * 1.0 - Pagination\n\t * 2.0 - Social Media Icon\n\t * 3.0 - Default Blog Template\n\t * 4.0 - Classical Template\n\t * 5.0 - Light Breeze Template\n\t * 6.0 - Spektrum Template\n\t * 7.0 - Evolution Template\n\t * 8.0 - Timeline Template\n\t * 9.0 - News Template\n\t * 10.0 - Sallet Template\n\t * 11.0 - Media Grid Template\n\t * 12.0 - Crayon Slider Template\n\t * 13.0 - Blog-Carousel Template\n\t * 14.0 - Blog-Grid-Box Template\n\t * 15.0 - Ticker Template\n\t *\n\t *\/\n\t\/**\n\t * 1.0 - Pagination\n\t *\/\n\t.bdp-load-more a.button.bdp-load-more-btn {\n\t\tbackground-color: #904ba5;\t\tcolor: #ffffff;\t\tfont-size:14px;\t}\n\t.bd_pagination_box.wl_pagination_box .paging-navigation ul.page-numbers li a.page-numbers:hover,\n\t.bd_pagination_box.wl_pagination_box .paging-navigation ul.page-numbers li > span.current {\n\t\tbackground-color: #904ba5;\t\tcolor: #ffffff;\t\tfont-size:14px;\t}\n\t.bd_pagination_box.wl_pagination_box .paging-navigation ul.page-numbers li a.page-numbers {\n\t\tbackground-color: #ffffff;\t\tcolor: #904ba5;\t\tfont-size:14px;\t}\n\t.bd_pagination_box.wl_pagination_box .paging-navigation ul.page-numbers li a.page-numbers.dots {\n\t\tfont-size:14px !important;\t}\n\t\/**\n\t * 2.0 - Social Media Icon\n\t *\/    \n\t.blog_template .social-component a {\n\t\t\t}\n\t\/**\n\t * Post Title Setting\n\t *\/\n\t.bdp_blog_template .blog_header h2 a span,\n    .bdp_blog_template .bd-blog-header h2 a span,\n\t.glossary .blog_header h2 a span,\n\t.bdp_blog_template.media-grid .blog_header h2 a span,\n\t.bdp_blog_template.timeline .desc h3 a span,\n\t.blog_template.blog-grid-box h2.post_title a span{\n\t\t\t\t\t\t\t\tword-break : normal;\n\t\t\t\t\t\n\t}\n\n\t\/**\n\t * 3.0 - Default Blog Template\n\t *\/\n\t\t.blog_template .bd-more-tag-inline {\n\t\tcolor: #ffffff !important;\t\tfont-size:14px;\t}\n\t\t\t.bdp_blog_template .blog_header h2 a,\n\t\t.bdp_blog_template .bd-blog-header h2 a,\n\t\t.bdp_blog_template .bd_ad_container h4 {\n\t\t\tcolor: #333333 !important;\t\t\tfont-size: 24px;\t\t\t\n\t\t}\n\t\t.bdp_blog_template .blog_header h2,\n\t\t.bdp_blog_template .bd-blog-header h2,\n\t\t.blog_template .bd_ad_container h4 {\n\t\t\tfont-size: 24px;\t\t}\n\t\t.post_content-inner p,\n\t.bd-post-content {\n\t\tcolor:#999999;\t\tfont-size:14px;\t}\n\t.bdp_blog_template .bd-metacats,\n\t.bd-tags,\n\tspan.bd-category-link,\n\t.bdp_blog_template .author,\n\t.bdp_blog_template .date,\n\t.bdp_blog_template .bd-categories,\n\t.bdp_blog_template.evolution .bd-categories a,\n\t.bdp_blog_template .bd-categories a,\n\t.bd-meta-data-box .bd-metacats,\n\t.bd-meta-data-box .bd-metacomments,\n\t.bd-meta-data-box .bd-metacomments span,\n\t.bdp_blog_template .date i, .bdp_blog_template .author i, .bdp_blog_template .comment i,\n\t.bd-tags a,\n\tspan.bd-category-link a,\n\t.bd-metadatabox p,\n\tspan .bd-link-label,\n\t.bdp_blog_template .blog_footer span,\n\t.bd-metacomments i,\n\t.date_wrap i,\n\t.bdp_blog_template a,\n\t.bdp_blog_template .post_content,\n\t.bd-categories i,\n\t.bdp_blog_template.spektrum .post-bottom .post-by,\n\t.bdp_blog_template.spektrum .post-bottom .bd-tags,\n\t.bd-metadatabox,\n\t.bdp_blog_template.news .bd-blog-header .bd-metadatabox a,\n\t.bdp_blog_template.news .post-content-div .post_cat_tag > span i,\n\t.bdp_blog_template .bd-meta-data-box .bd-metadate, .bdp_blog_template .bd-meta-data-box .bd-metauser, .bdp_blog_template .bd-meta-data-box .bd-metacats,\n\t.bd-meta-data-box .bd-metacats a,\n\t.bd-meta-data-box .bd-metacomments a,\n\t.bdp_blog_template.box-template .bd-tags,\n\t.bdp_blog_template .datetime,\n\t.bdp_blog_template .link-lable,\n\t.bdp_blog_template .post-date\n\t.bdp_blog_template .bd_ad_container p, .blog_template .bd_ad_container, .bdp_blog_template .post-date, .bdp_blog_template .post-comment span {\n\t\tfont-size:14px;\t}\n\t.bdp_blog_template .date,\n\t.bdp_blog_template .comment,\n\t.bdp_blog_template .author .bd-icon-author,\n\t.bdp_blog_template .author,\n\t.bdp_blog_template.news .post-content-div .post_cat_tag > span i ,\n\t.bdp_blog_template .post-by,\n\t.bdp_blog_template .bd-categories i,\n\t.bdp_blog_template .bd-metacats i,\n\t.bdp_blog_template .category-link i,\n\t.bdp_blog_template .bd-tags i,\n\t.bdp_blog_template .bd-metacomments,\n\t.bdp_blog_template .date_wrap i,\n\t.bdp_blog_template .post-date,\n\t.bdp_blog_template .link-lable,\n\t.bdp_blog_template .datetime,\n\t.bdp_blog_template.glossary .post-author span,\n\t.bdp_blog_template .post_content-inner p,\n\t.bdp_blog_template .post_content,\n\t.bdp_blog_template .tags i {\n\t\tcolor:#999999;\t}\n\t.bdp_blog_template .bd-meta-data-box {\n\t\tcolor:#999999;\t}\n\t\t\t.bd-metadatabox {\n\t\t\tcolor:#999999;\t\t}\n\t\t.bd-link-label {\n\t\tcolor:#999999;\t}\n\t.bdp_blog_template a.bd-more-tag {\n\t\tbackground-color: #904ba5!important;\t\tcolor: #ffffff!important;\t}\n\t\t\t.bdp_blog_template a.bd-more-tag:hover {\n\t\t\tbackground-color: #ffffff!important;\t\t\tcolor: #904ba5!important;\t\t}\n\t\t.bdp_blog_template i {\n\t\tfont-style: normal !important;\n\t}\n\t\t\t.bd-tags,\n\t\tspan.bd-category-link,\n\t\t.bdp_blog_template .bd-categories,\n\t\t.bd-meta-data-box .bd-metacats,\n\t\t.bd-meta-data-box .bd-metacats a,\n\t\t.bd-meta-data-box .bd-metacomments a,\n\t\t.bdp_blog_template .bd-categories a,\n\t\t.bd-post-content a,\n\t\t.bd-tags a,\n\t\tspan.bd-category-link a,\n\t\t.bdp_blog_template .tags,\n\t\t.bdp_blog_template a {\n\t\t\tcolor:#555555 !important;\n\t\t\tfont-weight: normal !important;\n\t\t}\n\t\t\t\t.bd-meta-data-box .bd-metacats a:hover,\n\t\t.bd-meta-data-box .bd-metacomments a:hover,\n\t\t.bdp_blog_template .bd-categories a:hover,\n\t\t.spektrum .post-bottom .bd-categories a:hover,\n\t\t.bd-post-content a:hover,\n\t\t.bd-tags a:hover,\n\t\tspan.bd-category-link a:hover,\n\t\t.bdp_blog_template a:hover,\n\t\t.bd-post-content a:hover {\n\t\t\tcolor:#333333 !important;\n\t\t}\n\t\t\t\t.bdp_blog_template.evolution,\n\t\t.bdp_blog_template.lightbreeze {\n\t\t\tbackground: #2e6480;\n\t\t}\n\t\t\t\t.bdp_blog_template.evolution:hover,\n\t\t.bdp_blog_template.lightbreeze:hover {\n\t\t\tbackground: #eef1f2;\n\t\t}\n\t\t\t\/**\n\t * 4.0 - Classical Template\n\t *\/\n\t.bdp_blog_template.classical .bd-blog-header .bd-tags {\n\t\tcolor: #555555;\t}\n\t\/**\n\t * 5.0 - Light Breeze Template\n\t *\/\n\t\/**\n\t * 6.0 - Spektrum Template\n\t *\/\n\t.bdp_blog_template.spektrum .bd-blog-header {\n\t\t\t}\n\t\t\t.spektrum .date {\n\t\t\tbackground-color: #333333;\n\t\t}\n\t\t\t\t.spektrum .post-bottom .bd-categories a {\n\t\t\tcolor: #555555;\n\t\t}\n\t\t\t\t.spektrum .details a {\n\t\t\tcolor :#ffffff !important;\n\t\t\tfont-size:14px;\t\t}\n\t\t\t\t.spektrum .details a:hover {\n\t\t\tcolor :#904ba5;\n\t\t}\n\t\t\/**\n\t * 7.0 - Evolution Template\n\t *\/\n\t\/**\n\t * 8.0 - Timeline Template\n\t *\/\n\t.timeline_bg_wrap:before {\n\t\tbackground: none repeat scroll 0 0 #2e6480;\n\t}\n\t.bd-datetime, .timeline_year span.year_wrap {\n\t\tbackground: none repeat scroll 0 0 #2e6480;\n\t}\n\t.bdp_blog_template.timeline .post_hentry > p > i {\n\t\tbackground: #2e6480;\t}\n\t.bdp_blog_template.timeline:nth-child(2n+1) .post_content_wrap:before,\n\t.bdp_blog_template.timeline:nth-child(2n+1) .post_content_wrap:after {\n\t\tborder-left: 8px solid #2e6480;\n\t}\n\t.rtl .bdp_blog_template.timeline:nth-child(2n+1) .post_content_wrap:before,\n\t.rtl .bdp_blog_template.timeline:nth-child(2n+1) .post_content_wrap:after {\n\t\tborder-right: 8px solid #2e6480;\n\t}\n\t.bdp_blog_template.timeline:nth-child(2n) .post_content_wrap:before,\n\t.bdp_blog_template.timeline:nth-child(2n) .post_content_wrap:after {\n\t\tborder-right: 8px solid #2e6480;\n\t}\n\t.rtl .bdp_blog_template.timeline:nth-child(2n) .post_content_wrap:before,\n\t.rtl .bdp_blog_template.timeline:nth-child(2n) .post_content_wrap:after {\n\t\tborder-left: 8px solid #2e6480;\n\t}\n\t.post_content_wrap {\n\t\tborder:1px solid #2e6480;\n\t}\n\t.bdp_blog_template .post_content_wrap .blog_footer {\n\t\tborder-top: 1px solid #2e6480 ;\n\t}\n\t.bdp_blog_template .post-icon {\n\t\t\t}\n\t.bdp_blog_template.timeline .desc h3 a{\n\t\tcolor: #333333 !important;\t\t\t\tfont-size: 24px;\t}\n\n\t\/*media query*\/\n\t@media screen and (max-width: 991px) {\n\t\t.bdp_blog_template.timeline:nth-child(2n+1) .post_content_wrap:before,\n\t\t.bdp_blog_template.timeline:nth-child(2n+1) .post_content_wrap:after {\n\t\t\tborder-right: 8px solid #2e6480;\n\t\t}\n\t}\n\t\/**\n\t * 9.0 - News Template\n\t *\/\n\t\t\t.bdp_blog_template.news .bd-blog-header h2.title a{\n\t\t\tcolor: #333333;\t\t\tfont-size: 24px;\t\t}\n\t\t\/* .blog_template.boxy-clean .blog_header h2, *\/\n\t.bdp_blog_template.news .bd-blog-header h2.title{\n\t\t\t}\n\t.bdp_blog_template.news {\n\t\tbackground-color: #2e6480\t}\n\t.bdp_blog_template.news a.bd-more-tag{\n\t\tfloat: right !important;\n\t}\n\t.blog_template.boxy-clean ul li:hover,\n\t.blog_template.boxy-clean ul li:hover .blog_header h2 {\n\t\tbackground: #eef1f2;\n\t}\n\t.glossary .post_content-inner {\n\t\tborder-color: #2e6480;\t}\n\t.blog_template.boxy-clean .blog_wrap.bdp_blog_template .author {\n\t\tbackground: #2e6480;\t}\n\t\/** 10.0 - Sallet Template *\/\n\t.bdp_blog_template.sallet_slider .blog_header > div > div > div {\n\t\tbackground: #ffffff;\t}\n\t.bdp_blog_template.sallet_slider .blog_header > div > div > div::before {\n\t\tbackground: #2e6480 none repeat scroll 0 0;\t}\n\t.bdp_blog_template.sallet_slider.right {\n\t\tbackground: #2e6480 ;\t}\n\t.blog_template.sallet_slider .category-link a {\n\t\tbackground: #2e6480 ;\t\tcolor: #fff !important;\n\t}\n\t\/** 11.0 - Media Grid Template *\/\n\t.bdp_blog_template.media-grid .blog_header h2 a {\n\t\t\t}\n\t.bdp_blog_template.media-grid .bd-metacats {\n\t\tbackground: #2e6480\t}\n\n\t.bdp_blog_template.media-grid .bd-metacats:hover{\n\t\tbackground: #eef1f2\t}\n\n\t.bdp_blog_template.media-grid .post-meta .postdate {\n\t\tfont-size: 14px\t}\n\t\/** 12.0 - Crayon Slider Template *\/\n\t\t\t\/** 13.0 - Blog Carousel Template *\/\n\tli.blog_template.bdp_blog_template.blog_carousel {\n\t\tbackground: #2e6480\t}\n\t.blog_template.blog_carousel .blog_header:hover {\n\tbackground: #eef1f2\t}\n\t\/** 14.0 - Blog-Grid-Box Template *\/\n\t.blog_template.blog-grid-box .bd-more-next-line a {\n\t\tbackground: #904ba5;\t\tcolor: #ffffff\t}\n\t.blog_template.blog-grid-box .post-comment a,\n\t.blog_template.blog-grid-box .mauthor .author a,\n\t.blog_template.blog-grid-box .bd-metacats a,\n\t.blog_template.blog-grid-box .mdate a {\n\t\tcolor: #555555\t}\n\t.blog_template.blog-grid-box .post-comment a:hover,\n\t.blog_template.blog-grid-box .mauthor .author a:hover,\n\t.blog_template.blog-grid-box .bd-metacats a:hover,\n\t.blog_template.blog-grid-box .mdate a:hover {\n\t\tcolor: #333333\t}\n\t.blog_template.blog-grid-box .post_title a {\n\t\tcolor: #333333;font-size: 24px\t}\n\t.blog_template.blog-grid-box .post_content {\n\t\tcolor: #999999;font-size: 14px\t}\n\t.blog_template.blog-grid-box {\n\t\tbackground: #2e6480\t}\n\n\t\/** 15.0 - Ticker Template *\/\n\t#blog-ticker-style-1 {\n\t\tborder-color: #2e6480\t}\n\t#blog-ticker-style-1 .ticker-title {\n\t\tbackground-color: #2e6480\t}\n\t#blog-ticker-style-1 .ticker-style-title {\n\t\t\t}\n\t#blog-ticker-style-1 .ticker-title>span {\n\t\tborder-color: transparent transparent transparent#2e6480\t}\n\t#blog-ticker-style-1 .blog-tickers a:hover {\n\t\tcolor: #2e6480\t}\n\t#blog-ticker-style-1 .blog-tickers a {\n\t\tcolor: #333333\t}\n\t<\/style>\n<div class=\"bdp_wrapper\">\t\t\t\t\t\t<div class=\"blog_template boxy-clean\">\n\t\t\t\t\t\t\t<ul>\n\t\t\t\t\t\t\t\t<li class=\"blog_wrap bdp_blog_template three_column two_column_ipad two_column_tablet one_column_mobile bdp_blog_single_post_wrapp\">\n\t\t\t\t\t\t<div class=\"post-meta\">\n\t\t\t\t\t\t\t<\/div>\n\t\t\t<div class=\"post-media\">\n\t\t\t\t\t\t\t\t\t<div class=\"bd-post-image\"><a href=\"https:\/\/ecoweb.com.co\/vidartes\/tendencias-de-impresion-para-2026-lo-que-las-empresas-en-colombia-deben-adaptar\/\"><img loading=\"lazy\" decoding=\"async\" width=\"841\" height=\"560\" src=\"https:\/\/ecoweb.com.co\/vidartes\/wp-content\/uploads\/2026\/02\/2026-e1771261699698.jpg\" class=\"attachment-full size-full wp-post-image\" alt=\"\" srcset=\"https:\/\/ecoweb.com.co\/vidartes\/wp-content\/uploads\/2026\/02\/2026-e1771261699698.jpg 841w, https:\/\/ecoweb.com.co\/vidartes\/wp-content\/uploads\/2026\/02\/2026-e1771261699698-768x511.jpg 768w, https:\/\/ecoweb.com.co\/vidartes\/wp-content\/uploads\/2026\/02\/2026-e1771261699698-640x426.jpg 640w, https:\/\/ecoweb.com.co\/vidartes\/wp-content\/uploads\/2026\/02\/2026-e1771261699698-400x266.jpg 400w, https:\/\/ecoweb.com.co\/vidartes\/wp-content\/uploads\/2026\/02\/2026-e1771261699698-367x244.jpg 367w\" sizes=\"auto, (max-width: 841px) 100vw, 841px\" \/><\/a><\/div> \n\t\t\t\t\t\t\t\t<\/div>\n\t\t\t<div class=\"post_summary_outer\">\n\t\t\t\t<div class=\"blog_header\">\n\t\t\t\t\t<h2><a href=\"https:\/\/ecoweb.com.co\/vidartes\/tendencias-de-impresion-para-2026-lo-que-las-empresas-en-colombia-deben-adaptar\/\"><span>Tendencias de impresi\u00f3n para 2026: lo que las empresas en Colombia deben adaptar.<\/span><\/a><\/h2>\n\t\t\t\t<\/div>\n\t\t\t\t<div class=\"post_content\">\n\t\t\t\t\t[vc_row][vc_column][vc_column_text]Enero es uno de los meses m\u00e1s estrat\u00e9gicos para las\t\t\t\t\t<div class=\"bd-more-next-line\"><a class=\"bd-more-tag\" href=\"https:\/\/ecoweb.com.co\/vidartes\/tendencias-de-impresion-para-2026-lo-que-las-empresas-en-colombia-deben-adaptar\/\">Leer m\u00e1s <\/a><\/div>\t\t\t\t<\/div>\n\t\t\t<\/div>\n\t\t\t<div class=\"blog_footer\">\n\t\t\t\t<div class=\"footer_meta\">\n\t\t\t\t\t\t\t\t\t\t\t\t\t\t<\/div>\n\t\t\t\t<div class='bd_social_share_wrap'>\n\t\t\t\t\t\t\t\t\t<\/div>\n\t\t\t<\/div>\n\t\t<\/li>\n\n\t\t\t\t<li class=\"blog_wrap bdp_blog_template three_column two_column_ipad two_column_tablet one_column_mobile bdp_blog_single_post_wrapp\">\n\t\t\t\t\t\t<div class=\"post-meta\">\n\t\t\t\t\t\t\t<\/div>\n\t\t\t<div class=\"post-media\">\n\t\t\t\t\t\t\t\t\t<div class=\"bd-post-image\"><a href=\"https:\/\/ecoweb.com.co\/vidartes\/impresion-uv-tecnologia-aplicaciones-y-oportunidades-para-empresas\/\"><img loading=\"lazy\" decoding=\"async\" width=\"980\" height=\"653\" src=\"https:\/\/ecoweb.com.co\/vidartes\/wp-content\/uploads\/2026\/02\/uv.png\" class=\"attachment-full size-full wp-post-image\" alt=\"\" srcset=\"https:\/\/ecoweb.com.co\/vidartes\/wp-content\/uploads\/2026\/02\/uv.png 980w, https:\/\/ecoweb.com.co\/vidartes\/wp-content\/uploads\/2026\/02\/uv-768x512.png 768w, https:\/\/ecoweb.com.co\/vidartes\/wp-content\/uploads\/2026\/02\/uv-640x426.png 640w, https:\/\/ecoweb.com.co\/vidartes\/wp-content\/uploads\/2026\/02\/uv-400x267.png 400w, https:\/\/ecoweb.com.co\/vidartes\/wp-content\/uploads\/2026\/02\/uv-367x245.png 367w\" sizes=\"auto, (max-width: 980px) 100vw, 980px\" \/><\/a><\/div> \n\t\t\t\t\t\t\t\t<\/div>\n\t\t\t<div class=\"post_summary_outer\">\n\t\t\t\t<div class=\"blog_header\">\n\t\t\t\t\t<h2><a href=\"https:\/\/ecoweb.com.co\/vidartes\/impresion-uv-tecnologia-aplicaciones-y-oportunidades-para-empresas\/\"><span>Impresi\u00f3n UV: tecnolog\u00eda, aplicaciones y oportunidades para empresas.<\/span><\/a><\/h2>\n\t\t\t\t<\/div>\n\t\t\t\t<div class=\"post_content\">\n\t\t\t\t\t[vc_row][vc_column][vc_column_text]En el mundo de la impresi\u00f3n profesional, uno de los\t\t\t\t\t<div class=\"bd-more-next-line\"><a class=\"bd-more-tag\" href=\"https:\/\/ecoweb.com.co\/vidartes\/impresion-uv-tecnologia-aplicaciones-y-oportunidades-para-empresas\/\">Leer m\u00e1s <\/a><\/div>\t\t\t\t<\/div>\n\t\t\t<\/div>\n\t\t\t<div class=\"blog_footer\">\n\t\t\t\t<div class=\"footer_meta\">\n\t\t\t\t\t\t\t\t\t\t\t\t\t\t<\/div>\n\t\t\t\t<div class='bd_social_share_wrap'>\n\t\t\t\t\t\t\t\t\t<\/div>\n\t\t\t<\/div>\n\t\t<\/li>\n\n\t\t\t\t<li class=\"blog_wrap bdp_blog_template three_column two_column_ipad two_column_tablet one_column_mobile bdp_blog_single_post_wrapp\">\n\t\t\t\t\t\t<div class=\"post-meta\">\n\t\t\t\t\t\t\t<\/div>\n\t\t\t<div class=\"post-media\">\n\t\t\t\t\t\t\t\t\t<div class=\"bd-post-image\"><a href=\"https:\/\/ecoweb.com.co\/vidartes\/impresion-offset-vs-digital-diferencias-y-cuando-elegir-cada-metodo\/\"><img loading=\"lazy\" decoding=\"async\" width=\"1000\" height=\"668\" src=\"https:\/\/ecoweb.com.co\/vidartes\/wp-content\/uploads\/2026\/02\/Impresion-offset.jpg\" class=\"attachment-full size-full wp-post-image\" alt=\"\" srcset=\"https:\/\/ecoweb.com.co\/vidartes\/wp-content\/uploads\/2026\/02\/Impresion-offset.jpg 1000w, https:\/\/ecoweb.com.co\/vidartes\/wp-content\/uploads\/2026\/02\/Impresion-offset-768x513.jpg 768w, https:\/\/ecoweb.com.co\/vidartes\/wp-content\/uploads\/2026\/02\/Impresion-offset-640x428.jpg 640w, https:\/\/ecoweb.com.co\/vidartes\/wp-content\/uploads\/2026\/02\/Impresion-offset-400x267.jpg 400w, https:\/\/ecoweb.com.co\/vidartes\/wp-content\/uploads\/2026\/02\/Impresion-offset-367x245.jpg 367w\" sizes=\"auto, (max-width: 1000px) 100vw, 1000px\" \/><\/a><\/div> \n\t\t\t\t\t\t\t\t<\/div>\n\t\t\t<div class=\"post_summary_outer\">\n\t\t\t\t<div class=\"blog_header\">\n\t\t\t\t\t<h2><a href=\"https:\/\/ecoweb.com.co\/vidartes\/impresion-offset-vs-digital-diferencias-y-cuando-elegir-cada-metodo\/\"><span>Impresi\u00f3n offset vs digital: diferencias y cu\u00e1ndo elegir cada m\u00e9todo<\/span><\/a><\/h2>\n\t\t\t\t<\/div>\n\t\t\t\t<div class=\"post_content\">\n\t\t\t\t\t[vc_row][vc_column][vc_column_text]En el mundo de la impresi\u00f3n profesional, uno de los\t\t\t\t\t<div class=\"bd-more-next-line\"><a class=\"bd-more-tag\" href=\"https:\/\/ecoweb.com.co\/vidartes\/impresion-offset-vs-digital-diferencias-y-cuando-elegir-cada-metodo\/\">Leer m\u00e1s <\/a><\/div>\t\t\t\t<\/div>\n\t\t\t<\/div>\n\t\t\t<div class=\"blog_footer\">\n\t\t\t\t<div class=\"footer_meta\">\n\t\t\t\t\t\t\t\t\t\t\t\t\t\t<\/div>\n\t\t\t\t<div class='bd_social_share_wrap'>\n\t\t\t\t\t\t\t\t\t<\/div>\n\t\t\t<\/div>\n\t\t<\/li>\n\n\t\t\t\t<li class=\"blog_wrap bdp_blog_template three_column two_column_ipad two_column_tablet one_column_mobile bdp_blog_single_post_wrapp\">\n\t\t\t\t\t\t<div class=\"post-meta\">\n\t\t\t\t\t\t\t<\/div>\n\t\t\t<div class=\"post-media\">\n\t\t\t\t\t\t\t\t\t<div class=\"bd-post-image\"><a href=\"https:\/\/ecoweb.com.co\/vidartes\/stands-que-venden-claves-para-destacar-en-ferias-y-eventos\/\"><img loading=\"lazy\" decoding=\"async\" width=\"980\" height=\"662\" src=\"https:\/\/ecoweb.com.co\/vidartes\/wp-content\/uploads\/2026\/02\/exibition_booth_mockup-980x735-1-e1771266605305.jpg\" class=\"attachment-full size-full wp-post-image\" alt=\"\" srcset=\"https:\/\/ecoweb.com.co\/vidartes\/wp-content\/uploads\/2026\/02\/exibition_booth_mockup-980x735-1-e1771266605305.jpg 980w, https:\/\/ecoweb.com.co\/vidartes\/wp-content\/uploads\/2026\/02\/exibition_booth_mockup-980x735-1-e1771266605305-768x519.jpg 768w, https:\/\/ecoweb.com.co\/vidartes\/wp-content\/uploads\/2026\/02\/exibition_booth_mockup-980x735-1-e1771266605305-640x432.jpg 640w, https:\/\/ecoweb.com.co\/vidartes\/wp-content\/uploads\/2026\/02\/exibition_booth_mockup-980x735-1-e1771266605305-400x270.jpg 400w, https:\/\/ecoweb.com.co\/vidartes\/wp-content\/uploads\/2026\/02\/exibition_booth_mockup-980x735-1-e1771266605305-367x248.jpg 367w\" sizes=\"auto, (max-width: 980px) 100vw, 980px\" \/><\/a><\/div> \n\t\t\t\t\t\t\t\t<\/div>\n\t\t\t<div class=\"post_summary_outer\">\n\t\t\t\t<div class=\"blog_header\">\n\t\t\t\t\t<h2><a href=\"https:\/\/ecoweb.com.co\/vidartes\/stands-que-venden-claves-para-destacar-en-ferias-y-eventos\/\"><span>Stands que venden: claves para destacar en ferias y eventos<\/span><\/a><\/h2>\n\t\t\t\t<\/div>\n\t\t\t\t<div class=\"post_content\">\n\t\t\t\t\t[vc_row][vc_column][vc_column_text]Participar en ferias, congresos o exposiciones en Colombia es una\t\t\t\t\t<div class=\"bd-more-next-line\"><a class=\"bd-more-tag\" href=\"https:\/\/ecoweb.com.co\/vidartes\/stands-que-venden-claves-para-destacar-en-ferias-y-eventos\/\">Leer m\u00e1s <\/a><\/div>\t\t\t\t<\/div>\n\t\t\t<\/div>\n\t\t\t<div class=\"blog_footer\">\n\t\t\t\t<div class=\"footer_meta\">\n\t\t\t\t\t\t\t\t\t\t\t\t\t\t<\/div>\n\t\t\t\t<div class='bd_social_share_wrap'>\n\t\t\t\t\t\t\t\t\t<\/div>\n\t\t\t<\/div>\n\t\t<\/li>\n\n\t\t\t\t<li class=\"blog_wrap bdp_blog_template three_column two_column_ipad two_column_tablet one_column_mobile bdp_blog_single_post_wrapp\">\n\t\t\t\t\t\t<div class=\"post-meta\">\n\t\t\t\t\t\t\t<\/div>\n\t\t\t<div class=\"post-media\">\n\t\t\t\t\t\t\t\t\t<div class=\"bd-post-image\"><a href=\"https:\/\/ecoweb.com.co\/vidartes\/impresion-de-seguridad-protege-tu-producto-desde-el-diseno-del-empaque\/\"><img loading=\"lazy\" decoding=\"async\" width=\"1000\" height=\"665\" src=\"https:\/\/ecoweb.com.co\/vidartes\/wp-content\/uploads\/2026\/02\/100688-1.jpg\" class=\"attachment-full size-full wp-post-image\" alt=\"\" srcset=\"https:\/\/ecoweb.com.co\/vidartes\/wp-content\/uploads\/2026\/02\/100688-1.jpg 1000w, https:\/\/ecoweb.com.co\/vidartes\/wp-content\/uploads\/2026\/02\/100688-1-768x511.jpg 768w, https:\/\/ecoweb.com.co\/vidartes\/wp-content\/uploads\/2026\/02\/100688-1-640x426.jpg 640w, https:\/\/ecoweb.com.co\/vidartes\/wp-content\/uploads\/2026\/02\/100688-1-400x266.jpg 400w, https:\/\/ecoweb.com.co\/vidartes\/wp-content\/uploads\/2026\/02\/100688-1-367x244.jpg 367w\" sizes=\"auto, (max-width: 1000px) 100vw, 1000px\" \/><\/a><\/div> \n\t\t\t\t\t\t\t\t<\/div>\n\t\t\t<div class=\"post_summary_outer\">\n\t\t\t\t<div class=\"blog_header\">\n\t\t\t\t\t<h2><a href=\"https:\/\/ecoweb.com.co\/vidartes\/impresion-de-seguridad-protege-tu-producto-desde-el-diseno-del-empaque\/\"><span>Impresi\u00f3n de seguridad: protege tu producto desde el dise\u00f1o del empaque<\/span><\/a><\/h2>\n\t\t\t\t<\/div>\n\t\t\t\t<div class=\"post_content\">\n\t\t\t\t\t[vc_row content_placement=&#8221;middle&#8221; conditional_render=&#8221;%5B%7B%22value_role%22%3A%22administrator%22%7D%5D&#8221;][vc_column width=&#8221;1\/2&#8243;][vc_column_text]En un mercado donde los consumidores colombianos\t\t\t\t\t<div class=\"bd-more-next-line\"><a class=\"bd-more-tag\" href=\"https:\/\/ecoweb.com.co\/vidartes\/impresion-de-seguridad-protege-tu-producto-desde-el-diseno-del-empaque\/\">Leer m\u00e1s <\/a><\/div>\t\t\t\t<\/div>\n\t\t\t<\/div>\n\t\t\t<div class=\"blog_footer\">\n\t\t\t\t<div class=\"footer_meta\">\n\t\t\t\t\t\t\t\t\t\t\t\t\t\t<\/div>\n\t\t\t\t<div class='bd_social_share_wrap'>\n\t\t\t\t\t\t\t\t\t<\/div>\n\t\t\t<\/div>\n\t\t<\/li>\n\n\t\t\t\t\t\t\t\t<\/ul>\n\t\t\t\t\t<\/div>\n\t\t\t\t<div class=\"wl_pagination_box bd_pagination_box  boxy-clean\"><\/div><\/div>[\/vc_column][\/vc_row]<\/p>\n<\/div>","protected":false},"excerpt":{"rendered":"<p>[vc_row css=&#8221;.vc_custom_1771266308868{margin-top: 3% !important;}&#8221; conditional_render=&#8221;%5B%7B%22value_role%22%3A%22administrator%22%7D%5D&#8221;][vc_column][vc_column_text] Blog Art\u00edculos de inter\u00e9s [\/vc_column_text][\/vc_column][\/vc_row][vc_row][vc_column][\/vc_column][\/vc_row]<\/p>\n","protected":false},"author":1,"featured_media":0,"parent":0,"menu_order":0,"comment_status":"closed","ping_status":"closed","template":"","meta":{"_joinchat":[],"footnotes":""},"class_list":["post-13","page","type-page","status-publish","hentry"],"_links":{"self":[{"href":"https:\/\/ecoweb.com.co\/vidartes\/wp-json\/wp\/v2\/pages\/13","targetHints":{"allow":["GET"]}}],"collection":[{"href":"https:\/\/ecoweb.com.co\/vidartes\/wp-json\/wp\/v2\/pages"}],"about":[{"href":"https:\/\/ecoweb.com.co\/vidartes\/wp-json\/wp\/v2\/types\/page"}],"author":[{"embeddable":true,"href":"https:\/\/ecoweb.com.co\/vidartes\/wp-json\/wp\/v2\/users\/1"}],"replies":[{"embeddable":true,"href":"https:\/\/ecoweb.com.co\/vidartes\/wp-json\/wp\/v2\/comments?post=13"}],"version-history":[{"count":3,"href":"https:\/\/ecoweb.com.co\/vidartes\/wp-json\/wp\/v2\/pages\/13\/revisions"}],"predecessor-version":[{"id":342,"href":"https:\/\/ecoweb.com.co\/vidartes\/wp-json\/wp\/v2\/pages\/13\/revisions\/342"}],"wp:attachment":[{"href":"https:\/\/ecoweb.com.co\/vidartes\/wp-json\/wp\/v2\/media?parent=13"}],"curies":[{"name":"wp","href":"https:\/\/api.w.org\/{rel}","templated":true}]}}