{"id":7,"date":"2026-04-10T07:46:25","date_gmt":"2026-04-10T12:46:25","guid":{"rendered":"https:\/\/ecoweb.com.co\/sossas\/?page_id=7"},"modified":"2026-04-15T08:09:44","modified_gmt":"2026-04-15T13:09:44","slug":"inicio","status":"publish","type":"page","link":"https:\/\/ecoweb.com.co\/sossas\/","title":{"rendered":"Inicio"},"content":{"rendered":"<div class=\"wpb-content-wrapper\"><p>[vc_row full_width=&#8221;stretch_row_content_no_spaces&#8221; css=&#8221;.vc_custom_1776083815480{margin-top: -20px !important;}&#8221; conditional_render=&#8221;%5B%7B%22value_role%22%3A%22administrator%22%7D%5D&#8221;][vc_column][rev_slider_vc alias=&#8221;incio&#8221;][\/vc_column][\/vc_row][vc_row full_width=&#8221;stretch_row_content_no_spaces&#8221; css=&#8221;.vc_custom_1776126037863{margin-top: 3% !important;padding-right: 3% !important;padding-left: 3% !important;}&#8221; conditional_render=&#8221;%5B%7B%22value_role%22%3A%22administrator%22%7D%5D&#8221;][vc_column][vc_column_text css_animation=&#8221;zoomIn&#8221;]<\/p>\n<p class=\"titulo\" style=\"text-align: center; font-size: 38pt; font-family: 'Montserrat'; font-weight: bold; line-height: 1;\">Nuestros servicios<\/p>\n<p style=\"text-align: center;\">Nos enfocamos en reducir los costos de las pymes<\/p>\n<p>[\/vc_column_text][vc_row_inner][vc_column_inner width=&#8221;1\/4&#8243;]<div class=\"porto-sicon-box  vc_custom_1776206271564 zoom servicios  wpb_custom_aeeca448663a0ebfcff24e74a3e7f0db style_1 left-icon\" data-appear-animation=\"zoomIn\"><div class=\"porto-sicon-left\"><div class=\"porto-just-icon-wrapper porto-icon square\" style=\"color:#ffffff;background:#1e3452;font-size:25px;\"><i class=\"fas fa-calculator\"><\/i><\/div><\/div><div class=\"porto-sicon-body\"><div class=\"porto-sicon-header\"><h3 class=\"porto-sicon-title\" style=\"\">Servicios contables<\/h3><p>Organizamos la informaci\u00f3n financiera para que su empresa opere con claridad, cumplimento y soporte.<\/p><\/div> <!-- header --><\/div><\/div><!-- porto-sicon-box -->[\/vc_column_inner][vc_column_inner width=&#8221;1\/4&#8243;]<div class=\"porto-sicon-box  vc_custom_1776206277284 zoom servicios  wpb_custom_aeeca448663a0ebfcff24e74a3e7f0db style_1 left-icon\" data-appear-animation=\"zoomIn\"><div class=\"porto-sicon-left\"><div class=\"porto-just-icon-wrapper porto-icon square\" style=\"color:#ffffff;background:#1e3452;font-size:25px;\"><i class=\"fas fa-search\"><\/i><\/div><\/div><div class=\"porto-sicon-body\"><div class=\"porto-sicon-header\"><h3 class=\"porto-sicon-title\" style=\"\">Revisor\u00eda fiscal y auditoria empresarial<\/h3><p>Brindamos control independiente y vigilancia t\u00e9cnica<\/p><\/div> <!-- header --><\/div><\/div><!-- porto-sicon-box -->[\/vc_column_inner][vc_column_inner width=&#8221;1\/4&#8243;]<div class=\"porto-sicon-box  vc_custom_1776206283381 zoom servicios  wpb_custom_aeeca448663a0ebfcff24e74a3e7f0db style_1 left-icon\" data-appear-animation=\"zoomIn\"><div class=\"porto-sicon-left\"><div class=\"porto-just-icon-wrapper porto-icon square\" style=\"color:#ffffff;background:#1e3452;font-size:25px;\"><i class=\"fas fa-chart-pie\"><\/i><\/div><\/div><div class=\"porto-sicon-body\"><div class=\"porto-sicon-header\"><h3 class=\"porto-sicon-title\" style=\"\">Outsourcing administrativo<\/h3><p>Para que su empresa opere con orden, cumplimiento y eficiencia<\/p><\/div> <!-- header --><\/div><\/div><!-- porto-sicon-box -->[\/vc_column_inner][vc_column_inner width=&#8221;1\/4&#8243;]<div class=\"porto-sicon-box  vc_custom_1776206289220 zoom servicios  wpb_custom_aeeca448663a0ebfcff24e74a3e7f0db style_1 left-icon\" data-appear-animation=\"zoomIn\"><div class=\"porto-sicon-left\"><div class=\"porto-just-icon-wrapper porto-icon square\" style=\"color:#ffffff;background:#1e3452;font-size:25px;\"><i class=\"fas fa-user-cog\"><\/i><\/div><\/div><div class=\"porto-sicon-body\"><div class=\"porto-sicon-header\"><h3 class=\"porto-sicon-title\" style=\"\">Producci\u00f3n y operaciones<\/h3><p>Optimizamos la operaci\u00f3n para mejorar la productividad.<\/p><\/div> <!-- header --><\/div><\/div><!-- porto-sicon-box -->[\/vc_column_inner][\/vc_row_inner][vc_row_inner][vc_column_inner width=&#8221;1\/4&#8243;]<div class=\"porto-sicon-box  vc_custom_1776206296699 zoom servicios  wpb_custom_aeeca448663a0ebfcff24e74a3e7f0db style_1 left-icon\" data-appear-animation=\"zoomIn\"><div class=\"porto-sicon-left\"><div class=\"porto-just-icon-wrapper porto-icon square\" style=\"color:#ffffff;background:#1e3452;font-size:25px;\"><i class=\"far fa-file-alt\"><\/i><\/div><\/div><div class=\"porto-sicon-body\"><div class=\"porto-sicon-header\"><h3 class=\"porto-sicon-title\" style=\"\">Gesti\u00f3n de calidad<\/h3><p>Estructuramos sistemas de gesti\u00f3n que organizan la operaci\u00f3n, fortalecen la credibilidad<\/p><\/div> <!-- header --><\/div><\/div><!-- porto-sicon-box -->[\/vc_column_inner][vc_column_inner width=&#8221;1\/4&#8243;]<div class=\"porto-sicon-box  vc_custom_1776206302916 zoom servicios  wpb_custom_aeeca448663a0ebfcff24e74a3e7f0db style_1 left-icon\" data-appear-animation=\"zoomIn\"><div class=\"porto-sicon-left\"><div class=\"porto-just-icon-wrapper porto-icon square\" style=\"color:#ffffff;background:#1e3452;font-size:25px;\"><i class=\"fas fa-hard-hat\"><\/i><\/div><\/div><div class=\"porto-sicon-body\"><div class=\"porto-sicon-header\"><h3 class=\"porto-sicon-title\" style=\"\">Seguridad y salud en el trabajo<\/h3><p>Estructuraci\u00f3n completa del sistema de seguridad y salud en el trabajo<\/p><\/div> <!-- header --><\/div><\/div><!-- porto-sicon-box -->[\/vc_column_inner][vc_column_inner width=&#8221;1\/4&#8243;]<div class=\"porto-sicon-box  vc_custom_1776206309324 zoom servicios  wpb_custom_aeeca448663a0ebfcff24e74a3e7f0db style_1 left-icon\" data-appear-animation=\"zoomIn\"><div class=\"porto-sicon-left\"><div class=\"porto-just-icon-wrapper porto-icon square\" style=\"color:#ffffff;background:#1e3452;font-size:25px;\"><i class=\"fas fa-chart-line\"><\/i><\/div><\/div><div class=\"porto-sicon-body\"><div class=\"porto-sicon-header\"><h3 class=\"porto-sicon-title\" style=\"\">Anal\u00edtica de datos<\/h3><p>Convertimos datos en informaci\u00f3n estrat\u00e9gica para tomar decisiones con claridad.<\/p><\/div> <!-- header --><\/div><\/div><!-- porto-sicon-box -->[\/vc_column_inner][vc_column_inner width=&#8221;1\/4&#8243;]<div class=\"porto-sicon-box  vc_custom_1776206315325 zoom servicios  wpb_custom_aeeca448663a0ebfcff24e74a3e7f0db style_1 left-icon\" data-appear-animation=\"zoomIn\"><div class=\"porto-sicon-left\"><div class=\"porto-just-icon-wrapper porto-icon square\" style=\"color:#ffffff;background:#1e3452;font-size:25px;\"><i class=\"fas fa-object-group\"><\/i><\/div><\/div><div class=\"porto-sicon-body\"><div class=\"porto-sicon-header\"><h3 class=\"porto-sicon-title\" style=\"\">Dise\u00f1o industrial y modelado 3d<\/h3><p>Brindamos servicios de dise\u00f1o 3D industrial y modelado en SolidWorks.<\/p><\/div> <!-- header --><\/div><\/div><!-- porto-sicon-box -->[\/vc_column_inner][\/vc_row_inner][\/vc_column][\/vc_row][vc_row content_placement=&#8221;middle&#8221; conditional_render=&#8221;%5B%7B%22value_role%22%3A%22administrator%22%7D%5D&#8221; css=&#8221;.vc_custom_1776170217949{margin-top: 5% !important;}&#8221;][vc_column width=&#8221;1\/2&#8243;][vc_single_image image=&#8221;120&#8243; img_size=&#8221;full&#8221; alignment=&#8221;center&#8221; animation_type=&#8221;fadeInLeft&#8221;][\/vc_column][vc_column width=&#8221;1\/2&#8243;][vc_column_text css_animation=&#8221;fadeInRight&#8221;]<\/p>\n<p style=\"font-size: 15pt; color: #275386; font-weight: 600;\">Consultor\u00eda empresarial<\/p>\n<p class=\"titulo\" style=\"font-size: 38pt; font-family: Montserrat; font-weight: bold; line-height: 1; text-align: left;\">Sobre nosotros<\/p>\n<p style=\"text-align: left;\">En SOS SAS, nos especializamos en brindar soluciones integrales en Salud y Seguridad en el trabajo. Nuestro compromiso es garantizar entornos laborales seguros y saludables, ayudando a las empresas a cumplir con la normativa vigente y a promover una cultura de prevenci\u00f3n.<\/p>\n<p style=\"text-align: left;\">Con un equipo de profesionales altamente capacitados, ofrecemos servicios de consultor\u00eda, capacitaci\u00f3n y auditor\u00eda, adaptados a las necesidades espec\u00edficas de cada cliente. En SOS SAS, trabajamos juntos para construir un futuro laboral seguro y sostenible.<\/p>\n<p>[\/vc_column_text][vc_column_text css_animation=&#8221;fadeInRight&#8221;]<\/p>\n<p style=\"text-align: left;\"><a style=\"text-decoration: none;\" href=\"#\" rel=\"noopener\"><span class=\"ver\">Ver m\u00e1s<\/span><\/a><\/p>\n<p>[\/vc_column_text][\/vc_column][\/vc_row][vc_row css=&#8221;.vc_custom_1776213414054{margin-top: 3% !important;padding-top: 3% !important;padding-right: 2% !important;padding-bottom: 2% !important;padding-left: 2% !important;background-color: #f2f2f2 !important;border-radius: 15px !important;}&#8221; conditional_render=&#8221;%5B%7B%22value_role%22%3A%22administrator%22%7D%5D&#8221;][vc_column width=&#8221;1\/3&#8243;]<div class=\"porto-sicon-box  wpb_custom_8380222e415be5fd555669766219aeef style_1 top-icon\" data-appear-animation=\"zoomIn\"><div class=\"porto-sicon-top\"><div class=\"porto-just-icon-wrapper porto-icon none\" style=\"color:#1e2e44;font-size:36px;\"><i class=\"fas fa-award\"><\/i><\/div><\/div><div class=\"porto-sicon-header\"><h3 class=\"porto-sicon-title\" style=\"\">Experiencia<\/h3><p>Hemos guiado a numerosas empresas, garantizando ambientes de trabajo seguros y conformes con la normativa vigente.<\/p><\/div> <!-- header --><\/div><!-- porto-sicon-box -->[\/vc_column][vc_column width=&#8221;1\/3&#8243; css=&#8221;.vc_custom_1776206414833{border-right-width: 2px !important;border-left-width: 2px !important;border-left-color: #efefef !important;border-left-style: solid !important;border-right-color: #efefef !important;border-right-style: solid !important;}&#8221; conditional_render=&#8221;%5B%7B%22value_role%22%3A%22administrator%22%7D%5D&#8221;]<div class=\"porto-sicon-box  wpb_custom_8380222e415be5fd555669766219aeef style_1 top-icon\" data-appear-animation=\"zoomIn\"><div class=\"porto-sicon-top\"><div class=\"porto-just-icon-wrapper porto-icon none\" style=\"color:#1e2e44;font-size:36px;\"><i class=\"fas fa-users-cog\"><\/i><\/div><\/div><div class=\"porto-sicon-header\"><h3 class=\"porto-sicon-title\" style=\"\">Profesionalismo<\/h3><p>Nos destacamos por nuestro compromiso inquebrantable con la excelencia y la integridad en cada proyecto.<\/p><\/div> <!-- header --><\/div><!-- porto-sicon-box -->[\/vc_column][vc_column width=&#8221;1\/3&#8243;]<div class=\"porto-sicon-box  wpb_custom_8380222e415be5fd555669766219aeef style_1 top-icon\" data-appear-animation=\"zoomIn\"><div class=\"porto-sicon-top\"><div class=\"porto-just-icon-wrapper porto-icon none\" style=\"color:#1e2e44;font-size:36px;\"><i class=\"fas fa-comments\"><\/i><\/div><\/div><div class=\"porto-sicon-header\"><h3 class=\"porto-sicon-title\" style=\"\">Asesor\u00eda<\/h3><p>Proveemos orientaci\u00f3n especializada y personalizada para ayudar a las empresas con su desarrollo.<\/p><\/div> <!-- header --><\/div><!-- porto-sicon-box -->[\/vc_column][\/vc_row][vc_row full_width=&#8221;stretch_row_content_no_spaces&#8221; css_animation=&#8221;zoomIn&#8221; el_class=&#8221;seo-block-home text-center color-white&#8221; css=&#8221;.vc_custom_1776207717651{margin-top: 5% !important;padding-right: 7% !important;padding-bottom: 7% !important;padding-left: 7% !important;}&#8221; conditional_render=&#8221;%5B%7B%22value_role%22%3A%22administrator%22%7D%5D&#8221;][vc_column width=&#8221;2\/3&#8243;][vc_column_text css_animation=&#8221;zoomIn&#8221;]<\/p>\n<p class=\"titulo\" style=\"font-size: 38pt; font-family: Montserrat; font-weight: bold; line-height: 1; text-align: left;\">Optimizamos sus procesos administrativos, sin aumentar su presupuesto.<\/p>\n<p>[\/vc_column_text][vc_column_text css_animation=&#8221;fadeInRight&#8221;]<\/p>\n<p style=\"text-align: left;\"><a style=\"text-decoration: none;\" href=\"#\" rel=\"noopener\"><span class=\"ver1\">Cont\u00e1ctanos<\/span><\/a><\/p>\n<p>[\/vc_column_text][\/vc_column][vc_column width=&#8221;1\/3&#8243;][\/vc_column][\/vc_row][vc_row css=&#8221;.vc_custom_1776212806939{margin-top: 5% !important;}&#8221; conditional_render=&#8221;%5B%7B%22value_role%22%3A%22administrator%22%7D%5D&#8221;][vc_column][vc_column_text css_animation=&#8221;zoomIn&#8221;]<\/p>\n<p class=\"titulo\" style=\"font-size: 38pt; font-family: Montserrat; font-weight: bold; line-height: 1; text-align: center;\">Nuestros aliados<\/p>\n<p>[\/vc_column_text]<div class=\"porto-carousel owl-carousel has-ccols has-ccols-spacing ccols-xl-4 ccols-lg-4 ccols-md-3 ccols-sm-2 ccols-1 stage-margin wpb_custom_2b101622bcd4d419ac52db12e3cda844 nav-pos-outside nav-style-1\" data-plugin-options=\"{&quot;themeConfig&quot;:true,&quot;stagePadding&quot;:30,&quot;margin&quot;:10,&quot;autoplay&quot;:&quot;yes&quot;,&quot;mouseDrag&quot;:true,&quot;touchDrag&quot;:true,&quot;autoplayTimeout&quot;:3000,&quot;autoplayHoverPause&quot;:false,&quot;items&quot;:4,&quot;xl&quot;:4,&quot;lg&quot;:4,&quot;md&quot;:3,&quot;sm&quot;:2,&quot;xs&quot;:1,&quot;nav&quot;:&quot;yes&quot;,&quot;dots&quot;:false,&quot;animateIn&quot;:&quot;&quot;,&quot;animateOut&quot;:&quot;&quot;,&quot;loop&quot;:&quot;yes&quot;,&quot;center&quot;:false,&quot;video&quot;:false,&quot;lazyLoad&quot;:false,&quot;fullscreen&quot;:false}\">[vc_single_image image=&#8221;163&#8243; img_size=&#8221;full&#8221; alignment=&#8221;center&#8221;][vc_single_image image=&#8221;162&#8243; img_size=&#8221;full&#8221; alignment=&#8221;center&#8221;][vc_single_image image=&#8221;161&#8243; img_size=&#8221;full&#8221; alignment=&#8221;center&#8221;][vc_single_image image=&#8221;160&#8243; img_size=&#8221;full&#8221; alignment=&#8221;center&#8221;][vc_single_image image=&#8221;163&#8243; img_size=&#8221;full&#8221; alignment=&#8221;center&#8221;][vc_single_image image=&#8221;162&#8243; img_size=&#8221;full&#8221; alignment=&#8221;center&#8221;][vc_single_image image=&#8221;161&#8243; img_size=&#8221;full&#8221; alignment=&#8221;center&#8221;][vc_single_image image=&#8221;160&#8243; img_size=&#8221;full&#8221; alignment=&#8221;center&#8221;]<\/div>[\/vc_column][\/vc_row][vc_row full_width=&#8221;stretch_row_content_no_spaces&#8221; content_placement=&#8221;middle&#8221; conditional_render=&#8221;%5B%7B%22value_role%22%3A%22administrator%22%7D%5D&#8221; css=&#8221;.vc_custom_1776258582818{margin-top: 4% !important;margin-bottom: -4% !important;}&#8221;][vc_column width=&#8221;1\/2&#8243; css=&#8221;.vc_custom_1776213976910{padding-top: 6% !important;padding-bottom: 6% !important;background-image: url(https:\/\/ecoweb.com.co\/sossas\/wp-content\/uploads\/2026\/04\/Consultoria-empresarial.png?id=169) !important;background-position: center !important;background-repeat: no-repeat !important;background-size: cover !important;}&#8221; conditional_render=&#8221;%5B%7B%22value_role%22%3A%22administrator%22%7D%5D&#8221;][\/vc_column][vc_column width=&#8221;1\/2&#8243; css=&#8221;.vc_custom_1776258324568{padding-top: 4% !important;padding-right: 4% !important;padding-bottom: 4% !important;padding-left: 4% !important;background-color: #fcfcfc !important;}&#8221; conditional_render=&#8221;%5B%7B%22value_role%22%3A%22administrator%22%7D%5D&#8221;][vc_column_text css_animation=&#8221;zoomIn&#8221;]<\/p>\n<p class=\"titulo\" style=\"font-size: 38pt; font-family: Montserrat; font-weight: bold; line-height: 1; text-align: left;\">Pasos para unirte<\/p>\n<p>[\/vc_column_text]<div class=\"porto-sicon-box  vc_custom_1776214245250  wpb_custom_63b14199e5cfc7f8a1d32c70512d9f12 style_1 left-icon\" data-appear-animation=\"zoomIn\"><div class=\"porto-sicon-left\"><div class=\"porto-just-icon-wrapper porto-icon square\" style=\"color:#ffffff;background:#1e3452;font-size:25px;\"><i class=\"fas fa-tty\"><\/i><\/div><\/div><div class=\"porto-sicon-body\"><div class=\"porto-sicon-header\"><h3 class=\"porto-sicon-title\" style=\"\">Contacta con Nosotros<\/h3><\/div> <!-- header --><div class=\"porto-sicon-description\" style=\"\"><strong>Lineas de atenci\u00f3n: <\/strong>(+57) 321 436 8799 &#8211; (+57) 311 280 9214<br \/>\n<strong>Pagina web: <\/strong>www.sossas.com.co<br \/>\n<strong>Correo electronico:<\/strong>info@sossas.com.co<\/div> <!-- description --><\/div><\/div><!-- porto-sicon-box --><div class=\"porto-sicon-box  vc_custom_1776214325626  wpb_custom_63b14199e5cfc7f8a1d32c70512d9f12 style_1 left-icon\" data-appear-animation=\"zoomIn\"><div class=\"porto-sicon-left\"><div class=\"porto-just-icon-wrapper porto-icon square\" style=\"color:#ffffff;background:#1e3452;font-size:25px;\"><i class=\"far fa-comments\"><\/i><\/div><\/div><div class=\"porto-sicon-body\"><div class=\"porto-sicon-header\"><h3 class=\"porto-sicon-title\" style=\"\">Consulta Inicial<\/h3><\/div> <!-- header --><div class=\"porto-sicon-description\" style=\"\">Nuestros asesores especializados se contactaran contigo<\/div> <!-- description --><\/div><\/div><!-- porto-sicon-box --><div class=\"porto-sicon-box  vc_custom_1776214448827  wpb_custom_63b14199e5cfc7f8a1d32c70512d9f12 style_1 left-icon\" data-appear-animation=\"zoomIn\"><div class=\"porto-sicon-left\"><div class=\"porto-just-icon-wrapper porto-icon square\" style=\"color:#ffffff;background:#1e3452;font-size:25px;\"><i class=\"far fa-file-alt\"><\/i><\/div><\/div><div class=\"porto-sicon-body\"><div class=\"porto-sicon-header\"><h3 class=\"porto-sicon-title\" style=\"\">Evaluaci\u00f3n Personalizada<\/h3><\/div> <!-- header --><div class=\"porto-sicon-description\" style=\"\">Se agendar\u00e1 una reuni\u00f3n virtual para conocer a detalle tu necesidad<\/div> <!-- description --><\/div><\/div><!-- porto-sicon-box --><div class=\"porto-sicon-box  vc_custom_1776214516447  wpb_custom_63b14199e5cfc7f8a1d32c70512d9f12 style_1 left-icon\" data-appear-animation=\"zoomIn\"><div class=\"porto-sicon-left\"><div class=\"porto-just-icon-wrapper porto-icon square\" style=\"color:#ffffff;background:#1e3452;font-size:25px;\"><i class=\"fas fa-search\"><\/i><\/div><\/div><div class=\"porto-sicon-body\"><div class=\"porto-sicon-header\"><h3 class=\"porto-sicon-title\" style=\"\">Revisi\u00f3n y aprobaci\u00f3n<\/h3><\/div> <!-- header --><div class=\"porto-sicon-description\" style=\"\">Enviaremos a tu correo el plan de trabajo personalizado a tus necesidades junto con nuestra tarifa de servicios<\/div> <!-- description --><\/div><\/div><!-- porto-sicon-box --><div class=\"porto-sicon-box  vc_custom_1776214575589  wpb_custom_63b14199e5cfc7f8a1d32c70512d9f12 style_1 left-icon\" data-appear-animation=\"zoomIn\"><div class=\"porto-sicon-left\"><div class=\"porto-just-icon-wrapper porto-icon square\" style=\"color:#ffffff;background:#1e3452;font-size:25px;\"><i class=\"fas fa-chart-line\"><\/i><\/div><\/div><div class=\"porto-sicon-body\"><div class=\"porto-sicon-header\"><h3 class=\"porto-sicon-title\" style=\"\">Implementaci\u00f3n y Seguimiento<\/h3><\/div> <!-- header --><div class=\"porto-sicon-description\" style=\"\">Firma el acuerdo de servicio y confidencialidad y comienza a beneficiarte de nuestra asesor\u00eda experta<\/div> <!-- description --><\/div><\/div><!-- porto-sicon-box -->[\/vc_column][\/vc_row]<\/p>\n<\/div>","protected":false},"excerpt":{"rendered":"<p>[vc_row full_width=&#8221;stretch_row_content_no_spaces&#8221; css=&#8221;.vc_custom_1776083815480{margin-top: -20px !important;}&#8221; conditional_render=&#8221;%5B%7B%22value_role%22%3A%22administrator%22%7D%5D&#8221;][vc_column][rev_slider_vc alias=&#8221;incio&#8221;][\/vc_column][\/vc_row][vc_row full_width=&#8221;stretch_row_content_no_spaces&#8221; css=&#8221;.vc_custom_1776126037863{margin-top: 3% !important;padding-right: 3% !important;padding-left: 3% !important;}&#8221; conditional_render=&#8221;%5B%7B%22value_role%22%3A%22administrator%22%7D%5D&#8221;][vc_column][vc_column_text css_animation=&#8221;zoomIn&#8221;] Nuestros servicios Nos enfocamos en reducir los costos de las pymes [\/vc_column_text][vc_row_inner][vc_column_inner width=&#8221;1\/4&#8243;][\/vc_column_inner][vc_column_inner width=&#8221;1\/4&#8243;][\/vc_column_inner][vc_column_inner width=&#8221;1\/4&#8243;][\/vc_column_inner][vc_column_inner width=&#8221;1\/4&#8243;][\/vc_column_inner][\/vc_row_inner][vc_row_inner][vc_column_inner width=&#8221;1\/4&#8243;][\/vc_column_inner][vc_column_inner width=&#8221;1\/4&#8243;][\/vc_column_inner][vc_column_inner width=&#8221;1\/4&#8243;][\/vc_column_inner][vc_column_inner width=&#8221;1\/4&#8243;][\/vc_column_inner][\/vc_row_inner][\/vc_column][\/vc_row][vc_row content_placement=&#8221;middle&#8221; conditional_render=&#8221;%5B%7B%22value_role%22%3A%22administrator%22%7D%5D&#8221; css=&#8221;.vc_custom_1776170217949{margin-top: 5% !important;}&#8221;][vc_column width=&#8221;1\/2&#8243;][vc_single_image image=&#8221;120&#8243; img_size=&#8221;full&#8221; alignment=&#8221;center&#8221; animation_type=&#8221;fadeInLeft&#8221;][\/vc_column][vc_column width=&#8221;1\/2&#8243;][vc_column_text css_animation=&#8221;fadeInRight&#8221;] Consultor\u00eda empresarial Sobre nosotros En SOS [&hellip;]<\/p>\n","protected":false},"author":1,"featured_media":0,"parent":0,"menu_order":0,"comment_status":"closed","ping_status":"closed","template":"","meta":{"_joinchat":[],"footnotes":""},"class_list":["post-7","page","type-page","status-publish","hentry"],"_links":{"self":[{"href":"https:\/\/ecoweb.com.co\/sossas\/wp-json\/wp\/v2\/pages\/7","targetHints":{"allow":["GET"]}}],"collection":[{"href":"https:\/\/ecoweb.com.co\/sossas\/wp-json\/wp\/v2\/pages"}],"about":[{"href":"https:\/\/ecoweb.com.co\/sossas\/wp-json\/wp\/v2\/types\/page"}],"author":[{"embeddable":true,"href":"https:\/\/ecoweb.com.co\/sossas\/wp-json\/wp\/v2\/users\/1"}],"replies":[{"embeddable":true,"href":"https:\/\/ecoweb.com.co\/sossas\/wp-json\/wp\/v2\/comments?post=7"}],"version-history":[{"count":71,"href":"https:\/\/ecoweb.com.co\/sossas\/wp-json\/wp\/v2\/pages\/7\/revisions"}],"predecessor-version":[{"id":190,"href":"https:\/\/ecoweb.com.co\/sossas\/wp-json\/wp\/v2\/pages\/7\/revisions\/190"}],"wp:attachment":[{"href":"https:\/\/ecoweb.com.co\/sossas\/wp-json\/wp\/v2\/media?parent=7"}],"curies":[{"name":"wp","href":"https:\/\/api.w.org\/{rel}","templated":true}]}}