{"id":14,"date":"2026-04-13T06:51:28","date_gmt":"2026-04-13T11:51:28","guid":{"rendered":"https:\/\/ecoweb.com.co\/sossas\/?page_id=14"},"modified":"2026-04-15T17:59:47","modified_gmt":"2026-04-15T22:59:47","slug":"outsourcing-administrativo-y-nomina","status":"publish","type":"page","link":"https:\/\/ecoweb.com.co\/sossas\/outsourcing-administrativo-y-nomina\/","title":{"rendered":"Outsourcing administrativo y nomina"},"content":{"rendered":"<div class=\"wpb-content-wrapper\"><p>[vc_row content_placement=&#8221;middle&#8221; conditional_render=&#8221;%5B%7B%22value_role%22%3A%22administrator%22%7D%5D&#8221; css=&#8221;.vc_custom_1776291134537{margin-top: 3% !important;}&#8221;][vc_column width=&#8221;1\/2&#8243;][vc_single_image image=&#8221;223&#8243; img_size=&#8221;full&#8221; alignment=&#8221;center&#8221; style=&#8221;vc_box_rounded&#8221; animation_type=&#8221;fadeInLeft&#8221;][\/vc_column][vc_column width=&#8221;1\/2&#8243;][vc_column_text css_animation=&#8221;fadeInRight&#8221;]<\/p>\n<p class=\"subtitulo\" style=\"font-size: 28pt; font-family: Montserrat; font-weight: bold; line-height: 1; text-align: left;\">Outsourcing administrativo y nomina<\/p>\n<p style=\"text-align: left;\">Optimizamos los procesos administrativos para que su empresa opere con orden, cumplimiento y eficiencia.<\/p>\n<p>[\/vc_column_text]<div class=\"porto-sicon-box  vc_custom_1776293985503  wpb_custom_a68e67044eae5d6c4482609eea838eb8 style_1 default-icon flex-wrap\" data-appear-animation=\"fadeInRight\"><div class=\"porto-sicon-default\"><div class=\"porto-just-icon-wrapper porto-icon none\" style=\"color:#1d2d44;font-size:28px;\"><i class=\"fas fa-chart-pie\"><\/i><\/div><\/div><div class=\"porto-sicon-header\"><h3 class=\"porto-sicon-title\" style=\"\">Servicios clave<\/h3><\/div> <!-- header --><div class=\"porto-sicon-description\" style=\"\">\u2022 Elaboraci\u00f3n y liquidaci\u00f3n de n\u00f3mina<br \/>\n\u2022 Elaboraci\u00f3n y liquidaci\u00f3n de seguridad social PILA<br \/>\n\u2022 Control en procesos administrativos<br \/>\n\u2022 Auditoria en compras, n\u00f3mina y caja<br \/>\n\u2022 Soporte administrativo y toma de decisiones<\/div> <!-- description --><\/div><!-- porto-sicon-box -->[vc_column_text css_animation=&#8221;fadeInRight&#8221; css=&#8221;.vc_custom_1776292840219{margin-top: 3% !important;}&#8221;]<\/p>\n<p style=\"text-align: left;\"><a style=\"text-decoration: none;\" href=\"https:\/\/api.whatsapp.com\/send\/?phone=573112809214&amp;text=Hola%2C+quiero+m%C3%A1s+informaci%C3%B3n+sobre+Outsourcing+administrativo+y+nomina&amp;type=phone_number&amp;app_absent=0\" target=\"_blank\" rel=\"noopener\"><span class=\"ver\">Cotizar servicio<\/span><\/a><\/p>\n<p>[\/vc_column_text][\/vc_column][\/vc_row]<\/p>\n<\/div>","protected":false},"excerpt":{"rendered":"<p>[vc_row content_placement=&#8221;middle&#8221; conditional_render=&#8221;%5B%7B%22value_role%22%3A%22administrator%22%7D%5D&#8221; css=&#8221;.vc_custom_1776291134537{margin-top: 3% !important;}&#8221;][vc_column width=&#8221;1\/2&#8243;][vc_single_image image=&#8221;223&#8243; img_size=&#8221;full&#8221; alignment=&#8221;center&#8221; style=&#8221;vc_box_rounded&#8221; animation_type=&#8221;fadeInLeft&#8221;][\/vc_column][vc_column width=&#8221;1\/2&#8243;][vc_column_text css_animation=&#8221;fadeInRight&#8221;] Outsourcing administrativo y nomina Optimizamos los procesos administrativos para que su empresa opere con orden, cumplimiento y eficiencia. [\/vc_column_text][vc_column_text css_animation=&#8221;fadeInRight&#8221; css=&#8221;.vc_custom_1776292840219{margin-top: 3% !important;}&#8221;] Cotizar servicio [\/vc_column_text][\/vc_column][\/vc_row]<\/p>\n","protected":false},"author":1,"featured_media":0,"parent":0,"menu_order":0,"comment_status":"closed","ping_status":"closed","template":"","meta":{"_joinchat":[],"footnotes":""},"class_list":["post-14","page","type-page","status-publish","hentry"],"_links":{"self":[{"href":"https:\/\/ecoweb.com.co\/sossas\/wp-json\/wp\/v2\/pages\/14","targetHints":{"allow":["GET"]}}],"collection":[{"href":"https:\/\/ecoweb.com.co\/sossas\/wp-json\/wp\/v2\/pages"}],"about":[{"href":"https:\/\/ecoweb.com.co\/sossas\/wp-json\/wp\/v2\/types\/page"}],"author":[{"embeddable":true,"href":"https:\/\/ecoweb.com.co\/sossas\/wp-json\/wp\/v2\/users\/1"}],"replies":[{"embeddable":true,"href":"https:\/\/ecoweb.com.co\/sossas\/wp-json\/wp\/v2\/comments?post=14"}],"version-history":[{"count":6,"href":"https:\/\/ecoweb.com.co\/sossas\/wp-json\/wp\/v2\/pages\/14\/revisions"}],"predecessor-version":[{"id":249,"href":"https:\/\/ecoweb.com.co\/sossas\/wp-json\/wp\/v2\/pages\/14\/revisions\/249"}],"wp:attachment":[{"href":"https:\/\/ecoweb.com.co\/sossas\/wp-json\/wp\/v2\/media?parent=14"}],"curies":[{"name":"wp","href":"https:\/\/api.w.org\/{rel}","templated":true}]}}