{"id":10,"date":"2026-04-13T06:50:29","date_gmt":"2026-04-13T11:50:29","guid":{"rendered":"https:\/\/ecoweb.com.co\/sossas\/?page_id=10"},"modified":"2026-04-15T17:35:55","modified_gmt":"2026-04-15T22:35:55","slug":"servicios-contables","status":"publish","type":"page","link":"https:\/\/ecoweb.com.co\/sossas\/servicios-contables\/","title":{"rendered":"Servicios contables"},"content":{"rendered":"<div class=\"wpb-content-wrapper\"><p>[vc_row content_placement=&#8221;middle&#8221; conditional_render=&#8221;%5B%7B%22value_role%22%3A%22administrator%22%7D%5D&#8221; css=&#8221;.vc_custom_1776291134537{margin-top: 3% !important;}&#8221;][vc_column width=&#8221;1\/2&#8243;][vc_single_image image=&#8221;210&#8243; img_size=&#8221;full&#8221; alignment=&#8221;center&#8221; style=&#8221;vc_box_rounded&#8221; animation_type=&#8221;fadeInLeft&#8221; label=&#8221;&#8221;][\/vc_column][vc_column width=&#8221;1\/2&#8243;][vc_column_text css_animation=&#8221;fadeInRight&#8221;]<\/p>\n<p class=\"subtitulo\" style=\"font-size: 28pt; font-family: Montserrat; font-weight: bold; line-height: 1; text-align: left;\">Servicios contables<\/p>\n<p style=\"text-align: left;\">Organizamos la informaci\u00f3n financiera para que su empresa opere con claridad, cumplimento y soporte t\u00e9cnico en cada decisi\u00f3n.<\/p>\n<p>[\/vc_column_text]<div class=\"porto-sicon-box  vc_custom_1776292499094  wpb_custom_a68e67044eae5d6c4482609eea838eb8 style_1 default-icon flex-wrap\" data-appear-animation=\"fadeInRight\"><div class=\"porto-sicon-default\"><div class=\"porto-just-icon-wrapper porto-icon none\" style=\"color:#1d2d44;font-size:28px;\"><i class=\"fas fa-calculator\"><\/i><\/div><\/div><div class=\"porto-sicon-header\"><h3 class=\"porto-sicon-title\" style=\"\">Servicios clave<\/h3><\/div> <!-- header --><div class=\"porto-sicon-description\" style=\"\">\u2022 Registro de la contable mensual<br \/>\n\u2022 Elaboraci\u00f3n de estados financieros<br \/>\n\u2022 Asesor\u00eda de contador externo<br \/>\n\u2022 An\u00e1lisis financiero para pymes<br \/>\n\u2022 Asesor\u00eda gerencial<\/div> <!-- description --><\/div><!-- porto-sicon-box -->[vc_column_text css_animation=&#8221;fadeInRight&#8221; css=&#8221;.vc_custom_1776292552479{margin-top: 3% !important;}&#8221;]<\/p>\n<p style=\"text-align: left;\"><a style=\"text-decoration: none;\" href=\"https:\/\/api.whatsapp.com\/send\/?phone=573112809214&amp;text=Hola%2C+quiero+m%C3%A1s+informaci%C3%B3n+sobre+Servicios+contables&amp;type=phone_number&amp;app_absent=0\" target=\"_blank\" rel=\"noopener\"><span class=\"ver\">Cotizar servicio<\/span><\/a><\/p>\n<p>[\/vc_column_text][\/vc_column][\/vc_row]<\/p>\n<\/div>","protected":false},"excerpt":{"rendered":"<p>[vc_row content_placement=&#8221;middle&#8221; conditional_render=&#8221;%5B%7B%22value_role%22%3A%22administrator%22%7D%5D&#8221; css=&#8221;.vc_custom_1776291134537{margin-top: 3% !important;}&#8221;][vc_column width=&#8221;1\/2&#8243;][vc_single_image image=&#8221;210&#8243; img_size=&#8221;full&#8221; alignment=&#8221;center&#8221; style=&#8221;vc_box_rounded&#8221; animation_type=&#8221;fadeInLeft&#8221; label=&#8221;&#8221;][\/vc_column][vc_column width=&#8221;1\/2&#8243;][vc_column_text css_animation=&#8221;fadeInRight&#8221;] Servicios contables Organizamos la informaci\u00f3n financiera para que su empresa opere con claridad, cumplimento y soporte t\u00e9cnico en cada decisi\u00f3n. [\/vc_column_text][vc_column_text css_animation=&#8221;fadeInRight&#8221; css=&#8221;.vc_custom_1776292552479{margin-top: 3% !important;}&#8221;] Cotizar servicio [\/vc_column_text][\/vc_column][\/vc_row]<\/p>\n","protected":false},"author":1,"featured_media":0,"parent":0,"menu_order":0,"comment_status":"closed","ping_status":"closed","template":"","meta":{"_joinchat":[],"footnotes":""},"class_list":["post-10","page","type-page","status-publish","hentry"],"_links":{"self":[{"href":"https:\/\/ecoweb.com.co\/sossas\/wp-json\/wp\/v2\/pages\/10","targetHints":{"allow":["GET"]}}],"collection":[{"href":"https:\/\/ecoweb.com.co\/sossas\/wp-json\/wp\/v2\/pages"}],"about":[{"href":"https:\/\/ecoweb.com.co\/sossas\/wp-json\/wp\/v2\/types\/page"}],"author":[{"embeddable":true,"href":"https:\/\/ecoweb.com.co\/sossas\/wp-json\/wp\/v2\/users\/1"}],"replies":[{"embeddable":true,"href":"https:\/\/ecoweb.com.co\/sossas\/wp-json\/wp\/v2\/comments?post=10"}],"version-history":[{"count":7,"href":"https:\/\/ecoweb.com.co\/sossas\/wp-json\/wp\/v2\/pages\/10\/revisions"}],"predecessor-version":[{"id":215,"href":"https:\/\/ecoweb.com.co\/sossas\/wp-json\/wp\/v2\/pages\/10\/revisions\/215"}],"wp:attachment":[{"href":"https:\/\/ecoweb.com.co\/sossas\/wp-json\/wp\/v2\/media?parent=10"}],"curies":[{"name":"wp","href":"https:\/\/api.w.org\/{rel}","templated":true}]}}