{"id":467,"date":"2025-12-15T14:22:25","date_gmt":"2025-12-15T19:22:25","guid":{"rendered":"https:\/\/ecoweb.com.co\/servicios3d\/?page_id=467"},"modified":"2025-12-15T16:09:09","modified_gmt":"2025-12-15T21:09:09","slug":"turismo-virtual","status":"publish","type":"page","link":"https:\/\/ecoweb.com.co\/servicios3d\/turismo-virtual\/","title":{"rendered":"Turismo virtual"},"content":{"rendered":"<div class=\"wpb-content-wrapper\"><p>[vc_row content_placement=&#8221;middle&#8221; css=&#8221;.vc_custom_1765583811389{margin-top: 4% !important;}&#8221; conditional_render=&#8221;%5B%7B%22value_role%22%3A%22administrator%22%7D%5D&#8221;][vc_column width=&#8221;1\/2&#8243; css=&#8221;.vc_custom_1765453114802{padding-right: 2% !important;}&#8221; conditional_render=&#8221;%5B%7B%22value_role%22%3A%22administrator%22%7D%5D&#8221;][vc_column_text]<\/p>\n<p class=\"titulo\" style=\"text-align: left; font-size: 30pt; font-weight: bold; line-height: 1;\">Vive una Experiencia Inmersiva en VR<\/p>\n<p>[\/vc_column_text][vc_column_text css=&#8221;.vc_custom_1765829116846{margin-top: -2% !important;}&#8221;]<\/p>\n<p style=\"text-align: left; font-size: 12pt;\">Este innovador proyecto tiene como objetivo promocionar el turismo en las regiones de San Roque y Puerto Berr\u00edo a trav\u00e9s de una plataforma de recorridos virtuales inmersivos. Ambas localidades, ubicadas en la regi\u00f3n del Nordeste Antioque\u00f1o y la ribera del r\u00edo Magdalena, respectivamente, cuentan con un patrimonio natural y cultural excepcional que est\u00e1 listo para ser explorado de forma virtual por turistas de todo el mundo.<\/p>\n<p>[\/vc_column_text][vc_column_text]<\/p>\n<p style=\"text-align: left;\"><a style=\"text-decoration: none;\" href=\"https:\/\/api.whatsapp.com\/send\/?phone=573052365070&amp;text=Hola+%2AServicios+3D%2A.+Necesito+m%C3%A1s+informaci%C3%B3n+sobre+Turismo+virtual&amp;type=phone_number&amp;app_absent=0\" rel=\"noopener\"><span class=\"ver\">M\u00e1s informaci\u00f3n<\/span><\/a><\/p>\n<p>[\/vc_column_text][\/vc_column][vc_column width=&#8221;1\/2&#8243;][vc_single_image image=&#8221;477&#8243; img_size=&#8221;full&#8221; alignment=&#8221;center&#8221;][\/vc_column][\/vc_row][vc_row full_width=&#8221;stretch_row_content_no_spaces&#8221; css_animation=&#8221;zoomIn&#8221; el_class=&#8221;seo2-block-home text-center color-white&#8221; css=&#8221;.vc_custom_1765830434394{margin-top: 2% !important;padding-bottom: 7% !important;}&#8221; conditional_render=&#8221;%5B%7B%22value_role%22%3A%22administrator%22%7D%5D&#8221;][vc_column width=&#8221;1\/6&#8243;][\/vc_column][vc_column width=&#8221;2\/3&#8243;][vc_column_text]<\/p>\n<p class=\"titulo\" style=\"font-size: 25pt; font-weight: bold; line-height: 1; text-align: center;\">\u201cExplora la riqueza natural y cultural de Antioquia a trav\u00e9s de un recorrido virtual inmersivo que te llevar\u00e1 a los rincones m\u00e1s bellos&#8221;<\/p>\n<p>[\/vc_column_text][\/vc_column][vc_column width=&#8221;1\/6&#8243;][\/vc_column][\/vc_row][vc_row content_placement=&#8221;middle&#8221; conditional_render=&#8221;%5B%7B%22value_role%22%3A%22administrator%22%7D%5D&#8221; css=&#8221;.vc_custom_1765830976090{margin-top: 5% !important;}&#8221;][vc_column width=&#8221;1\/3&#8243; css=&#8221;.vc_custom_1765453114802{padding-right: 2% !important;}&#8221; conditional_render=&#8221;%5B%7B%22value_role%22%3A%22administrator%22%7D%5D&#8221;][vc_single_image image=&#8221;488&#8243; img_size=&#8221;full&#8221; alignment=&#8221;center&#8221; label=&#8221;&#8221;][\/vc_column][vc_column width=&#8221;2\/3&#8243;][vc_column_text]<\/p>\n<p class=\"titulo\" style=\"text-align: left; font-size: 25pt; font-weight: bold; line-height: 1;\">Caracter\u00edsticas Principales\n<\/p>\n<p>[\/vc_column_text][vc_column_text css=&#8221;.vc_custom_1765830890471{margin-top: -2% !important;}&#8221;]<\/p>\n<p style=\"text-align: left; font-size: 12pt;\">\u2022\tRecorridos virtuales interactivos de los destinos m\u00e1s emblem\u00e1ticos.<br \/>\n\u2022\tContenido multimedia de alta calidad, incluyendo im\u00e1genes, videos y descripciones detalladas.<br \/>\n\u2022\tExperiencia inmersiva accesible desde cualquier ubicaci\u00f3n geogr\u00e1fica.<br \/>\n\u2022\tColaboraci\u00f3n con empresas locales y actores clave del turismo para garantizar la sostenibilidad del proyecto.\n<\/p>\n<p>[\/vc_column_text][\/vc_column][\/vc_row][vc_row full_width=&#8221;stretch_row_content_no_spaces&#8221; content_placement=&#8221;middle&#8221; css=&#8221;.vc_custom_1765831737218{margin-top: 3% !important;}&#8221; conditional_render=&#8221;%5B%7B%22value_role%22%3A%22administrator%22%7D%5D&#8221;][vc_column width=&#8221;1\/2&#8243; css=&#8221;.vc_custom_1765831801720{padding-top: 5% !important;padding-right: 3% !important;padding-bottom: 3% !important;padding-left: 3% !important;background-color: #f2f2f2 !important;}&#8221; conditional_render=&#8221;%5B%7B%22value_role%22%3A%22administrator%22%7D%5D&#8221;][vc_column_text]<\/p>\n<p class=\"titulo\" style=\"text-align: left; font-size: 25pt; font-weight: bold; line-height: 1;\">San Roque Antioquia<\/p>\n<p>[\/vc_column_text][vc_column_text css=&#8221;.vc_custom_1765831476958{margin-top: -2% !important;}&#8221;]<\/p>\n<p style=\"text-align: left; font-size: 12pt;\">la regi\u00f3n destaca por su tradici\u00f3n cultural y sus proyectos de turismo de naturaleza que buscan preservar y mostrar la belleza de la regi\u00f3n. Ahora, con nuestro recorrido virtual, los usuarios podr\u00e1n experimentar la belleza de sus paisajes y la calidez de su gente desde cualquier parte del mundo.<\/p>\n<p>[\/vc_column_text][vc_single_image image=&#8221;497&#8243; img_size=&#8221;full&#8221; alignment=&#8221;center&#8221; onclick=&#8221;custom_link&#8221; img_link_target=&#8221;_blank&#8221; label=&#8221;&#8221; link=&#8221;https:\/\/sanroque.tours360.co\/&#8221;][\/vc_column][vc_column width=&#8221;1\/2&#8243; css=&#8221;.vc_custom_1765831778729{padding-top: 4% !important;padding-bottom: 3% !important;background-image: url(https:\/\/ecoweb.com.co\/servicios3d\/wp-content\/uploads\/2025\/12\/sanroque.avif?id=495) !important;background-position: center !important;background-repeat: no-repeat !important;background-size: cover !important;}&#8221; conditional_render=&#8221;%5B%7B%22value_role%22%3A%22administrator%22%7D%5D&#8221;][\/vc_column][\/vc_row][vc_row full_width=&#8221;stretch_row_content_no_spaces&#8221; content_placement=&#8221;middle&#8221; conditional_render=&#8221;%5B%7B%22value_role%22%3A%22administrator%22%7D%5D&#8221;][vc_column width=&#8221;1\/2&#8243; css=&#8221;.vc_custom_1765832011703{padding-top: 4% !important;padding-bottom: 3% !important;background-image: url(https:\/\/ecoweb.com.co\/servicios3d\/wp-content\/uploads\/2025\/12\/puerto-berrio.avif?id=501) !important;background-position: center !important;background-repeat: no-repeat !important;background-size: cover !important;}&#8221; conditional_render=&#8221;%5B%7B%22value_role%22%3A%22administrator%22%7D%5D&#8221;][\/vc_column][vc_column width=&#8221;1\/2&#8243; css=&#8221;.vc_custom_1765831801720{padding-top: 5% !important;padding-right: 3% !important;padding-bottom: 3% !important;padding-left: 3% !important;background-color: #f2f2f2 !important;}&#8221; conditional_render=&#8221;%5B%7B%22value_role%22%3A%22administrator%22%7D%5D&#8221;][vc_column_text]<\/p>\n<p class=\"titulo\" style=\"text-align: left; font-size: 25pt; font-weight: bold; line-height: 1;\">Puerto Berrio Antioquia<\/p>\n<p>[\/vc_column_text][vc_column_text css=&#8221;.vc_custom_1765831900326{margin-top: -2% !important;}&#8221;]<\/p>\n<p style=\"text-align: left; font-size: 12pt;\">Puerto Berr\u00edo, por su parte, es un punto clave en la conexi\u00f3n entre el Magdalena Medio y el Nordeste Antioque\u00f1o. Su historia, profundamente ligada al r\u00edo Magdalena, lo convierte en un destino tur\u00edstico de gran valor cultural. A trav\u00e9s del recorrido virtual, los visitantes podr\u00e1n navegar y descubrir la riqueza de esta regi\u00f3n desde una perspectiva completamente nueva.<\/p>\n<p>[\/vc_column_text][vc_single_image image=&#8221;502&#8243; img_size=&#8221;full&#8221; alignment=&#8221;center&#8221; onclick=&#8221;custom_link&#8221; img_link_target=&#8221;_blank&#8221; label=&#8221;&#8221; link=&#8221;https:\/\/puertoberrio.tours360.co\/&#8221;][\/vc_column][\/vc_row][vc_row full_width=&#8221;stretch_row_content_no_spaces&#8221; css=&#8221;.vc_custom_1765832421250{margin-top: 6% !important;padding-right: 3% !important;padding-left: 3% !important;}&#8221; conditional_render=&#8221;%5B%7B%22value_role%22%3A%22administrator%22%7D%5D&#8221;][vc_column][vc_column_text]<\/p>\n<p class=\"titulo\" style=\"font-size: 30pt; font-weight: bold; line-height: 1; text-align: center;\">Objetivo<\/p>\n<p>[\/vc_column_text][vc_row_inner][vc_column_inner width=&#8221;1\/4&#8243;]<div class=\"porto-sicon-box bloque  wpb_custom_b29135b514df20cf3bdbf7820a3ed018 style_1 top-icon\"><div class=\"porto-sicon-top\"><div class=\"porto-just-icon-wrapper porto-icon none\" style=\"font-size:32px;\"><i class=\"far fa-thumbs-up\"><\/i><\/div><\/div><div class=\"porto-sicon-header\"><h3 class=\"porto-sicon-title\" style=\"\">Implementaci\u00f3n - Experiencia<\/h3><p>Generar capacidades en la gesti\u00f3n integral del turismo a trav\u00e9s de la implementaci\u00f3n de una herramienta tecnol\u00f3gica innovadora que permita la difusi\u00f3n de la oferta tur\u00edstica de San Roque y Puerto Berr\u00edo. La plataforma proporcionar\u00e1 una experiencia inmersiva que impulsar\u00e1 el desarrollo econ\u00f3mico, cultural y tur\u00edstico de la regi\u00f3n.<\/p><\/div> <!-- header --><\/div><!-- porto-sicon-box -->[\/vc_column_inner][vc_column_inner width=&#8221;1\/4&#8243;]<div class=\"porto-sicon-box  vc_custom_1765832866826 bloque  wpb_custom_b29135b514df20cf3bdbf7820a3ed018 style_1 top-icon\"><div class=\"porto-sicon-top\"><div class=\"porto-just-icon-wrapper porto-icon none\" style=\"font-size:32px;\"><i class=\"fas fa-comment-dollar\"><\/i><\/div><\/div><div class=\"porto-sicon-header\"><h3 class=\"porto-sicon-title\" style=\"\">Innovaci\u00f3n - Econ\u00f3mico<\/h3><p>Fomentar la innovaci\u00f3n y el desarrollo econ\u00f3mico a trav\u00e9s de una plataforma tecnol\u00f3gica avanzada. Esta herramienta revolucionaria potenciar\u00e1 la econom\u00eda local y la oferta tur\u00edstica, creando nuevas oportunidades para el crecimiento sostenible de la regi\u00f3n.<\/p><\/div> <!-- header --><\/div><!-- porto-sicon-box -->[\/vc_column_inner][vc_column_inner width=&#8221;1\/4&#8243;]<div class=\"porto-sicon-box  vc_custom_1765832876712 bloque  wpb_custom_b29135b514df20cf3bdbf7820a3ed018 style_1 top-icon\"><div class=\"porto-sicon-top\"><div class=\"porto-just-icon-wrapper porto-icon none\" style=\"font-size:32px;\"><i class=\"fas fa-check-double\"><\/i><\/div><\/div><div class=\"porto-sicon-header\"><h3 class=\"porto-sicon-title\" style=\"\">Desarrollo Cultural<\/h3><p>Impulsar el desarrollo cultural y tur\u00edstico de la regi\u00f3n mediante la implementaci\u00f3n de tecnolog\u00eda innovadora. La plataforma ofrecer\u00e1 una experiencia enriquecedora para los visitantes, promoviendo as\u00ed el crecimiento econ\u00f3mico y cultural de San Roque y Puerto Berr\u00edo.<\/p><\/div> <!-- header --><\/div><!-- porto-sicon-box -->[\/vc_column_inner][vc_column_inner width=&#8221;1\/4&#8243;]<div class=\"porto-sicon-box  vc_custom_1765832947341 bloque  wpb_custom_b29135b514df20cf3bdbf7820a3ed018 style_1 top-icon\"><div class=\"porto-sicon-top\"><div class=\"porto-just-icon-wrapper porto-icon none\" style=\"font-size:32px;\"><i class=\"fas fa-globe-americas\"><\/i><\/div><\/div><div class=\"porto-sicon-header\"><h3 class=\"porto-sicon-title\" style=\"\">Turismo<\/h3><p>Potenciar el turismo en la regi\u00f3n de San Roque y Puerto Berr\u00edo mediante una plataforma digital. Esta iniciativa impulsar\u00e1 la promoci\u00f3n de destinos tur\u00edsticos locales, contribuyendo al desarrollo integral de la regi\u00f3n.<\/p><\/div> <!-- header --><\/div><!-- porto-sicon-box -->[\/vc_column_inner][\/vc_row_inner][\/vc_column][\/vc_row]<\/p>\n<\/div>","protected":false},"excerpt":{"rendered":"<p>[vc_row content_placement=&#8221;middle&#8221; css=&#8221;.vc_custom_1765583811389{margin-top: 4% !important;}&#8221; conditional_render=&#8221;%5B%7B%22value_role%22%3A%22administrator%22%7D%5D&#8221;][vc_column width=&#8221;1\/2&#8243; css=&#8221;.vc_custom_1765453114802{padding-right: 2% !important;}&#8221; conditional_render=&#8221;%5B%7B%22value_role%22%3A%22administrator%22%7D%5D&#8221;][vc_column_text] Vive una Experiencia Inmersiva en VR [\/vc_column_text][vc_column_text css=&#8221;.vc_custom_1765829116846{margin-top: -2% !important;}&#8221;] Este innovador proyecto tiene como objetivo promocionar el turismo en las regiones de San Roque y Puerto Berr\u00edo a trav\u00e9s de una plataforma de recorridos virtuales inmersivos. Ambas localidades, ubicadas en la regi\u00f3n del [&hellip;]<\/p>\n","protected":false},"author":1,"featured_media":0,"parent":0,"menu_order":0,"comment_status":"closed","ping_status":"closed","template":"","meta":{"_joinchat":[],"footnotes":""},"class_list":["post-467","page","type-page","status-publish","hentry"],"_links":{"self":[{"href":"https:\/\/ecoweb.com.co\/servicios3d\/wp-json\/wp\/v2\/pages\/467","targetHints":{"allow":["GET"]}}],"collection":[{"href":"https:\/\/ecoweb.com.co\/servicios3d\/wp-json\/wp\/v2\/pages"}],"about":[{"href":"https:\/\/ecoweb.com.co\/servicios3d\/wp-json\/wp\/v2\/types\/page"}],"author":[{"embeddable":true,"href":"https:\/\/ecoweb.com.co\/servicios3d\/wp-json\/wp\/v2\/users\/1"}],"replies":[{"embeddable":true,"href":"https:\/\/ecoweb.com.co\/servicios3d\/wp-json\/wp\/v2\/comments?post=467"}],"version-history":[{"count":23,"href":"https:\/\/ecoweb.com.co\/servicios3d\/wp-json\/wp\/v2\/pages\/467\/revisions"}],"predecessor-version":[{"id":480,"href":"https:\/\/ecoweb.com.co\/servicios3d\/wp-json\/wp\/v2\/pages\/467\/revisions\/480"}],"wp:attachment":[{"href":"https:\/\/ecoweb.com.co\/servicios3d\/wp-json\/wp\/v2\/media?parent=467"}],"curies":[{"name":"wp","href":"https:\/\/api.w.org\/{rel}","templated":true}]}}