{"id":6,"date":"2026-04-20T17:26:40","date_gmt":"2026-04-20T22:26:40","guid":{"rendered":"https:\/\/ecoweb.com.co\/marmolesypiedrasas\/?page_id=6"},"modified":"2026-04-22T18:52:34","modified_gmt":"2026-04-22T23:52:34","slug":"inicio","status":"publish","type":"page","link":"https:\/\/ecoweb.com.co\/marmolesypiedrasas\/","title":{"rendered":"Inicio"},"content":{"rendered":"<div class=\"wpb-content-wrapper\"><p>[vc_row full_width=&#8221;stretch_row_content_no_spaces&#8221; css=&#8221;.vc_custom_1776810337253{margin-top: -20px !important;}&#8221; conditional_render=&#8221;%5B%7B%22value_role%22%3A%22administrator%22%7D%5D&#8221;][vc_column][rev_slider_vc alias=&#8221;inicio&#8221;][\/vc_column][\/vc_row][vc_row content_placement=&#8221;middle&#8221; css=&#8221;.vc_custom_1776900408896{margin-top: 3% !important;}&#8221; conditional_render=&#8221;%5B%7B%22value_role%22%3A%22administrator%22%7D%5D&#8221; el_id=&#8221;nosotros&#8221;][vc_column width=&#8221;1\/2&#8243;][vc_single_image image=&#8221;40&#8243; img_size=&#8221;full&#8221; alignment=&#8221;center&#8221; animation_type=&#8221;fadeInLeft&#8221;][\/vc_column][vc_column width=&#8221;1\/2&#8243;][vc_column_text css_animation=&#8221;fadeInRight&#8221;]<\/p>\n<p style=\"text-align: left; font-size: 36pt; font-weight: bold; font-family: 'Playfair Display';\">M\u00e1rmoles y Piedras<\/p>\n<p>[\/vc_column_text][vc_column_text css_animation=&#8221;fadeInRight&#8221;]<\/p>\n<p style=\"text-align: left;\">En M\u00e1rmoles y Piedras Nacionales e Importadas S.A.S combinamos experiencia, materiales exclusivos y ejecuci\u00f3n profesional para ofrecer resultados impecables en cada proyecto.<\/p>\n<p style=\"text-align: left;\">Importamos directamente m\u00e1rmol desde Italia y Espa\u00f1a, y contamos con una amplia variedad de materiales nacionales para adaptarnos a proyectos residenciales, comerciales y religiosos.<\/p>\n<p>[\/vc_column_text][\/vc_column][\/vc_row][vc_row css=&#8221;.vc_custom_1776820053159{margin-top: 4% !important;}&#8221; conditional_render=&#8221;%5B%7B%22value_role%22%3A%22administrator%22%7D%5D&#8221;][vc_column][vc_column_text css_animation=&#8221;zoomIn&#8221;]<\/p>\n<p style=\"text-align: left; font-size: 36pt; font-weight: bold; font-family: 'Playfair Display';\">Lo que reciben nuestros clientes<\/p>\n<p>[\/vc_column_text]<div class=\"porto-carousel owl-carousel has-ccols has-ccols-spacing ccols-xl-3 ccols-lg-3 ccols-md-3 ccols-sm-2 ccols-1 wpb_custom_964badaabfccda245e3998f90fcf8f92 nav-pos-outside nav-style-1\" data-plugin-options=\"{&quot;themeConfig&quot;:true,&quot;stagePadding&quot;:0,&quot;margin&quot;:10,&quot;autoplay&quot;:&quot;yes&quot;,&quot;mouseDrag&quot;:true,&quot;touchDrag&quot;:true,&quot;autoplayTimeout&quot;:4000,&quot;autoplayHoverPause&quot;:false,&quot;items&quot;:3,&quot;xl&quot;:3,&quot;lg&quot;:3,&quot;md&quot;:3,&quot;sm&quot;:2,&quot;xs&quot;:1,&quot;nav&quot;:&quot;yes&quot;,&quot;dots&quot;:false,&quot;animateIn&quot;:&quot;&quot;,&quot;animateOut&quot;:&quot;&quot;,&quot;loop&quot;:&quot;yes&quot;,&quot;center&quot;:false,&quot;video&quot;:false,&quot;lazyLoad&quot;:false,&quot;fullscreen&quot;:false}\"><div class=\"porto-sicon-box beneficios  wpb_custom_688327cd24e3ec302abc029bc66cbef8 style_1 left-icon\" data-appear-animation=\"zoomIn\"><div class=\"porto-sicon-left\"><div id=\"porto-icon-111146636069e9ef1e2f4fb\" class=\"porto-just-icon-wrapper porto-sicon-img\" style=\"font-size: 48px;\"><img loading=\"lazy\" decoding=\"async\" class=\"img-icon\" alt=\"\" src=\"https:\/\/ecoweb.com.co\/marmolesypiedrasas\/wp-content\/uploads\/2026\/04\/1.png\" width=\"383\" height=\"383\" \/><\/div><\/div><div class=\"porto-sicon-body\"><div class=\"porto-sicon-header\"><h3 class=\"porto-sicon-title\" style=\"\">Acceso a m\u00e1rmoles<\/h3><p>exclusivos nacionales e importados.<\/p><\/div> <!-- header --><\/div><\/div><!-- porto-sicon-box --><div class=\"porto-sicon-box  vc_custom_1776820533933 beneficios  wpb_custom_688327cd24e3ec302abc029bc66cbef8 style_1 left-icon\" data-appear-animation=\"zoomIn\"><div class=\"porto-sicon-left\"><div id=\"porto-icon-74648784969e9ef1e2f692\" class=\"porto-just-icon-wrapper porto-sicon-img\" style=\"font-size: 48px;\"><img loading=\"lazy\" decoding=\"async\" class=\"img-icon\" alt=\"\" src=\"https:\/\/ecoweb.com.co\/marmolesypiedrasas\/wp-content\/uploads\/2026\/04\/1.png\" width=\"383\" height=\"383\" \/><\/div><\/div><div class=\"porto-sicon-body\"><div class=\"porto-sicon-header\"><h3 class=\"porto-sicon-title\" style=\"\">Importaci\u00f3n directa<\/h3><p>desde Italia y Espa\u00f1a.<\/p><\/div> <!-- header --><\/div><\/div><!-- porto-sicon-box --><div class=\"porto-sicon-box  vc_custom_1776820546749 beneficios  wpb_custom_688327cd24e3ec302abc029bc66cbef8 style_1 left-icon\" data-appear-animation=\"zoomIn\"><div class=\"porto-sicon-left\"><div id=\"porto-icon-203047218569e9ef1e2f79f\" class=\"porto-just-icon-wrapper porto-sicon-img\" style=\"font-size: 48px;\"><img loading=\"lazy\" decoding=\"async\" class=\"img-icon\" alt=\"\" src=\"https:\/\/ecoweb.com.co\/marmolesypiedrasas\/wp-content\/uploads\/2026\/04\/1.png\" width=\"383\" height=\"383\" \/><\/div><\/div><div class=\"porto-sicon-body\"><div class=\"porto-sicon-header\"><h3 class=\"porto-sicon-title\" style=\"\">Especialistas<\/h3><p>en restauraci\u00f3n de marmoles.<\/p><\/div> <!-- header --><\/div><\/div><!-- porto-sicon-box --><div class=\"porto-sicon-box  vc_custom_1776820555678 beneficios  wpb_custom_688327cd24e3ec302abc029bc66cbef8 style_1 left-icon\" data-appear-animation=\"zoomIn\"><div class=\"porto-sicon-left\"><div id=\"porto-icon-134582409769e9ef1e2f88a\" class=\"porto-just-icon-wrapper porto-sicon-img\" style=\"font-size: 48px;\"><img loading=\"lazy\" decoding=\"async\" class=\"img-icon\" alt=\"\" src=\"https:\/\/ecoweb.com.co\/marmolesypiedrasas\/wp-content\/uploads\/2026\/04\/1.png\" width=\"383\" height=\"383\" \/><\/div><\/div><div class=\"porto-sicon-body\"><div class=\"porto-sicon-header\"><h3 class=\"porto-sicon-title\" style=\"\">Experiencia en proyectos<\/h3><p>complejos y patrimoniales.<\/p><\/div> <!-- header --><\/div><\/div><!-- porto-sicon-box --><div class=\"porto-sicon-box  vc_custom_1776820570741 beneficios  wpb_custom_688327cd24e3ec302abc029bc66cbef8 style_1 left-icon\" data-appear-animation=\"zoomIn\"><div class=\"porto-sicon-left\"><div id=\"porto-icon-53742170269e9ef1e2f97f\" class=\"porto-just-icon-wrapper porto-sicon-img\" style=\"font-size: 48px;\"><img loading=\"lazy\" decoding=\"async\" class=\"img-icon\" alt=\"\" src=\"https:\/\/ecoweb.com.co\/marmolesypiedrasas\/wp-content\/uploads\/2026\/04\/1.png\" width=\"383\" height=\"383\" \/><\/div><\/div><div class=\"porto-sicon-body\"><div class=\"porto-sicon-header\"><h3 class=\"porto-sicon-title\" style=\"\">Acabados<\/h3><p>finos y de alta durabilidad.<\/p><\/div> <!-- header --><\/div><\/div><!-- porto-sicon-box --><div class=\"porto-sicon-box  vc_custom_1776820586173 beneficios  wpb_custom_688327cd24e3ec302abc029bc66cbef8 style_1 left-icon\" data-appear-animation=\"zoomIn\"><div class=\"porto-sicon-left\"><div id=\"porto-icon-187312176769e9ef1e2fa58\" class=\"porto-just-icon-wrapper porto-sicon-img\" style=\"font-size: 48px;\"><img loading=\"lazy\" decoding=\"async\" class=\"img-icon\" alt=\"\" src=\"https:\/\/ecoweb.com.co\/marmolesypiedrasas\/wp-content\/uploads\/2026\/04\/1.png\" width=\"383\" height=\"383\" \/><\/div><\/div><div class=\"porto-sicon-body\"><div class=\"porto-sicon-header\"><h3 class=\"porto-sicon-title\" style=\"\">Acompa\u00f1amiento<\/h3><p>profesional en todo el proceso.<\/p><\/div> <!-- header --><\/div><\/div><!-- porto-sicon-box --><div class=\"porto-sicon-box  vc_custom_1776820602703 beneficios  wpb_custom_688327cd24e3ec302abc029bc66cbef8 style_1 left-icon\" data-appear-animation=\"zoomIn\"><div class=\"porto-sicon-left\"><div id=\"porto-icon-169320232569e9ef1e2fb48\" class=\"porto-just-icon-wrapper porto-sicon-img\" style=\"font-size: 48px;\"><img loading=\"lazy\" decoding=\"async\" class=\"img-icon\" alt=\"\" src=\"https:\/\/ecoweb.com.co\/marmolesypiedrasas\/wp-content\/uploads\/2026\/04\/1.png\" width=\"383\" height=\"383\" \/><\/div><\/div><div class=\"porto-sicon-body\"><div class=\"porto-sicon-header\"><h3 class=\"porto-sicon-title\" style=\"\">Cumplimiento<\/h3><p>en tiempos de entrega.<\/p><\/div> <!-- header --><\/div><\/div><!-- porto-sicon-box --><\/div>[\/vc_column][\/vc_row][vc_row full_width=&#8221;stretch_row_content_no_spaces&#8221; css=&#8221;.vc_custom_1776821397356{margin-top: 4% !important;padding-top: 6% !important;padding-right: 6% !important;padding-bottom: 4% !important;padding-left: 6% !important;background-image: url(https:\/\/ecoweb.com.co\/marmolesypiedrasas\/wp-content\/uploads\/2026\/04\/textured.jpg?id=62) !important;background-position: center !important;background-repeat: no-repeat !important;background-size: cover !important;}&#8221; conditional_render=&#8221;%5B%7B%22value_role%22%3A%22administrator%22%7D%5D&#8221;][vc_column][vc_column_text css_animation=&#8221;zoomIn&#8221;]<\/p>\n<p style=\"font-size: 36pt; font-weight: bold; font-family: 'Playfair Display'; text-align: center;\">Productos y servicios<\/p>\n<p style=\"text-align: center;\"><span style=\"font-size: 17px;\">Arte y excelencia en cada detalle<\/span><\/p>\n<p>[\/vc_column_text][vc_row_inner][vc_column_inner width=&#8221;1\/3&#8243;][vc_single_image image=&#8221;103&#8243; img_size=&#8221;full&#8221; alignment=&#8221;center&#8221;]<a class=\"porto-sicon-box-link\" href=\"https:\/\/ecoweb.com.co\/marmolesypiedrasas\/restauracion-de-marmol\/\"><div class=\"porto-sicon-box  vc_custom_1776895588140  wpb_custom_ab055c9f5d51bc3bc5a9c06497828b45 style_1 top-icon\"><div class=\"porto-sicon-top\"><div id=\"porto-icon-150338382869e9ef1e2fd2f\" class=\"porto-just-icon-wrapper porto-sicon-img  porto-u-circle\" style=\"background:#d4b372;font-size: 38px;\"><img loading=\"lazy\" decoding=\"async\" class=\"img-icon\" alt=\"\" src=\"https:\/\/ecoweb.com.co\/marmolesypiedrasas\/wp-content\/uploads\/2026\/04\/Restauracion-de-marmol.png\" width=\"138\" height=\"139\" \/><\/div><\/div><div class=\"porto-sicon-header\"><h3 class=\"porto-sicon-title\" style=\"\">Restauraci\u00f3n de m\u00e1rmol<\/h3><\/div> <!-- header --><\/div><!-- porto-sicon-box --><\/a>[\/vc_column_inner][vc_column_inner width=&#8221;1\/3&#8243;][vc_single_image image=&#8221;105&#8243; img_size=&#8221;full&#8221; alignment=&#8221;center&#8221; onclick=&#8221;custom_link&#8221; link=&#8221;https:\/\/ecoweb.com.co\/marmolesypiedrasas\/venta-de-marmol-nacional-e-importado\/&#8221;]<a class=\"porto-sicon-box-link\" href=\"https:\/\/ecoweb.com.co\/marmolesypiedrasas\/venta-de-marmol-nacional-e-importado\/\"><div class=\"porto-sicon-box  vc_custom_1776896900800  wpb_custom_ab055c9f5d51bc3bc5a9c06497828b45 style_1 top-icon\"><div class=\"porto-sicon-top\"><div id=\"porto-icon-114691496869e9ef1e2ff60\" class=\"porto-just-icon-wrapper porto-sicon-img  porto-u-circle\" style=\"background:#d4b372;font-size: 38px;\"><img loading=\"lazy\" decoding=\"async\" class=\"img-icon\" alt=\"\" src=\"https:\/\/ecoweb.com.co\/marmolesypiedrasas\/wp-content\/uploads\/2026\/04\/marmol-2.png\" width=\"138\" height=\"139\" \/><\/div><\/div><div class=\"porto-sicon-header\"><h3 class=\"porto-sicon-title\" style=\"\">Venta de m\u00e1rmol nacional e importado<\/h3><\/div> <!-- header --><\/div><!-- porto-sicon-box --><\/a>[\/vc_column_inner][vc_column_inner width=&#8221;1\/3&#8243;][vc_single_image image=&#8221;65&#8243; img_size=&#8221;full&#8221; alignment=&#8221;center&#8221; onclick=&#8221;custom_link&#8221; link=&#8221;https:\/\/ecoweb.com.co\/marmolesypiedrasas\/remodelaciones-y-adecuaciones-en-marmol\/&#8221;]<a class=\"porto-sicon-box-link\" href=\"https:\/\/ecoweb.com.co\/marmolesypiedrasas\/remodelaciones-y-adecuaciones-en-marmol\/\"><div class=\"porto-sicon-box  vc_custom_1776895130982  wpb_custom_ab055c9f5d51bc3bc5a9c06497828b45 style_1 top-icon\"><div class=\"porto-sicon-top\"><div id=\"porto-icon-147926976169e9ef1e30167\" class=\"porto-just-icon-wrapper porto-sicon-img  porto-u-circle\" style=\"background:#d4b372;font-size: 38px;\"><img loading=\"lazy\" decoding=\"async\" class=\"img-icon\" alt=\"\" src=\"https:\/\/ecoweb.com.co\/marmolesypiedrasas\/wp-content\/uploads\/2026\/04\/marmol-2.png\" width=\"138\" height=\"139\" \/><\/div><\/div><div class=\"porto-sicon-header\"><h3 class=\"porto-sicon-title\" style=\"\">Remodelaciones y adecuaciones en m\u00e1rmol<\/h3><\/div> <!-- header --><\/div><!-- porto-sicon-box --><\/a>[\/vc_column_inner][\/vc_row_inner][\/vc_column][\/vc_row][vc_row css=&#8221;.vc_custom_1776900487569{margin-top: 4% !important;}&#8221; conditional_render=&#8221;%5B%7B%22value_role%22%3A%22administrator%22%7D%5D&#8221; el_id=&#8221;trabajamos&#8221;][vc_column][vc_column_text css_animation=&#8221;fadeInLeft&#8221;]<\/p>\n<p style=\"text-align: left; font-size: 36pt; font-weight: bold; font-family: 'Playfair Display';\">Trabajamos con<\/p>\n<p>[\/vc_column_text][vc_column_text css_animation=&#8221;fadeInLeft&#8221;]<\/p>\n<p style=\"text-align: left;\"><span style=\"font-size: 18px;\">M\u00e1s de 45 a\u00f1os de experiencia en el sector respaldan cada proyecto. <\/span><span style=\"font-size: 18px;\">Restauraci\u00f3n en m\u00e1rmol<br \/>\nde alto nivel, donde el detalle y el respeto por la est\u00e9tica original son fundamentales.<\/span><\/p>\n<p>[\/vc_column_text][vc_row_inner][vc_column_inner width=&#8221;1\/4&#8243; css=&#8221;.vc_custom_1776900288500{border-right-width: 1px !important;border-right-color: #e0e0e0 !important;border-right-style: solid !important;}&#8221;]<div class=\"porto-sicon-box  wpb_custom_6bd3ea43243bb56571d580d187f8d1d7 style_1 top-icon\" data-appear-animation=\"zoomIn\"><div class=\"porto-sicon-top\"><div id=\"porto-icon-159588417169e9ef1e303d7\" class=\"porto-just-icon-wrapper porto-sicon-img  porto-u-circle\" style=\"background:#939393;font-size: 48px;\"><img loading=\"lazy\" decoding=\"async\" class=\"img-icon\" alt=\"\" src=\"https:\/\/ecoweb.com.co\/marmolesypiedrasas\/wp-content\/uploads\/2026\/04\/casa.png\" width=\"359\" height=\"353\" \/><\/div><\/div><div class=\"porto-sicon-header\"><h3 class=\"porto-sicon-title\" style=\"\">Propietarios de viviendas<\/h3><\/div> <!-- header --><\/div><!-- porto-sicon-box -->[\/vc_column_inner][vc_column_inner width=&#8221;1\/4&#8243; css=&#8221;.vc_custom_1776900297196{border-right-width: 1px !important;border-right-color: #e0e0e0 !important;border-right-style: solid !important;}&#8221;]<div class=\"porto-sicon-box  wpb_custom_6bd3ea43243bb56571d580d187f8d1d7 style_1 top-icon\" data-appear-animation=\"zoomIn\"><div class=\"porto-sicon-top\"><div id=\"porto-icon-208259602569e9ef1e306d3\" class=\"porto-just-icon-wrapper porto-sicon-img  porto-u-circle\" style=\"background:#939393;font-size: 48px;\"><img loading=\"lazy\" decoding=\"async\" class=\"img-icon\" alt=\"\" src=\"https:\/\/ecoweb.com.co\/marmolesypiedrasas\/wp-content\/uploads\/2026\/04\/Arquitectos.png\" width=\"359\" height=\"353\" \/><\/div><\/div><div class=\"porto-sicon-header\"><h3 class=\"porto-sicon-title\" style=\"\">Arquitectos y dise\u00f1adores<\/h3><\/div> <!-- header --><\/div><!-- porto-sicon-box -->[\/vc_column_inner][vc_column_inner width=&#8221;1\/4&#8243; css=&#8221;.vc_custom_1776900306012{border-right-width: 1px !important;border-right-color: #e0e0e0 !important;border-right-style: solid !important;}&#8221;]<div class=\"porto-sicon-box  wpb_custom_6bd3ea43243bb56571d580d187f8d1d7 style_1 top-icon\" data-appear-animation=\"zoomIn\"><div class=\"porto-sicon-top\"><div id=\"porto-icon-194822383969e9ef1e308cd\" class=\"porto-just-icon-wrapper porto-sicon-img  porto-u-circle\" style=\"background:#939393;font-size: 48px;\"><img loading=\"lazy\" decoding=\"async\" class=\"img-icon\" alt=\"\" src=\"https:\/\/ecoweb.com.co\/marmolesypiedrasas\/wp-content\/uploads\/2026\/04\/Iglesias.png\" width=\"359\" height=\"353\" \/><\/div><\/div><div class=\"porto-sicon-header\"><h3 class=\"porto-sicon-title\" style=\"\">Iglesias y entidades religiosas<\/h3><\/div> <!-- header --><\/div><!-- porto-sicon-box -->[\/vc_column_inner][vc_column_inner width=&#8221;1\/4&#8243;]<div class=\"porto-sicon-box  wpb_custom_6bd3ea43243bb56571d580d187f8d1d7 style_1 top-icon\" data-appear-animation=\"zoomIn\"><div class=\"porto-sicon-top\"><div id=\"porto-icon-155568419369e9ef1e30a97\" class=\"porto-just-icon-wrapper porto-sicon-img  porto-u-circle\" style=\"background:#939393;font-size: 48px;\"><img loading=\"lazy\" decoding=\"async\" class=\"img-icon\" alt=\"\" src=\"https:\/\/ecoweb.com.co\/marmolesypiedrasas\/wp-content\/uploads\/2026\/04\/Constructoras.png\" width=\"359\" height=\"353\" \/><\/div><\/div><div class=\"porto-sicon-header\"><h3 class=\"porto-sicon-title\" style=\"\">Constructoras y Empresas<\/h3><\/div> <!-- header --><\/div><!-- porto-sicon-box -->[\/vc_column_inner][\/vc_row_inner][\/vc_column][\/vc_row][vc_row full_width=&#8221;stretch_row_content_no_spaces&#8221; css_animation=&#8221;zoomIn&#8221; el_class=&#8221;seo-block-home text-center color-white&#8221; css=&#8221;.vc_custom_1776900334342{margin-top: 5% !important;padding-right: 15% !important;padding-bottom: 7% !important;padding-left: 15% !important;}&#8221; conditional_render=&#8221;%5B%7B%22value_role%22%3A%22administrator%22%7D%5D&#8221;][vc_column][vc_column_text css_animation=&#8221;fadeInLeft&#8221;]<\/p>\n<p style=\"font-size: 36pt; font-weight: bold; font-family: 'Playfair Display'; text-align: center; line-height: 1;\">Solicite una asesor\u00eda personalizada y reciba una propuesta adaptada a su proyecto.<\/p>\n<p style=\"text-align: center;\"><span style=\"font-size: 21px;\">Nuestro equipo lo acompa\u00f1ar\u00e1 desde la selecci\u00f3n del material hasta la ejecuci\u00f3n final, garantizando calidad, cumplimiento y resultados impecables.<\/span><\/p>\n<p>[\/vc_column_text][vc_column_text css_animation=&#8221;fadeInLeft&#8221;]<\/p>\n<p style=\"text-align: center;\"><a style=\"text-decoration: none;\" href=\"#\" rel=\"noopener\"><span class=\"ver\"> Agendar asesor\u00eda personalizada<\/span><\/a><\/p>\n<p>[\/vc_column_text][\/vc_column][\/vc_row][vc_row content_placement=&#8221;middle&#8221; css=&#8221;.vc_custom_1776901623664{margin-top: 6% !important;}&#8221; conditional_render=&#8221;%5B%7B%22value_role%22%3A%22administrator%22%7D%5D&#8221;][vc_column width=&#8221;1\/2&#8243;][vc_column_text css_animation=&#8221;fadeInLeft&#8221;]<\/p>\n<p style=\"text-align: left; font-size: 36pt; font-weight: bold; font-family: 'Playfair Display';\">Preguntas frecuentes<\/p>\n<p>[\/vc_column_text][vc_tta_accordion color=&#8221;white&#8221; active_section=&#8221;1&#8243;][vc_tta_section title=&#8221;\u00bfCu\u00e1nto cuesta un proyecto en m\u00e1rmol?&#8221; tab_id=&#8221;pregunta1&#8243;][vc_column_text]<\/p>\n<p style=\"text-align: left;\"><span style=\"font-size: 17px;\">Depende del tipo de proyecto, dimensiones y materiales.<\/span><\/p>\n<p>[\/vc_column_text][\/vc_tta_section][vc_tta_section title=&#8221;\u00bfTrabajan con m\u00e1rmol importado?&#8221; tab_id=&#8221;pregunta2&#8243;][vc_column_text]<\/p>\n<p style=\"text-align: left;\"><span style=\"font-size: 17px;\"> S\u00ed, principalmente m\u00e1rmol italiano y espa\u00f1ol.<\/span><\/p>\n<p>[\/vc_column_text][\/vc_tta_section][vc_tta_section title=&#8221;\u00bfCu\u00e1nto tiempo toma un proyecto?&#8221; tab_id=&#8221;pregunta3&#8243;][vc_column_text]<\/p>\n<p style=\"text-align: left;\"><span style=\"font-size: 17px;\">  Depende del alcance y complejidad.<\/span><\/p>\n<p>[\/vc_column_text][\/vc_tta_section][vc_tta_section title=&#8221;\u00bfRealizan trabajos fuera de Medell\u00edn?&#8221; tab_id=&#8221;pregunta4&#8243;][vc_column_text]<\/p>\n<p style=\"text-align: left;\"><span style=\"font-size: 17px;\">  S\u00ed, seg\u00fan el proyecto.<\/span><\/p>\n<p>[\/vc_column_text][\/vc_tta_section][vc_tta_section title=&#8221;\u00bfHacen restauraciones completas?&#8221; tab_id=&#8221;pregunta5&#8243;][vc_column_text]<\/p>\n<p style=\"text-align: left;\"><span style=\"font-size: 17px;\">  S\u00ed, somos especialistas en restauraci\u00f3n integral.<\/span><\/p>\n<p>[\/vc_column_text][\/vc_tta_section][\/vc_tta_accordion][\/vc_column][vc_column width=&#8221;1\/2&#8243;][vc_single_image image=&#8221;165&#8243; img_size=&#8221;full&#8221; alignment=&#8221;center&#8221; label=&#8221;&#8221;][\/vc_column][\/vc_row]<\/p>\n<\/div>","protected":false},"excerpt":{"rendered":"<p>[vc_row full_width=&#8221;stretch_row_content_no_spaces&#8221; css=&#8221;.vc_custom_1776810337253{margin-top: -20px !important;}&#8221; conditional_render=&#8221;%5B%7B%22value_role%22%3A%22administrator%22%7D%5D&#8221;][vc_column][rev_slider_vc alias=&#8221;inicio&#8221;][\/vc_column][\/vc_row][vc_row content_placement=&#8221;middle&#8221; css=&#8221;.vc_custom_1776900408896{margin-top: 3% !important;}&#8221; conditional_render=&#8221;%5B%7B%22value_role%22%3A%22administrator%22%7D%5D&#8221; el_id=&#8221;nosotros&#8221;][vc_column width=&#8221;1\/2&#8243;][vc_single_image image=&#8221;40&#8243; img_size=&#8221;full&#8221; alignment=&#8221;center&#8221; animation_type=&#8221;fadeInLeft&#8221;][\/vc_column][vc_column width=&#8221;1\/2&#8243;][vc_column_text css_animation=&#8221;fadeInRight&#8221;] M\u00e1rmoles y Piedras [\/vc_column_text][vc_column_text css_animation=&#8221;fadeInRight&#8221;] En M\u00e1rmoles y Piedras Nacionales e Importadas S.A.S combinamos experiencia, materiales exclusivos y ejecuci\u00f3n profesional para ofrecer resultados impecables en cada proyecto. Importamos directamente m\u00e1rmol desde Italia y Espa\u00f1a, y [&hellip;]<\/p>\n","protected":false},"author":1,"featured_media":0,"parent":0,"menu_order":0,"comment_status":"closed","ping_status":"closed","template":"","meta":{"footnotes":""},"class_list":["post-6","page","type-page","status-publish","hentry"],"_links":{"self":[{"href":"https:\/\/ecoweb.com.co\/marmolesypiedrasas\/wp-json\/wp\/v2\/pages\/6","targetHints":{"allow":["GET"]}}],"collection":[{"href":"https:\/\/ecoweb.com.co\/marmolesypiedrasas\/wp-json\/wp\/v2\/pages"}],"about":[{"href":"https:\/\/ecoweb.com.co\/marmolesypiedrasas\/wp-json\/wp\/v2\/types\/page"}],"author":[{"embeddable":true,"href":"https:\/\/ecoweb.com.co\/marmolesypiedrasas\/wp-json\/wp\/v2\/users\/1"}],"replies":[{"embeddable":true,"href":"https:\/\/ecoweb.com.co\/marmolesypiedrasas\/wp-json\/wp\/v2\/comments?post=6"}],"version-history":[{"count":67,"href":"https:\/\/ecoweb.com.co\/marmolesypiedrasas\/wp-json\/wp\/v2\/pages\/6\/revisions"}],"predecessor-version":[{"id":172,"href":"https:\/\/ecoweb.com.co\/marmolesypiedrasas\/wp-json\/wp\/v2\/pages\/6\/revisions\/172"}],"wp:attachment":[{"href":"https:\/\/ecoweb.com.co\/marmolesypiedrasas\/wp-json\/wp\/v2\/media?parent=6"}],"curies":[{"name":"wp","href":"https:\/\/api.w.org\/{rel}","templated":true}]}}