{"id":14,"date":"2026-04-20T17:33:24","date_gmt":"2026-04-20T22:33:24","guid":{"rendered":"https:\/\/ecoweb.com.co\/marmolesypiedrasas\/?page_id=14"},"modified":"2026-04-22T18:01:19","modified_gmt":"2026-04-22T23:01:19","slug":"remodelaciones-y-adecuaciones-en-marmol","status":"publish","type":"page","link":"https:\/\/ecoweb.com.co\/marmolesypiedrasas\/remodelaciones-y-adecuaciones-en-marmol\/","title":{"rendered":"Remodelaciones y adecuaciones en m\u00e1rmol"},"content":{"rendered":"<div class=\"wpb-content-wrapper\"><p>[vc_row full_width=&#8221;stretch_row_content_no_spaces&#8221; css=&#8221;.vc_custom_1776897740380{margin-top: -20px !important;}&#8221; conditional_render=&#8221;%5B%7B%22value_role%22%3A%22administrator%22%7D%5D&#8221;][vc_column][rev_slider_vc alias=&#8221;inicio2&#8243;][\/vc_column][\/vc_row][vc_row content_placement=&#8221;middle&#8221; css=&#8221;.vc_custom_1776876695777{margin-top: 3% !important;}&#8221; conditional_render=&#8221;%5B%7B%22value_role%22%3A%22administrator%22%7D%5D&#8221;][vc_column width=&#8221;1\/2&#8243;][vc_single_image image=&#8221;121&#8243; img_size=&#8221;full&#8221; alignment=&#8221;center&#8221;][\/vc_column][vc_column width=&#8221;1\/2&#8243;][vc_column_text css_animation=&#8221;fadeInRight&#8221;]<\/p>\n<p class=\"titulo\" style=\"text-align: left; font-size: 27pt; font-weight: bold; font-family: 'Playfair Display'; line-height: 1;\">Remodelaci\u00f3n en m\u00e1rmol en Medell\u00edn | Instalaci\u00f3n profesional de m\u00e1rmol<\/p>\n<p>[\/vc_column_text][vc_column_text css_animation=&#8221;fadeInRight&#8221;]<\/p>\n<p style=\"text-align: left;\">Transformamos espacios con remodelaciones en m\u00e1rmol, integrando dise\u00f1o, funcionalidad y acabados de alta calidad.<\/p>\n<p>[\/vc_column_text][vc_column_text css_animation=&#8221;fadeInRight&#8221;]<\/p>\n<p style=\"text-align: left;\"><a style=\"text-decoration: none;\" href=\"#\" rel=\"noopener\"><span class=\"ver\"><img loading=\"lazy\" decoding=\"async\" class=\"alignnone wp-image-76\" src=\"https:\/\/ecoweb.com.co\/marmolesypiedrasas\/wp-content\/uploads\/2026\/04\/wpp.png\" alt=\"\" width=\"23\" height=\"23\" \/> Solicitar cotizaci\u00f3n por WhatsApp<\/span><\/a><\/p>\n<p>[\/vc_column_text][\/vc_column][\/vc_row][vc_row content_placement=&#8221;middle&#8221; css=&#8221;.vc_custom_1776898004817{margin-top: 3% !important;margin-bottom: 3% !important;}&#8221; conditional_render=&#8221;%5B%7B%22value_role%22%3A%22administrator%22%7D%5D&#8221;][vc_column width=&#8221;1\/2&#8243; el_class=&#8221;procesos&#8221; conditional_render=&#8221;%5B%7B%22value_role%22%3A%22administrator%22%7D%5D&#8221; css=&#8221;.vc_custom_1776878677895{margin-right: 1% !important;}&#8221;][vc_column_text css_animation=&#8221;fadeInRight&#8221;]<\/p>\n<p style=\"text-align: left; font-size: 30pt; font-weight: bold; font-family: 'Playfair Display';\">Aplicaciones<\/p>\n<p>[\/vc_column_text][vc_column_text css_animation=&#8221;fadeInRight&#8221;]<\/p>\n<p style=\"text-align: left;\">\u2022\tPisos en m\u00e1rmol<br \/>\n\u2022\tEscaleras<br \/>\n\u2022\tBa\u00f1os<br \/>\n\u2022\tCocinas<br \/>\n\u2022\tEnchapes<br \/>\n\u2022\tEspacios comerciales y religiosos<\/p>\n<p>[\/vc_column_text][\/vc_column][vc_column width=&#8221;1\/2&#8243; el_class=&#8221;procesos&#8221; conditional_render=&#8221;%5B%7B%22value_role%22%3A%22administrator%22%7D%5D&#8221;][vc_column_text css_animation=&#8221;fadeInRight&#8221;]<\/p>\n<p style=\"text-align: left; font-size: 30pt; font-weight: bold; font-family: 'Playfair Display';\">Beneficios<\/p>\n<p>[\/vc_column_text][vc_column_text css_animation=&#8221;fadeInRight&#8221;]<\/p>\n<p style=\"text-align: left;\">\u2022\tTransformaci\u00f3n est\u00e9tica de espacios<br \/>\n\u2022\tIncremento del valor del inmueble<br \/>\n\u2022\tAlta durabilidad<br \/>\n\u2022\tInstalaci\u00f3n profesional y precisa<\/p>\n<p>[\/vc_column_text][\/vc_column][\/vc_row]<\/p>\n<\/div>","protected":false},"excerpt":{"rendered":"<p>[vc_row full_width=&#8221;stretch_row_content_no_spaces&#8221; css=&#8221;.vc_custom_1776897740380{margin-top: -20px !important;}&#8221; conditional_render=&#8221;%5B%7B%22value_role%22%3A%22administrator%22%7D%5D&#8221;][vc_column][rev_slider_vc alias=&#8221;inicio2&#8243;][\/vc_column][\/vc_row][vc_row content_placement=&#8221;middle&#8221; css=&#8221;.vc_custom_1776876695777{margin-top: 3% !important;}&#8221; conditional_render=&#8221;%5B%7B%22value_role%22%3A%22administrator%22%7D%5D&#8221;][vc_column width=&#8221;1\/2&#8243;][vc_single_image image=&#8221;121&#8243; img_size=&#8221;full&#8221; alignment=&#8221;center&#8221;][\/vc_column][vc_column width=&#8221;1\/2&#8243;][vc_column_text css_animation=&#8221;fadeInRight&#8221;] Remodelaci\u00f3n en m\u00e1rmol en Medell\u00edn | Instalaci\u00f3n profesional de m\u00e1rmol [\/vc_column_text][vc_column_text css_animation=&#8221;fadeInRight&#8221;] Transformamos espacios con remodelaciones en m\u00e1rmol, integrando dise\u00f1o, funcionalidad y acabados de alta calidad. [\/vc_column_text][vc_column_text css_animation=&#8221;fadeInRight&#8221;] Solicitar cotizaci\u00f3n por WhatsApp [\/vc_column_text][\/vc_column][\/vc_row][vc_row content_placement=&#8221;middle&#8221; css=&#8221;.vc_custom_1776898004817{margin-top: 3% !important;margin-bottom: [&hellip;]<\/p>\n","protected":false},"author":1,"featured_media":0,"parent":0,"menu_order":0,"comment_status":"closed","ping_status":"closed","template":"","meta":{"footnotes":""},"class_list":["post-14","page","type-page","status-publish","hentry"],"_links":{"self":[{"href":"https:\/\/ecoweb.com.co\/marmolesypiedrasas\/wp-json\/wp\/v2\/pages\/14","targetHints":{"allow":["GET"]}}],"collection":[{"href":"https:\/\/ecoweb.com.co\/marmolesypiedrasas\/wp-json\/wp\/v2\/pages"}],"about":[{"href":"https:\/\/ecoweb.com.co\/marmolesypiedrasas\/wp-json\/wp\/v2\/types\/page"}],"author":[{"embeddable":true,"href":"https:\/\/ecoweb.com.co\/marmolesypiedrasas\/wp-json\/wp\/v2\/users\/1"}],"replies":[{"embeddable":true,"href":"https:\/\/ecoweb.com.co\/marmolesypiedrasas\/wp-json\/wp\/v2\/comments?post=14"}],"version-history":[{"count":8,"href":"https:\/\/ecoweb.com.co\/marmolesypiedrasas\/wp-json\/wp\/v2\/pages\/14\/revisions"}],"predecessor-version":[{"id":130,"href":"https:\/\/ecoweb.com.co\/marmolesypiedrasas\/wp-json\/wp\/v2\/pages\/14\/revisions\/130"}],"wp:attachment":[{"href":"https:\/\/ecoweb.com.co\/marmolesypiedrasas\/wp-json\/wp\/v2\/media?parent=14"}],"curies":[{"name":"wp","href":"https:\/\/api.w.org\/{rel}","templated":true}]}}