{"id":8,"date":"2026-03-30T17:28:44","date_gmt":"2026-03-30T22:28:44","guid":{"rendered":"https:\/\/ecoweb.com.co\/fundacionviviendo\/?page_id=8"},"modified":"2026-04-02T15:05:14","modified_gmt":"2026-04-02T20:05:14","slug":"inicio","status":"publish","type":"page","link":"https:\/\/ecoweb.com.co\/fundacionviviendo\/","title":{"rendered":"Inicio"},"content":{"rendered":"<div class=\"wpb-content-wrapper\"><p>[vc_row full_width=&#8221;stretch_row_content_no_spaces&#8221; css=&#8221;.vc_custom_1775046374758{margin-top: -20px !important;}&#8221; conditional_render=&#8221;%5B%7B%22value_role%22%3A%22administrator%22%7D%5D&#8221;][vc_column][rev_slider_vc alias=&#8221;inicio&#8221;][\/vc_column][\/vc_row][vc_row content_placement=&#8221;middle&#8221; conditional_render=&#8221;%5B%7B%22value_role%22%3A%22administrator%22%7D%5D&#8221;][vc_column width=&#8221;1\/2&#8243;][vc_single_image image=&#8221;32&#8243; img_size=&#8221;full&#8221; alignment=&#8221;center&#8221;][\/vc_column][vc_column width=&#8221;1\/2&#8243;][vc_column_text]<\/p>\n<p style=\"text-align: left; font-size: 37pt; font-family: 'Nunito'; font-weight: 700; line-height: 1;\">Fundaci\u00f3n viviendo por su gracia<\/p>\n<p>[\/vc_column_text][vc_column_text css=&#8221;.vc_custom_1775156230256{margin-top: -3% !important;}&#8221;]<\/p>\n<p style=\"text-align: justify; font-size: 13pt;\">Somos una fundaci\u00f3n cristiana sin \u00e1nimo de lucro, nacida del amor de Dios y de un llamado del Se\u00f1or para servir a quienes m\u00e1s lo necesitan. Nuestra misi\u00f3n es dar por gracia lo que por gracia hemos recibido, siguiendo el ejemplo y las ense\u00f1anzas de Jesucristo.<\/p>\n<p style=\"text-align: justify; font-size: 13pt;\">Trabajamos con el prop\u00f3sito de llevar esperanza, ayuda y restauraci\u00f3n a las familias que atraviesan momentos dif\u00edciles. All\u00ed donde hay necesidad, buscamos llevar luz en medio de la oscuridad, extendiendo una mano solidaria y un mensaje de fe.<\/p>\n<p>[\/vc_column_text]<div class=\"porto-sicon-box  vc_custom_1775156308202  wpb_custom_a8e4a76f483179a1479a939975fd880e style_1 left-icon\"><div class=\"porto-sicon-left\"><div class=\"porto-just-icon-wrapper porto-icon none\" style=\"color:#fd9903;font-size:32px;\"><i class=\"fas fa-hand-holding-heart\"><\/i><\/div><\/div><div class=\"porto-sicon-body\"><div class=\"porto-sicon-header\"><p>Con manos firmes y corazones llenos de fe, amor y bondad, servimos confiando en que Dios gu\u00eda cada paso que damos.<\/p><\/div> <!-- header --><\/div><\/div><!-- porto-sicon-box -->[vc_column_text]<\/p>\n<p style=\"text-align: left;\"><a style=\"text-decoration: none;\" href=\"#\" rel=\"noopener\"><span class=\"ver1\">Ver m\u00e1s<\/span><\/a><\/p>\n<p>[\/vc_column_text][\/vc_column][\/vc_row][vc_row full_width=&#8221;stretch_row_content_no_spaces&#8221; css=&#8221;.vc_custom_1775157695519{margin-top: 2% !important;padding-top: 6% !important;padding-right: 7% !important;padding-bottom: 6% !important;padding-left: 7% !important;background-image: url(https:\/\/ecoweb.com.co\/fundacionviviendo\/wp-content\/uploads\/2026\/04\/fundacion1.png?id=50) !important;background-position: center !important;background-repeat: no-repeat !important;background-size: cover !important;}&#8221; conditional_render=&#8221;%5B%7B%22value_role%22%3A%22administrator%22%7D%5D&#8221;][vc_column][vc_text_separator title=&#8221;Nuestros&#8221; color=&#8221;pink&#8221; el_width=&#8221;40&#8243; element=&#8221;p&#8221;][vc_column_text]<\/p>\n<p style=\"font-size: 37pt; font-family: Nunito; font-weight: bold; line-height: 1; text-align: center;\">Proyectos humanitarios<\/p>\n<p>[\/vc_column_text][vc_row_inner][vc_column_inner width=&#8221;1\/3&#8243; css=&#8221;.vc_custom_1775157569637{padding-top: 2% !important;padding-right: 2% !important;padding-bottom: 1% !important;padding-left: 2% !important;background-color: #ffffff !important;border-radius: 15px !important;}&#8221;][vc_single_image image=&#8221;60&#8243; img_size=&#8221;full&#8221; alignment=&#8221;center&#8221; style=&#8221;vc_box_rounded&#8221;]<div class=\"porto-sicon-box  vc_custom_1775157523817  wpb_custom_6bd3ea43243bb56571d580d187f8d1d7 style_1 top-icon\"><div class=\"porto-sicon-top\"><div class=\"porto-just-icon-wrapper porto-icon circle\" style=\"color:#ffffff;background:#14ab19;font-size:22px;\"><i class=\"fas fa-home\"><\/i><\/div><\/div><div class=\"porto-sicon-header\"><h3 class=\"porto-sicon-title\" style=\"\">Casa propia para las personas m\u00e1s necesitadas<\/h3><\/div> <!-- header --><\/div><!-- porto-sicon-box -->[\/vc_column_inner][vc_column_inner width=&#8221;1\/3&#8243; css=&#8221;.vc_custom_1775157638549{margin-right: 1% !important;margin-left: 1% !important;padding-top: 2% !important;padding-right: 2% !important;padding-bottom: 1% !important;padding-left: 2% !important;background-color: #ffffff !important;border-radius: 15px !important;}&#8221;][vc_single_image image=&#8221;72&#8243; img_size=&#8221;full&#8221; alignment=&#8221;center&#8221; style=&#8221;vc_box_rounded&#8221;]<div class=\"porto-sicon-box  vc_custom_1775157757941  wpb_custom_6bd3ea43243bb56571d580d187f8d1d7 style_1 top-icon\"><div class=\"porto-sicon-top\"><div class=\"porto-just-icon-wrapper porto-icon circle\" style=\"color:#ffffff;background:#14ab19;font-size:22px;\"><i class=\"fas fa-heartbeat\"><\/i><\/div><\/div><div class=\"porto-sicon-header\"><h3 class=\"porto-sicon-title\" style=\"\">Nutrici\u00f3n y salud para la ni\u00f1ez m\u00e1s desfavorecida<\/h3><\/div> <!-- header --><\/div><!-- porto-sicon-box -->[\/vc_column_inner][vc_column_inner width=&#8221;1\/3&#8243; css=&#8221;.vc_custom_1775157619589{padding-top: 2% !important;padding-right: 2% !important;padding-bottom: 1% !important;padding-left: 2% !important;background-color: #ffffff !important;border-radius: 15px !important;}&#8221;][vc_single_image image=&#8221;74&#8243; img_size=&#8221;full&#8221; alignment=&#8221;center&#8221; style=&#8221;vc_box_rounded&#8221;]<div class=\"porto-sicon-box  vc_custom_1775158002908  wpb_custom_6bd3ea43243bb56571d580d187f8d1d7 style_1 top-icon\"><div class=\"porto-sicon-top\"><div class=\"porto-just-icon-wrapper porto-icon circle\" style=\"color:#ffffff;background:#14ab19;font-size:22px;\"><i class=\"fas fa-stethoscope\"><\/i><\/div><\/div><div class=\"porto-sicon-header\"><h3 class=\"porto-sicon-title\" style=\"\">Nutrici\u00f3n y salud para los ancianos<\/h3><\/div> <!-- header --><\/div><!-- porto-sicon-box -->[\/vc_column_inner][\/vc_row_inner][\/vc_column][\/vc_row][vc_row content_placement=&#8221;middle&#8221; conditional_render=&#8221;%5B%7B%22value_role%22%3A%22administrator%22%7D%5D&#8221;][vc_column width=&#8221;1\/2&#8243;][vc_column_text]<\/p>\n<p style=\"text-align: left; font-size: 37pt; font-family: 'Nunito'; font-weight: bold; line-height: 1;\">Nuestra Inspiraci\u00f3n<\/p>\n<p>[\/vc_column_text][vc_column_text css=&#8221;.vc_custom_1775160075925{margin-top: -3% !important;}&#8221;]<\/p>\n<p style=\"text-align: justify; font-size: 13pt;\">Creemos en una infraestructura que dignifica y en vidas que vuelven a creer. Porque donde llega la presencia de Dios, todo comienza a renacer. No hay barrera que pueda detener lo que \u00c9l quiere hacer en cada coraz\u00f3n y en cada comunidad.<\/p>\n<p style=\"text-align: justify; font-size: 13pt;\">Somos una fundaci\u00f3n que vive por la gracia de Dios, llevando esperanza basada en su verdad. Jesucristo es nuestra fuerza, y en \u00c9l encontramos el poder para transformar la necesidad en nuevas oportunidades de vida.<\/p>\n<p>[\/vc_column_text][\/vc_column][vc_column width=&#8221;1\/2&#8243;][vc_column_text css=&#8221;.vc_custom_1775160090914{border-radius: 15px !important;}&#8221;]<video controls=\"controls\" width=\"100%\" height=\"NaN\"><br \/><source src=\"https:\/\/ecoweb.com.co\/fundacionviviendo\/wp-content\/uploads\/2026\/04\/Video-4.mp4\" type=\"video\/mp4\" \/><br \/><\/video>[\/vc_column_text][\/vc_column][\/vc_row][vc_row full_width=&#8221;stretch_row_content_no_spaces&#8221; css_animation=&#8221;zoomIn&#8221; el_class=&#8221;seo-block-home text-center color-white&#8221; css=&#8221;.vc_custom_1775159891122{margin-top: 2% !important;padding-right: 24% !important;padding-bottom: 7% !important;padding-left: 24% !important;}&#8221; conditional_render=&#8221;%5B%7B%22value_role%22%3A%22administrator%22%7D%5D&#8221;][vc_column][vc_column_text]<\/p>\n<p style=\"font-size: 37pt; font-family: Nunito; font-weight: bold; line-height: 1; text-align: center;\">Construyamos esperanza juntos<\/p>\n<p style=\"font-size: 20pt; text-align: center;\">\u00danete a nosotros y s\u00e9 parte de la esperanza que transforma vidas. Juntos podemos llevar amor, fe y ayuda a quienes m\u00e1s lo necesitan.<\/p>\n<p>[\/vc_column_text][vc_column_text]<\/p>\n<p style=\"text-align: center;\"><a style=\"text-decoration: none;\" href=\"#\" rel=\"noopener\"><span class=\"ver1\">M\u00e1s informaci\u00f3n<\/span><\/a><\/p>\n<p>[\/vc_column_text][\/vc_column][\/vc_row][vc_row][vc_column width=&#8221;1\/2&#8243;][\/vc_column][vc_column width=&#8221;1\/2&#8243;][\/vc_column][\/vc_row]<\/p>\n<\/div>","protected":false},"excerpt":{"rendered":"<p>[vc_row full_width=&#8221;stretch_row_content_no_spaces&#8221; css=&#8221;.vc_custom_1775046374758{margin-top: -20px !important;}&#8221; conditional_render=&#8221;%5B%7B%22value_role%22%3A%22administrator%22%7D%5D&#8221;][vc_column][rev_slider_vc alias=&#8221;inicio&#8221;][\/vc_column][\/vc_row][vc_row content_placement=&#8221;middle&#8221; conditional_render=&#8221;%5B%7B%22value_role%22%3A%22administrator%22%7D%5D&#8221;][vc_column width=&#8221;1\/2&#8243;][vc_single_image image=&#8221;32&#8243; img_size=&#8221;full&#8221; alignment=&#8221;center&#8221;][\/vc_column][vc_column width=&#8221;1\/2&#8243;][vc_column_text] Fundaci\u00f3n viviendo por su gracia [\/vc_column_text][vc_column_text css=&#8221;.vc_custom_1775156230256{margin-top: -3% !important;}&#8221;] Somos una fundaci\u00f3n cristiana sin \u00e1nimo de lucro, nacida del amor de Dios y de un llamado del Se\u00f1or para servir a quienes m\u00e1s lo necesitan. Nuestra misi\u00f3n es dar por gracia [&hellip;]<\/p>\n","protected":false},"author":1,"featured_media":0,"parent":0,"menu_order":0,"comment_status":"closed","ping_status":"closed","template":"","meta":{"footnotes":""},"class_list":["post-8","page","type-page","status-publish","hentry"],"_links":{"self":[{"href":"https:\/\/ecoweb.com.co\/fundacionviviendo\/wp-json\/wp\/v2\/pages\/8","targetHints":{"allow":["GET"]}}],"collection":[{"href":"https:\/\/ecoweb.com.co\/fundacionviviendo\/wp-json\/wp\/v2\/pages"}],"about":[{"href":"https:\/\/ecoweb.com.co\/fundacionviviendo\/wp-json\/wp\/v2\/types\/page"}],"author":[{"embeddable":true,"href":"https:\/\/ecoweb.com.co\/fundacionviviendo\/wp-json\/wp\/v2\/users\/1"}],"replies":[{"embeddable":true,"href":"https:\/\/ecoweb.com.co\/fundacionviviendo\/wp-json\/wp\/v2\/comments?post=8"}],"version-history":[{"count":39,"href":"https:\/\/ecoweb.com.co\/fundacionviviendo\/wp-json\/wp\/v2\/pages\/8\/revisions"}],"predecessor-version":[{"id":93,"href":"https:\/\/ecoweb.com.co\/fundacionviviendo\/wp-json\/wp\/v2\/pages\/8\/revisions\/93"}],"wp:attachment":[{"href":"https:\/\/ecoweb.com.co\/fundacionviviendo\/wp-json\/wp\/v2\/media?parent=8"}],"curies":[{"name":"wp","href":"https:\/\/api.w.org\/{rel}","templated":true}]}}