{"id":15,"date":"2026-02-23T09:51:25","date_gmt":"2026-02-23T14:51:25","guid":{"rendered":"https:\/\/ecoweb.com.co\/foncalima\/?page_id=15"},"modified":"2026-03-27T15:03:29","modified_gmt":"2026-03-27T20:03:29","slug":"convenios","status":"publish","type":"page","link":"https:\/\/ecoweb.com.co\/foncalima\/convenios\/","title":{"rendered":"Convenios"},"content":{"rendered":"<div class=\"wpb-content-wrapper\"><p>[vc_row css=&#8221;.vc_custom_1773695507531{margin-top: 3% !important;padding-top: 4% !important;padding-bottom: 1% !important;background-image: url(https:\/\/ecoweb.com.co\/foncalima\/wp-content\/uploads\/2026\/03\/fondi.png?id=340) !important;background-position: center !important;background-repeat: no-repeat !important;background-size: cover !important;}&#8221; conditional_render=&#8221;%5B%7B%22value_role%22%3A%22administrator%22%7D%5D&#8221;][vc_column width=&#8221;1\/6&#8243;][\/vc_column][vc_column width=&#8221;2\/3&#8243;][vc_column_text]<\/p>\n<p style=\"font-family: Raleway, sans-serif; font-size: 30pt; font-weight: bold; text-align: center;\"><span style=\"color: #ffffff;\">Convenios<\/span><\/p>\n<p style=\"text-align: center;\"><span style=\"color: #ffffff;\"><strong>Beneficios exclusivos para nuestros asociados<\/strong><\/span><\/p>\n<p style=\"text-align: center;\"><span style=\"color: #ffffff;\">Foncalima tiene alianzas con diferentes alianzas que ofrecen descuentos y beneficios especiales para ti y tu familia.<\/span><\/p>\n<p>[\/vc_column_text][\/vc_column][vc_column width=&#8221;1\/6&#8243;][\/vc_column][\/vc_row][vc_row css=&#8221;.vc_custom_1774641794793{margin-top: 3% !important;padding-top: 2% !important;background-color: #f7f7f7 !important;}&#8221; conditional_render=&#8221;%5B%7B%22value_role%22%3A%22administrator%22%7D%5D&#8221; el_id=&#8221;medicina-prepagada&#8221;][vc_column][vc_row_inner content_placement=&#8221;middle&#8221;][vc_column_inner width=&#8221;1\/3&#8243;][vc_single_image image=&#8221;457&#8243; img_size=&#8221;full&#8221; alignment=&#8221;center&#8221; label=&#8221;&#8221;][\/vc_column_inner][vc_column_inner width=&#8221;2\/3&#8243;][vc_column_text css_animation=&#8221;zoomIn&#8221; css=&#8221;.vc_custom_1774641776440{padding-left: 5% !important;background-color: #f7f7f7 !important;}&#8221;]<\/p>\n<p style=\"text-align: left;\"><span style=\"font-size: 26px;\"><strong>Convenio Medicina Prepagada. \u2192<\/strong><\/span><\/p>\n<p style=\"font-size: 13pt; text-align: left;\"><strong>Foncalima y Coomeva tienen un beneficio para ti.<\/strong><\/p>\n<p style=\"font-size: 11pt; text-align: left;\">Accede a medicina prepagada con tasa del 1.2% a trav\u00e9s de cr\u00e9dito del fondo para los planes:<br \/>\n\u2714 Oro Plus<br \/>\n\u2714 Plata Prime<br \/>\nCuida tu salud y la de tu familia con condiciones especiales para asociados.<br \/>\nSolicita m\u00e1s informaci\u00f3n o accede a tu cr\u00e9dito a trav\u00e9s de Foncalima.<\/p>\n<p style=\"text-align: left;\"><a style=\"text-decoration: none;\" href=\"https:\/\/api.whatsapp.com\/send\/?phone=573102471989&amp;text=Hola+%2AFoncalima%2A.+Necesito+m%C3%A1s+informaci%C3%B3n+sobre+Medicina+Prepagada&amp;type=phone_number&amp;app_absent=0\" target=\"_blank\" rel=\"noopener\"><span class=\"ver\">M\u00e1s informaci\u00f3n<\/span><\/a><\/p>\n<p>[\/vc_column_text][\/vc_column_inner][\/vc_row_inner][\/vc_column][\/vc_row][vc_row css=&#8221;.vc_custom_1772637136871{margin-top: 3% !important;}&#8221; conditional_render=&#8221;%5B%7B%22value_role%22%3A%22administrator%22%7D%5D&#8221;][vc_column width=&#8221;1\/3&#8243; css=&#8221;.vc_custom_1772637032132{margin-right: 1% !important;border-top-width: 1px !important;border-right-width: 1px !important;border-bottom-width: 1px !important;border-left-width: 1px !important;padding-right: 1% !important;padding-left: 1% !important;border-left-color: #e8e8e8 !important;border-left-style: solid !important;border-right-color: #e8e8e8 !important;border-right-style: solid !important;border-top-color: #e8e8e8 !important;border-top-style: solid !important;border-bottom-color: #e8e8e8 !important;border-bottom-style: solid !important;}&#8221; conditional_render=&#8221;%5B%7B%22value_role%22%3A%22administrator%22%7D%5D&#8221;][vc_column_text]<img loading=\"lazy\" decoding=\"async\" class=\" wp-image-235 aligncenter\" src=\"https:\/\/ecoweb.com.co\/foncalima\/wp-content\/uploads\/2026\/02\/da-300x135.png\" alt=\"\" width=\"209\" height=\"94\" \/>[\/vc_column_text][vc_column_text css=&#8221;.vc_custom_1771958731838{margin-top: -4% !important;}&#8221;]<strong><img loading=\"lazy\" decoding=\"async\" class=\"alignnone wp-image-214\" src=\"https:\/\/ecoweb.com.co\/foncalima\/wp-content\/uploads\/2026\/02\/Descuento-300x300.png\" alt=\"\" width=\"26\" height=\"26\" \/> Descuento<\/strong> \u2192<\/p>\n<p style=\"text-align: left; font-size: 11pt;\">Servicios m\u00e9dicos y quir\u00fargicos: hasta 10%<br \/>\nVacunaci\u00f3n y desparasitaci\u00f3n: 3%<br \/>\nLaboratorio cl\u00ednico: 5%<br \/>\nProfilaxis dental: 10%<br \/>\nPeluquer\u00eda y guarder\u00eda: 5%<br \/>\nTienda, drogueria y accesorios: 3%<\/p>\n<p>[\/vc_column_text][\/vc_column][vc_column width=&#8221;1\/3&#8243; css=&#8221;.vc_custom_1771959028602{margin-right: 1% !important;border-top-width: 1px !important;border-right-width: 1px !important;border-bottom-width: 1px !important;border-left-width: 1px !important;border-left-color: #e8e8e8 !important;border-left-style: solid !important;border-right-color: #e8e8e8 !important;border-right-style: solid !important;border-top-color: #e8e8e8 !important;border-top-style: solid !important;border-bottom-color: #e8e8e8 !important;border-bottom-style: solid !important;}&#8221; conditional_render=&#8221;%5B%7B%22value_role%22%3A%22administrator%22%7D%5D&#8221;][vc_column_text]<img loading=\"lazy\" decoding=\"async\" class=\" wp-image-235 aligncenter\" src=\"https:\/\/ecoweb.com.co\/foncalima\/wp-content\/uploads\/2026\/02\/Convenios5.jpg\" alt=\"\" width=\"209\" height=\"94\" \/>[\/vc_column_text][vc_column_text css=&#8221;.vc_custom_1771957701026{margin-top: -4% !important;}&#8221;]<strong><img loading=\"lazy\" decoding=\"async\" class=\"alignnone wp-image-214\" src=\"https:\/\/ecoweb.com.co\/foncalima\/wp-content\/uploads\/2026\/02\/Descuento-300x300.png\" alt=\"\" width=\"26\" height=\"26\" \/> Descuento<\/strong> \u2192<\/p>\n<p style=\"text-align: left; font-size: 11pt;\">Consulta oftanmologica 50%<br \/>\nConsulta Optometria 30%<br \/>\nConsulta Oftalmopediatria 20%<br \/>\nEvaluacion y terapia ortoptica 10%[\/vc_column_text][\/vc_column][vc_column width=&#8221;1\/3&#8243; css=&#8221;.vc_custom_1771959032473{margin-right: 1% !important;border-top-width: 1px !important;border-right-width: 1px !important;border-bottom-width: 1px !important;border-left-width: 1px !important;border-left-color: #e8e8e8 !important;border-left-style: solid !important;border-right-color: #e8e8e8 !important;border-right-style: solid !important;border-top-color: #e8e8e8 !important;border-top-style: solid !important;border-bottom-color: #e8e8e8 !important;border-bottom-style: solid !important;}&#8221; conditional_render=&#8221;%5B%7B%22value_role%22%3A%22administrator%22%7D%5D&#8221;][vc_column_text]<img loading=\"lazy\" decoding=\"async\" class=\" wp-image-235 aligncenter\" src=\"https:\/\/ecoweb.com.co\/foncalima\/wp-content\/uploads\/2026\/02\/Convenios8.jpg\" alt=\"\" width=\"209\" height=\"94\" \/>[\/vc_column_text][vc_column_text css=&#8221;.vc_custom_1771957658178{margin-top: -4% !important;}&#8221;]<strong><img loading=\"lazy\" decoding=\"async\" class=\"alignnone wp-image-214\" src=\"https:\/\/ecoweb.com.co\/foncalima\/wp-content\/uploads\/2026\/02\/Descuento-300x300.png\" alt=\"\" width=\"26\" height=\"26\" \/> Descuento<\/strong> \u2192<\/p>\n<p style=\"text-align: left; font-size: 11pt;\">odontologia estetica 30%<br \/>\nimplantes o protesis 20%<br \/>\nortodoncia &#8211; endodoncia 10%<\/p>\n<p>[\/vc_column_text][\/vc_column][\/vc_row][vc_row css=&#8221;.vc_custom_1771957843779{margin-top: 2% !important;}&#8221; conditional_render=&#8221;%5B%7B%22value_role%22%3A%22administrator%22%7D%5D&#8221;][vc_column width=&#8221;1\/3&#8243; css=&#8221;.vc_custom_1771958221497{margin-right: 1% !important;border-top-width: 1px !important;border-right-width: 1px !important;border-bottom-width: 1px !important;border-left-width: 1px !important;border-left-color: #e8e8e8 !important;border-left-style: solid !important;border-right-color: #e8e8e8 !important;border-right-style: solid !important;border-top-color: #e8e8e8 !important;border-top-style: solid !important;border-bottom-color: #e8e8e8 !important;border-bottom-style: solid !important;}&#8221; conditional_render=&#8221;%5B%7B%22value_role%22%3A%22administrator%22%7D%5D&#8221;][vc_column_text]<img loading=\"lazy\" decoding=\"async\" class=\" wp-image-235 aligncenter\" src=\"https:\/\/ecoweb.com.co\/foncalima\/wp-content\/uploads\/2026\/02\/Convenios7.jpg\" alt=\"\" width=\"209\" height=\"94\" \/>[\/vc_column_text][vc_column_text css=&#8221;.vc_custom_1771957682418{margin-top: -4% !important;}&#8221;]<strong><img loading=\"lazy\" decoding=\"async\" class=\"alignnone wp-image-214\" src=\"https:\/\/ecoweb.com.co\/foncalima\/wp-content\/uploads\/2026\/02\/Descuento-300x300.png\" alt=\"\" width=\"26\" height=\"26\" \/> Descuento<\/strong> \u2192<\/p>\n<p style=\"text-align: left; font-size: 11pt;\">15% de descuento[\/vc_column_text][\/vc_column][vc_column width=&#8221;1\/3&#8243; css=&#8221;.vc_custom_1771957320109{border-top-width: 1px !important;border-right-width: 1px !important;border-bottom-width: 1px !important;border-left-width: 1px !important;border-left-color: #e8e8e8 !important;border-left-style: solid !important;border-right-color: #e8e8e8 !important;border-right-style: solid !important;border-top-color: #e8e8e8 !important;border-top-style: solid !important;border-bottom-color: #e8e8e8 !important;border-bottom-style: solid !important;}&#8221; conditional_render=&#8221;%5B%7B%22value_role%22%3A%22administrator%22%7D%5D&#8221;][vc_column_text]<img loading=\"lazy\" decoding=\"async\" class=\" wp-image-235 aligncenter\" src=\"https:\/\/ecoweb.com.co\/foncalima\/wp-content\/uploads\/2026\/02\/Convenios4.jpg\" alt=\"\" width=\"209\" height=\"94\" \/>[\/vc_column_text][vc_column_text css=&#8221;.vc_custom_1771957745620{margin-top: -4% !important;}&#8221;]<strong><img loading=\"lazy\" decoding=\"async\" class=\"alignnone wp-image-214\" src=\"https:\/\/ecoweb.com.co\/foncalima\/wp-content\/uploads\/2026\/02\/Descuento-300x300.png\" alt=\"\" width=\"26\" height=\"26\" \/> Descuento<\/strong> \u2192<\/p>\n<p style=\"text-align: left; font-size: 11pt;\">$20.000 por persona<\/p>\n<p>[\/vc_column_text][\/vc_column][vc_column width=&#8221;1\/3&#8243; css=&#8221;.vc_custom_1771957341817{margin-right: 1% !important;margin-left: 1% !important;border-top-width: 1px !important;border-right-width: 1px !important;border-bottom-width: 1px !important;border-left-width: 1px !important;border-left-color: #e8e8e8 !important;border-left-style: solid !important;border-right-color: #e8e8e8 !important;border-right-style: solid !important;border-top-color: #e8e8e8 !important;border-top-style: solid !important;border-bottom-color: #e8e8e8 !important;border-bottom-style: solid !important;}&#8221; conditional_render=&#8221;%5B%7B%22value_role%22%3A%22administrator%22%7D%5D&#8221;][vc_column_text]<img loading=\"lazy\" decoding=\"async\" class=\" wp-image-235 aligncenter\" src=\"https:\/\/ecoweb.com.co\/foncalima\/wp-content\/uploads\/2026\/02\/Convenios2.jpg\" alt=\"\" width=\"209\" height=\"94\" \/>[\/vc_column_text][vc_column_text css=&#8221;.vc_custom_1771957793452{margin-top: -4% !important;}&#8221;]<strong><img loading=\"lazy\" decoding=\"async\" class=\"alignnone wp-image-214\" src=\"https:\/\/ecoweb.com.co\/foncalima\/wp-content\/uploads\/2026\/02\/Descuento-300x300.png\" alt=\"\" width=\"26\" height=\"26\" \/> Descuento<\/strong> \u2192<\/p>\n<p style=\"text-align: left; font-size: 11pt;\">5% de descuento<\/p>\n<p>[\/vc_column_text][\/vc_column][\/vc_row][vc_row css=&#8221;.vc_custom_1771957843779{margin-top: 2% !important;}&#8221; conditional_render=&#8221;%5B%7B%22value_role%22%3A%22administrator%22%7D%5D&#8221;][vc_column width=&#8221;1\/3&#8243; css=&#8221;.vc_custom_1771958761509{margin-right: 1% !important;border-top-width: 1px !important;border-right-width: 1px !important;border-bottom-width: 1px !important;border-left-width: 1px !important;border-left-color: #e8e8e8 !important;border-left-style: solid !important;border-right-color: #e8e8e8 !important;border-right-style: solid !important;border-top-color: #e8e8e8 !important;border-top-style: solid !important;border-bottom-color: #e8e8e8 !important;border-bottom-style: solid !important;}&#8221; conditional_render=&#8221;%5B%7B%22value_role%22%3A%22administrator%22%7D%5D&#8221;][vc_column_text]<img loading=\"lazy\" decoding=\"async\" class=\" wp-image-235 aligncenter\" src=\"https:\/\/ecoweb.com.co\/foncalima\/wp-content\/uploads\/2026\/02\/Convenios6.jpg\" alt=\"\" width=\"209\" height=\"94\" \/>[\/vc_column_text][vc_column_text css=&#8221;.vc_custom_1771957670067{margin-top: -4% !important;}&#8221;]<strong><img loading=\"lazy\" decoding=\"async\" class=\"alignnone wp-image-214\" src=\"https:\/\/ecoweb.com.co\/foncalima\/wp-content\/uploads\/2026\/02\/Descuento-300x300.png\" alt=\"\" width=\"26\" height=\"26\" \/> Descuento<\/strong> \u2192<\/p>\n<p style=\"text-align: left; font-size: 11pt;\">Del 3% al 10%<\/p>\n<p>[\/vc_column_text][\/vc_column][vc_column width=&#8221;1\/3&#8243; css=&#8221;.vc_custom_1771958765097{margin-right: 1% !important;border-top-width: 1px !important;border-right-width: 1px !important;border-bottom-width: 1px !important;border-left-width: 1px !important;border-left-color: #e8e8e8 !important;border-left-style: solid !important;border-right-color: #e8e8e8 !important;border-right-style: solid !important;border-top-color: #e8e8e8 !important;border-top-style: solid !important;border-bottom-color: #e8e8e8 !important;border-bottom-style: solid !important;}&#8221; conditional_render=&#8221;%5B%7B%22value_role%22%3A%22administrator%22%7D%5D&#8221;][vc_column_text]<img loading=\"lazy\" decoding=\"async\" class=\" wp-image-235 aligncenter\" src=\"https:\/\/ecoweb.com.co\/foncalima\/wp-content\/uploads\/2026\/02\/hacb.png\" alt=\"\" width=\"209\" height=\"94\" \/>[\/vc_column_text][vc_column_text css=&#8221;.vc_custom_1771958153204{margin-top: -4% !important;}&#8221;]<strong><img loading=\"lazy\" decoding=\"async\" class=\"alignnone wp-image-214\" src=\"https:\/\/ecoweb.com.co\/foncalima\/wp-content\/uploads\/2026\/02\/Descuento-300x300.png\" alt=\"\" width=\"26\" height=\"26\" \/> Descuento<\/strong> \u2192<\/p>\n<p style=\"text-align: left; font-size: 11pt;\">Del 15% al 25%<\/p>\n<p>[\/vc_column_text][\/vc_column][vc_column width=&#8221;1\/3&#8243; css=&#8221;.vc_custom_1771959009300{margin-right: 1% !important;border-top-width: 1px !important;border-right-width: 1px !important;border-bottom-width: 1px !important;border-left-width: 1px !important;border-left-color: #e8e8e8 !important;border-left-style: solid !important;border-right-color: #e8e8e8 !important;border-right-style: solid !important;border-top-color: #e8e8e8 !important;border-top-style: solid !important;border-bottom-color: #e8e8e8 !important;border-bottom-style: solid !important;}&#8221; conditional_render=&#8221;%5B%7B%22value_role%22%3A%22administrator%22%7D%5D&#8221;][vc_column_text]<img loading=\"lazy\" decoding=\"async\" class=\" wp-image-235 aligncenter\" src=\"https:\/\/ecoweb.com.co\/foncalima\/wp-content\/uploads\/2026\/02\/velez.png\" alt=\"\" width=\"209\" height=\"94\" \/>[\/vc_column_text][vc_column_text css=&#8221;.vc_custom_1771958536777{margin-top: -4% !important;}&#8221;]<strong><img loading=\"lazy\" decoding=\"async\" class=\"alignnone wp-image-214\" src=\"https:\/\/ecoweb.com.co\/foncalima\/wp-content\/uploads\/2026\/02\/Descuento-300x300.png\" alt=\"\" width=\"26\" height=\"26\" \/> Descuento<\/strong> \u2192<\/p>\n<p style=\"text-align: left; font-size: 11pt;\">Hasta el 50%<\/p>\n<p>[\/vc_column_text][\/vc_column][\/vc_row][vc_row css=&#8221;.vc_custom_1772637311859{margin-top: 2% !important;margin-bottom: 3% !important;}&#8221; conditional_render=&#8221;%5B%7B%22value_role%22%3A%22administrator%22%7D%5D&#8221;][vc_column width=&#8221;1\/3&#8243; css=&#8221;.vc_custom_1772637229785{border-top-width: 1px !important;border-right-width: 1px !important;border-bottom-width: 1px !important;border-left-width: 1px !important;border-left-color: #e8e8e8 !important;border-left-style: solid !important;border-right-color: #e8e8e8 !important;border-right-style: solid !important;border-top-color: #e8e8e8 !important;border-top-style: solid !important;border-bottom-color: #e8e8e8 !important;border-bottom-style: solid !important;}&#8221; conditional_render=&#8221;%5B%7B%22value_role%22%3A%22administrator%22%7D%5D&#8221;][vc_column_text]<img loading=\"lazy\" decoding=\"async\" class=\" wp-image-235 aligncenter\" src=\"https:\/\/ecoweb.com.co\/foncalima\/wp-content\/uploads\/2026\/02\/Convenios3.jpg\" alt=\"\" width=\"209\" height=\"94\" \/>[\/vc_column_text][vc_column_text css=&#8221;.vc_custom_1771957676474{margin-top: -4% !important;}&#8221;]<strong><img loading=\"lazy\" decoding=\"async\" class=\"alignnone wp-image-214\" src=\"https:\/\/ecoweb.com.co\/foncalima\/wp-content\/uploads\/2026\/02\/Descuento-300x300.png\" alt=\"\" width=\"26\" height=\"26\" \/> Descuento<\/strong> \u2192<\/p>\n<p style=\"text-align: left; font-size: 11pt;\">Temporada alta 10%<br \/>\nTemporada baja 20%[\/vc_column_text][\/vc_column][vc_column width=&#8221;1\/3&#8243; css=&#8221;.vc_custom_1772637275237{margin-right: 1% !important;margin-left: 1% !important;border-top-width: 1px !important;border-right-width: 1px !important;border-bottom-width: 1px !important;border-left-width: 1px !important;border-left-color: #e8e8e8 !important;border-left-style: solid !important;border-right-color: #e8e8e8 !important;border-right-style: solid !important;border-top-color: #e8e8e8 !important;border-top-style: solid !important;border-bottom-color: #e8e8e8 !important;border-bottom-style: solid !important;}&#8221; conditional_render=&#8221;%5B%7B%22value_role%22%3A%22administrator%22%7D%5D&#8221;][vc_column_text]<img loading=\"lazy\" decoding=\"async\" class=\" wp-image-235 aligncenter\" src=\"https:\/\/ecoweb.com.co\/foncalima\/wp-content\/uploads\/2026\/02\/Convenios1.jpg\" alt=\"\" width=\"209\" height=\"94\" \/>[\/vc_column_text][vc_column_text css=&#8221;.vc_custom_1771957828430{margin-top: -4% !important;}&#8221;]<strong><img loading=\"lazy\" decoding=\"async\" class=\"alignnone wp-image-214\" src=\"https:\/\/ecoweb.com.co\/foncalima\/wp-content\/uploads\/2026\/02\/Descuento-300x300.png\" alt=\"\" width=\"26\" height=\"26\" \/> Descuento<\/strong> \u2192<\/p>\n<p style=\"text-align: left; font-size: 11pt;\">Del 2% al 5%<\/p>\n<p>[\/vc_column_text][\/vc_column][vc_column width=&#8221;1\/3&#8243; css=&#8221;.vc_custom_1772637296840{border-top-width: 1px !important;border-right-width: 1px !important;border-bottom-width: 1px !important;border-left-width: 1px !important;border-left-color: #e8e8e8 !important;border-left-style: solid !important;border-right-color: #e8e8e8 !important;border-right-style: solid !important;border-top-color: #e8e8e8 !important;border-top-style: solid !important;border-bottom-color: #e8e8e8 !important;border-bottom-style: solid !important;}&#8221; conditional_render=&#8221;%5B%7B%22value_role%22%3A%22administrator%22%7D%5D&#8221;][vc_column_text]<img loading=\"lazy\" decoding=\"async\" class=\" wp-image-235 aligncenter\" src=\"https:\/\/ecoweb.com.co\/foncalima\/wp-content\/uploads\/2026\/02\/emi.png\" alt=\"\" width=\"209\" height=\"94\" \/>[\/vc_column_text][vc_column_text css=&#8221;.vc_custom_1771958923107{margin-top: -4% !important;}&#8221;]<strong><img loading=\"lazy\" decoding=\"async\" class=\"alignnone wp-image-214\" src=\"https:\/\/ecoweb.com.co\/foncalima\/wp-content\/uploads\/2026\/02\/Descuento-300x300.png\" alt=\"\" width=\"26\" height=\"26\" \/> Descuento<\/strong> \u2192<\/p>\n<p style=\"text-align: left; font-size: 11pt;\">Tarifas especiales<\/p>\n<p>[\/vc_column_text][\/vc_column][\/vc_row]<\/p>\n<\/div>","protected":false},"excerpt":{"rendered":"<p>[vc_row css=&#8221;.vc_custom_1773695507531{margin-top: 3% !important;padding-top: 4% !important;padding-bottom: 1% !important;background-image: url(https:\/\/ecoweb.com.co\/foncalima\/wp-content\/uploads\/2026\/03\/fondi.png?id=340) !important;background-position: center !important;background-repeat: no-repeat !important;background-size: cover !important;}&#8221; conditional_render=&#8221;%5B%7B%22value_role%22%3A%22administrator%22%7D%5D&#8221;][vc_column width=&#8221;1\/6&#8243;][\/vc_column][vc_column width=&#8221;2\/3&#8243;][vc_column_text] Convenios Beneficios exclusivos para nuestros asociados Foncalima tiene alianzas con diferentes alianzas que ofrecen descuentos y beneficios especiales para ti y tu familia. [\/vc_column_text][\/vc_column][vc_column width=&#8221;1\/6&#8243;][\/vc_column][\/vc_row][vc_row css=&#8221;.vc_custom_1774641794793{margin-top: 3% !important;padding-top: 2% !important;background-color: #f7f7f7 !important;}&#8221; conditional_render=&#8221;%5B%7B%22value_role%22%3A%22administrator%22%7D%5D&#8221; el_id=&#8221;medicina-prepagada&#8221;][vc_column][vc_row_inner content_placement=&#8221;middle&#8221;][vc_column_inner width=&#8221;1\/3&#8243;][vc_single_image [&hellip;]<\/p>\n","protected":false},"author":1,"featured_media":0,"parent":0,"menu_order":0,"comment_status":"closed","ping_status":"closed","template":"","meta":{"_joinchat":[],"footnotes":""},"class_list":["post-15","page","type-page","status-publish","hentry"],"_links":{"self":[{"href":"https:\/\/ecoweb.com.co\/foncalima\/wp-json\/wp\/v2\/pages\/15","targetHints":{"allow":["GET"]}}],"collection":[{"href":"https:\/\/ecoweb.com.co\/foncalima\/wp-json\/wp\/v2\/pages"}],"about":[{"href":"https:\/\/ecoweb.com.co\/foncalima\/wp-json\/wp\/v2\/types\/page"}],"author":[{"embeddable":true,"href":"https:\/\/ecoweb.com.co\/foncalima\/wp-json\/wp\/v2\/users\/1"}],"replies":[{"embeddable":true,"href":"https:\/\/ecoweb.com.co\/foncalima\/wp-json\/wp\/v2\/comments?post=15"}],"version-history":[{"count":35,"href":"https:\/\/ecoweb.com.co\/foncalima\/wp-json\/wp\/v2\/pages\/15\/revisions"}],"predecessor-version":[{"id":458,"href":"https:\/\/ecoweb.com.co\/foncalima\/wp-json\/wp\/v2\/pages\/15\/revisions\/458"}],"wp:attachment":[{"href":"https:\/\/ecoweb.com.co\/foncalima\/wp-json\/wp\/v2\/media?parent=15"}],"curies":[{"name":"wp","href":"https:\/\/api.w.org\/{rel}","templated":true}]}}