{"id":167,"date":"2025-11-18T11:44:15","date_gmt":"2025-11-18T16:44:15","guid":{"rendered":"https:\/\/ecoweb.com.co\/fimaq\/?page_id=167"},"modified":"2025-11-18T12:31:50","modified_gmt":"2025-11-18T17:31:50","slug":"mantenimiento-y-repuestos","status":"publish","type":"page","link":"https:\/\/ecoweb.com.co\/fimaq\/mantenimiento-y-repuestos\/","title":{"rendered":"Mantenimiento y repuestos"},"content":{"rendered":"<div class=\"wpb-content-wrapper\"><p>[vc_row content_placement=&#8221;middle&#8221; css=&#8221;.vc_custom_1763487109446{margin-top: 3% !important;}&#8221; conditional_render=&#8221;%5B%7B%22value_role%22%3A%22administrator%22%7D%5D&#8221;][vc_column width=&#8221;1\/2&#8243; css=&#8221;.vc_custom_1763487060036{background-position: center !important;background-repeat: no-repeat !important;background-size: cover !important;}&#8221; conditional_render=&#8221;%5B%7B%22value_role%22%3A%22administrator%22%7D%5D&#8221;][vc_single_image image=&#8221;204&#8243; img_size=&#8221;full&#8221; alignment=&#8221;center&#8221; label=&#8221;&#8221;][\/vc_column][vc_column width=&#8221;1\/2&#8243; conditional_render=&#8221;%5B%7B%22value_role%22%3A%22administrator%22%7D%5D&#8221;][vc_column_text]<\/p>\n<p class=\"titulo\" style=\"text-align: left; font-size: 28pt; font-family: 'Playfair Display'; font-weight: 600;\"><span style=\"color: #000000;\">Mantenimiento y repuestos<\/span><\/p>\n<p>[\/vc_column_text][vc_column_text css=&#8221;.vc_custom_1763486999274{margin-top: -2% !important;}&#8221;]<\/p>\n<p style=\"text-align: left; font-size: 12pt;\">Ofrecemos repuestos de Impelers para Blowers Nacionales en permanente inventario. Sus procesos no se ver\u00e1n afectados por los r\u00e1pidos tiempos de entrega de repuestos y mantenimiento. Realizamos mantenimiento preventivo y reparaci\u00f3n de nuestros equipos.<\/p>\n<p>[\/vc_column_text][vc_column_text]<\/p>\n<p style=\"text-align: left;\"><a style=\"text-decoration: none;\" href=\"https:\/\/api.whatsapp.com\/send\/?phone=573108373510&amp;text=Hola+%2AFimaq%2A.+Necesito+m%C3%A1s+informaci%C3%B3n+sobre+Mantenimiento+y+repuestos&amp;type=phone_number&amp;app_absent=0\" target=\"_blank\" rel=\"noopener\"><span class=\"ver\">Cotizar ahora<\/span><\/a><\/p>\n<p>[\/vc_column_text][\/vc_column][\/vc_row]<\/p>\n<\/div>","protected":false},"excerpt":{"rendered":"<p>[vc_row content_placement=&#8221;middle&#8221; css=&#8221;.vc_custom_1763487109446{margin-top: 3% !important;}&#8221; conditional_render=&#8221;%5B%7B%22value_role%22%3A%22administrator%22%7D%5D&#8221;][vc_column width=&#8221;1\/2&#8243; css=&#8221;.vc_custom_1763487060036{background-position: center !important;background-repeat: no-repeat !important;background-size: cover !important;}&#8221; conditional_render=&#8221;%5B%7B%22value_role%22%3A%22administrator%22%7D%5D&#8221;][vc_single_image image=&#8221;204&#8243; img_size=&#8221;full&#8221; alignment=&#8221;center&#8221; label=&#8221;&#8221;][\/vc_column][vc_column width=&#8221;1\/2&#8243; conditional_render=&#8221;%5B%7B%22value_role%22%3A%22administrator%22%7D%5D&#8221;][vc_column_text] Mantenimiento y repuestos [\/vc_column_text][vc_column_text css=&#8221;.vc_custom_1763486999274{margin-top: -2% !important;}&#8221;] Ofrecemos repuestos de Impelers para Blowers Nacionales en permanente inventario. Sus procesos no se ver\u00e1n afectados por los r\u00e1pidos tiempos de entrega de repuestos y mantenimiento. Realizamos [&hellip;]<\/p>\n","protected":false},"author":1,"featured_media":0,"parent":0,"menu_order":0,"comment_status":"closed","ping_status":"closed","template":"","meta":{"_joinchat":[],"footnotes":""},"class_list":["post-167","page","type-page","status-publish","hentry"],"_links":{"self":[{"href":"https:\/\/ecoweb.com.co\/fimaq\/wp-json\/wp\/v2\/pages\/167","targetHints":{"allow":["GET"]}}],"collection":[{"href":"https:\/\/ecoweb.com.co\/fimaq\/wp-json\/wp\/v2\/pages"}],"about":[{"href":"https:\/\/ecoweb.com.co\/fimaq\/wp-json\/wp\/v2\/types\/page"}],"author":[{"embeddable":true,"href":"https:\/\/ecoweb.com.co\/fimaq\/wp-json\/wp\/v2\/users\/1"}],"replies":[{"embeddable":true,"href":"https:\/\/ecoweb.com.co\/fimaq\/wp-json\/wp\/v2\/comments?post=167"}],"version-history":[{"count":6,"href":"https:\/\/ecoweb.com.co\/fimaq\/wp-json\/wp\/v2\/pages\/167\/revisions"}],"predecessor-version":[{"id":208,"href":"https:\/\/ecoweb.com.co\/fimaq\/wp-json\/wp\/v2\/pages\/167\/revisions\/208"}],"wp:attachment":[{"href":"https:\/\/ecoweb.com.co\/fimaq\/wp-json\/wp\/v2\/media?parent=167"}],"curies":[{"name":"wp","href":"https:\/\/api.w.org\/{rel}","templated":true}]}}