{"id":33,"date":"2026-04-01T17:34:53","date_gmt":"2026-04-01T22:34:53","guid":{"rendered":"https:\/\/ecoweb.com.co\/exito\/?page_id=33"},"modified":"2026-04-01T19:10:19","modified_gmt":"2026-04-02T00:10:19","slug":"declaracion-de-renta","status":"publish","type":"page","link":"https:\/\/ecoweb.com.co\/exito\/declaracion-de-renta\/","title":{"rendered":"Declaraci\u00f3n de renta"},"content":{"rendered":"<div class=\"wpb-content-wrapper\"><p>[vc_row full_width=&#8221;stretch_row_content_no_spaces&#8221; conditional_render=&#8221;%5B%7B%22value_role%22%3A%22administrator%22%7D%5D&#8221;][vc_column][rev_slider_vc alias=&#8221;internas&#8221;][\/vc_column][\/vc_row][vc_row content_placement=&#8221;middle&#8221; conditional_render=&#8221;%5B%7B%22value_role%22%3A%22administrator%22%7D%5D&#8221; css=&#8221;.vc_custom_1775088376029{margin-top: 5% !important;margin-bottom: 3% !important;}&#8221;][vc_column width=&#8221;1\/2&#8243;][\/vc_column][vc_column width=&#8221;1\/2&#8243;][vc_column_text css_animation=&#8221;zoomIn&#8221;]<\/p>\n<p class=\"titulo1\" style=\"text-align: left; font-size: 22pt; color: #3f6e77; font-weight: 800;\">Declaraci\u00f3n de Renta<\/p>\n<h1 class=\"titulo2\" style=\"font-family: Jost, sans-serif; font-size: 30pt; font-weight: 800; color: #026879; line-height: 1;\">Declaraci\u00f3n de renta personas naturales en Colombia, Asesor\u00eda experta<\/h1>\n<p>[\/vc_column_text][vc_column_text css_animation=&#8221;zoomIn&#8221;]<\/p>\n<p style=\"text-align: left; font-size: 15pt; font-weight: 500;\">Elaboramos y presentamos tu declaraci\u00f3n de renta de forma correcta y estrat\u00e9gica, evitando errores que puedan generar sanciones.<\/p>\n<p style=\"text-align: left; font-size: 15pt; font-weight: 500;\"><strong>Servicios incluidos:<\/strong><br \/>\n\u2022\tElaboraci\u00f3n de declaraci\u00f3n de renta<br \/>\n\u2022\tCorrecci\u00f3n de declaraciones<br \/>\n\u2022\tRespuesta a requerimientos de la DIAN<br \/>\n\u2022\tDevoluci\u00f3n de saldos a favor<\/p>\n<p>[\/vc_column_text][vc_column_text css_animation=&#8221;zoomIn&#8221; css=&#8221;.vc_custom_1775088696288{padding-top: 1% !important;}&#8221; el_class=&#8221;zoom&#8221;]<\/p>\n<p style=\"text-align: left;\"><a style=\"text-decoration: none;\" href=\"https:\/\/api.whatsapp.com\/send\/?phone=573107675769&amp;text&amp;type=phone_number&amp;app_absent=0\"><span class=\"ver1\">Solicitar declaraci\u00f3n de renta<\/span><\/a><\/p>\n<p>[\/vc_column_text][\/vc_column][\/vc_row]<\/p>\n<\/div>","protected":false},"excerpt":{"rendered":"<p>[vc_row full_width=&#8221;stretch_row_content_no_spaces&#8221; conditional_render=&#8221;%5B%7B%22value_role%22%3A%22administrator%22%7D%5D&#8221;][vc_column][rev_slider_vc alias=&#8221;internas&#8221;][\/vc_column][\/vc_row][vc_row content_placement=&#8221;middle&#8221; conditional_render=&#8221;%5B%7B%22value_role%22%3A%22administrator%22%7D%5D&#8221; css=&#8221;.vc_custom_1775088376029{margin-top: 5% !important;margin-bottom: 3% !important;}&#8221;][vc_column width=&#8221;1\/2&#8243;][\/vc_column][vc_column width=&#8221;1\/2&#8243;][vc_column_text css_animation=&#8221;zoomIn&#8221;] Declaraci\u00f3n de Renta Declaraci\u00f3n de renta personas naturales en Colombia, Asesor\u00eda experta [\/vc_column_text][vc_column_text css_animation=&#8221;zoomIn&#8221;] Elaboramos y presentamos tu declaraci\u00f3n de renta de forma correcta y estrat\u00e9gica, evitando errores que puedan generar sanciones. Servicios incluidos: \u2022 Elaboraci\u00f3n de declaraci\u00f3n de renta \u2022 [&hellip;]<\/p>\n","protected":false},"author":1,"featured_media":0,"parent":0,"menu_order":0,"comment_status":"closed","ping_status":"closed","template":"","meta":{"_joinchat":[],"footnotes":""},"class_list":["post-33","page","type-page","status-publish","hentry"],"_links":{"self":[{"href":"https:\/\/ecoweb.com.co\/exito\/wp-json\/wp\/v2\/pages\/33","targetHints":{"allow":["GET"]}}],"collection":[{"href":"https:\/\/ecoweb.com.co\/exito\/wp-json\/wp\/v2\/pages"}],"about":[{"href":"https:\/\/ecoweb.com.co\/exito\/wp-json\/wp\/v2\/types\/page"}],"author":[{"embeddable":true,"href":"https:\/\/ecoweb.com.co\/exito\/wp-json\/wp\/v2\/users\/1"}],"replies":[{"embeddable":true,"href":"https:\/\/ecoweb.com.co\/exito\/wp-json\/wp\/v2\/comments?post=33"}],"version-history":[{"count":3,"href":"https:\/\/ecoweb.com.co\/exito\/wp-json\/wp\/v2\/pages\/33\/revisions"}],"predecessor-version":[{"id":132,"href":"https:\/\/ecoweb.com.co\/exito\/wp-json\/wp\/v2\/pages\/33\/revisions\/132"}],"wp:attachment":[{"href":"https:\/\/ecoweb.com.co\/exito\/wp-json\/wp\/v2\/media?parent=33"}],"curies":[{"name":"wp","href":"https:\/\/api.w.org\/{rel}","templated":true}]}}