{"id":68,"date":"2025-12-10T12:58:16","date_gmt":"2025-12-10T17:58:16","guid":{"rendered":"https:\/\/ecoweb.com.co\/escaneo3d\/?page_id=68"},"modified":"2025-12-10T16:57:22","modified_gmt":"2025-12-10T21:57:22","slug":"escaneo-3d-de-corto-alcance","status":"publish","type":"page","link":"https:\/\/ecoweb.com.co\/escaneo3d\/escaneo-3d-de-corto-alcance\/","title":{"rendered":"Escaneo 3d de corto alcance"},"content":{"rendered":"<div class=\"wpb-content-wrapper\"><p>[vc_row content_placement=&#8221;middle&#8221; css=&#8221;.vc_custom_1765403727414{margin-top: 4% !important;}&#8221; conditional_render=&#8221;%5B%7B%22value_role%22%3A%22administrator%22%7D%5D&#8221;][vc_column width=&#8221;1\/2&#8243;][vc_single_image image=&#8221;67&#8243; img_size=&#8221;full&#8221; alignment=&#8221;center&#8221; label=&#8221;&#8221; animation_type=&#8221;fadeInLeft&#8221;][\/vc_column][vc_column width=&#8221;1\/2&#8243;][vc_column_text css_animation=&#8221;fadeInRight&#8221;]<\/p>\n<p class=\"subtitulo\" style=\"text-align: left; font-size: 25pt; font-weight: bold;\">Escaneo 3d de corto alcance<\/p>\n<p>[\/vc_column_text][vc_column_text css_animation=&#8221;fadeInRight&#8221; css=&#8221;.vc_custom_1765403825746{margin-top: -3% !important;}&#8221;]<\/p>\n<p style=\"text-align: left; font-size: 12pt;\">Usamos tecnolog\u00eda de alta precisi\u00f3n que capta cada detalle, por peque\u00f1o que sea, y un equipo con la experiencia necesaria para hacerlo f\u00e1cil, r\u00e1pido y sin enredos.<\/p>\n<p style=\"text-align: left; font-size: 12pt;\">Ideal para replicar, redise\u00f1ar o mejorar piezas sin necesidad de planos, ahorrar tiempo en tus proyectos y asegurar resultados precisos desde el primer intento.<\/p>\n<p>[\/vc_column_text][vc_column_text css_animation=&#8221;fadeInRight&#8221;]<\/p>\n<p style=\"text-align: left;\"><a style=\"text-decoration: none;\" href=\"https:\/\/api.whatsapp.com\/send\/?phone=573052365070&amp;text=Hola+%2AEscaneo+3D%2A.+Necesito+m%C3%A1s+informaci%C3%B3n+sobre+Escaneo+3d+de+corto+alcance&amp;type=phone_number&amp;app_absent=0\" target=\"_blank\" rel=\"noopener\"><span class=\"ver\">Cotizar servicio<\/span><\/a><\/p>\n<p>[\/vc_column_text][\/vc_column][\/vc_row]<\/p>\n<\/div>","protected":false},"excerpt":{"rendered":"<p>[vc_row content_placement=&#8221;middle&#8221; css=&#8221;.vc_custom_1765403727414{margin-top: 4% !important;}&#8221; conditional_render=&#8221;%5B%7B%22value_role%22%3A%22administrator%22%7D%5D&#8221;][vc_column width=&#8221;1\/2&#8243;][vc_single_image image=&#8221;67&#8243; img_size=&#8221;full&#8221; alignment=&#8221;center&#8221; label=&#8221;&#8221; animation_type=&#8221;fadeInLeft&#8221;][\/vc_column][vc_column width=&#8221;1\/2&#8243;][vc_column_text css_animation=&#8221;fadeInRight&#8221;] Escaneo 3d de corto alcance [\/vc_column_text][vc_column_text css_animation=&#8221;fadeInRight&#8221; css=&#8221;.vc_custom_1765403825746{margin-top: -3% !important;}&#8221;] Usamos tecnolog\u00eda de alta precisi\u00f3n que capta cada detalle, por peque\u00f1o que sea, y un equipo con la experiencia necesaria para hacerlo f\u00e1cil, r\u00e1pido y sin enredos. Ideal para replicar, redise\u00f1ar [&hellip;]<\/p>\n","protected":false},"author":1,"featured_media":0,"parent":0,"menu_order":0,"comment_status":"closed","ping_status":"closed","template":"","meta":{"_joinchat":[],"footnotes":""},"class_list":["post-68","page","type-page","status-publish","hentry"],"_links":{"self":[{"href":"https:\/\/ecoweb.com.co\/escaneo3d\/wp-json\/wp\/v2\/pages\/68","targetHints":{"allow":["GET"]}}],"collection":[{"href":"https:\/\/ecoweb.com.co\/escaneo3d\/wp-json\/wp\/v2\/pages"}],"about":[{"href":"https:\/\/ecoweb.com.co\/escaneo3d\/wp-json\/wp\/v2\/types\/page"}],"author":[{"embeddable":true,"href":"https:\/\/ecoweb.com.co\/escaneo3d\/wp-json\/wp\/v2\/users\/1"}],"replies":[{"embeddable":true,"href":"https:\/\/ecoweb.com.co\/escaneo3d\/wp-json\/wp\/v2\/comments?post=68"}],"version-history":[{"count":6,"href":"https:\/\/ecoweb.com.co\/escaneo3d\/wp-json\/wp\/v2\/pages\/68\/revisions"}],"predecessor-version":[{"id":174,"href":"https:\/\/ecoweb.com.co\/escaneo3d\/wp-json\/wp\/v2\/pages\/68\/revisions\/174"}],"wp:attachment":[{"href":"https:\/\/ecoweb.com.co\/escaneo3d\/wp-json\/wp\/v2\/media?parent=68"}],"curies":[{"name":"wp","href":"https:\/\/api.w.org\/{rel}","templated":true}]}}