{"id":491,"date":"2025-10-06T15:27:38","date_gmt":"2025-10-06T20:27:38","guid":{"rendered":"https:\/\/ecoweb.com.co\/comercializamosantioquia\/?post_type=product&#038;p=491"},"modified":"2026-03-01T17:24:25","modified_gmt":"2026-03-01T22:24:25","slug":"protector-auditivo-ensamble-a-casco","status":"publish","type":"product","link":"https:\/\/ecoweb.com.co\/comercializamosantioquia\/producto\/protector-auditivo-ensamble-a-casco\/","title":{"rendered":"Protector auditivo ensamble a casco"},"content":{"rendered":"<h3 data-start=\"115\" data-end=\"161\">\ud83d\udee1\ufe0f <strong data-start=\"119\" data-end=\"161\">Protector Auditivo Ensamblable a Casco<\/strong><\/h3>\n<p data-start=\"163\" data-end=\"492\">En <strong data-start=\"166\" data-end=\"205\">Comercializamos Antioquia EPP S.A.S<\/strong> ofrecemos protectores auditivos ensamblables a casco, dise\u00f1ados para brindar <strong data-start=\"283\" data-end=\"315\">reducci\u00f3n efectiva del ruido<\/strong>, comodidad y compatibilidad total con cascos de seguridad industriales. Su dise\u00f1o pr\u00e1ctico y ajustable permite una protecci\u00f3n confiable sin afectar la movilidad del trabajador.<\/p>\n<hr data-start=\"494\" data-end=\"497\" \/>\n<p data-start=\"499\" data-end=\"532\">\u2b50 <strong data-start=\"501\" data-end=\"532\">Caracter\u00edsticas principales<\/strong><\/p>\n<p data-start=\"534\" data-end=\"940\">\u2022 Sistema <strong data-start=\"544\" data-end=\"559\">ensamblable<\/strong> compatible con cascos de seguridad est\u00e1ndar.<br data-start=\"604\" data-end=\"607\" \/>\u2022 Copas acolchadas que brindan <strong data-start=\"638\" data-end=\"682\">confort y aislamiento ac\u00fastico eficiente<\/strong>.<br data-start=\"683\" data-end=\"686\" \/>\u2022 Brazos ajustables para adaptar la posici\u00f3n seg\u00fan la necesidad del usuario.<br data-start=\"762\" data-end=\"765\" \/>\u2022 Materiales resistentes y duraderos para uso industrial continuo.<br data-start=\"831\" data-end=\"834\" \/>\u2022 Ideales para trabajos en <strong data-start=\"861\" data-end=\"888\">ambientes de alto ruido<\/strong>, como construcci\u00f3n, miner\u00eda y plantas industriales.<\/p>\n<hr data-start=\"942\" data-end=\"945\" \/>\n<p data-start=\"947\" data-end=\"1080\">\ud83d\udee1\ufe0f <strong data-start=\"951\" data-end=\"974\">Nuestro compromiso:<\/strong> ofrecer equipos auditivos seguros, c\u00f3modos y efectivos que protejan la salud auditiva de cada trabajador.<\/p>\n","protected":false},"excerpt":{"rendered":"<p>\ud83d\udee1\ufe0f Protector Auditivo Ensamblable a Casco En Comercializamos Antioquia EPP S.A.S ofrecemos protectores auditivos ensamblables a casco, dise\u00f1ados para brindar reducci\u00f3n efectiva del ruido, comodidad y compatibilidad total con cascos de seguridad industriales. Su dise\u00f1o pr\u00e1ctico y ajustable permite una protecci\u00f3n confiable sin afectar la movilidad del trabajador. \u2b50 Caracter\u00edsticas principales \u2022 Sistema ensamblable compatible [&hellip;]<\/p>\n","protected":false},"featured_media":966,"template":"","meta":{"_joinchat":[]},"product_brand":[],"product_cat":[33,17],"product_tag":[73],"class_list":{"0":"post-491","1":"product","2":"type-product","3":"status-publish","4":"has-post-thumbnail","6":"product_cat-proteccion-auditiva","7":"product_cat-seguridad-industrial","8":"product_tag-unidad","10":"first","11":"instock","12":"shipping-taxable","13":"purchasable","14":"product-type-simple"},"_links":{"self":[{"href":"https:\/\/ecoweb.com.co\/comercializamosantioquia\/wp-json\/wp\/v2\/product\/491","targetHints":{"allow":["GET"]}}],"collection":[{"href":"https:\/\/ecoweb.com.co\/comercializamosantioquia\/wp-json\/wp\/v2\/product"}],"about":[{"href":"https:\/\/ecoweb.com.co\/comercializamosantioquia\/wp-json\/wp\/v2\/types\/product"}],"wp:featuredmedia":[{"embeddable":true,"href":"https:\/\/ecoweb.com.co\/comercializamosantioquia\/wp-json\/wp\/v2\/media\/966"}],"wp:attachment":[{"href":"https:\/\/ecoweb.com.co\/comercializamosantioquia\/wp-json\/wp\/v2\/media?parent=491"}],"wp:term":[{"taxonomy":"product_brand","embeddable":true,"href":"https:\/\/ecoweb.com.co\/comercializamosantioquia\/wp-json\/wp\/v2\/product_brand?post=491"},{"taxonomy":"product_cat","embeddable":true,"href":"https:\/\/ecoweb.com.co\/comercializamosantioquia\/wp-json\/wp\/v2\/product_cat?post=491"},{"taxonomy":"product_tag","embeddable":true,"href":"https:\/\/ecoweb.com.co\/comercializamosantioquia\/wp-json\/wp\/v2\/product_tag?post=491"}],"curies":[{"name":"wp","href":"https:\/\/api.w.org\/{rel}","templated":true}]}}