{"id":476,"date":"2025-10-06T11:27:07","date_gmt":"2025-10-06T16:27:07","guid":{"rendered":"https:\/\/ecoweb.com.co\/comercializamosantioquia\/?post_type=product&#038;p=476"},"modified":"2026-02-28T16:40:24","modified_gmt":"2026-02-28T21:40:24","slug":"tipo-norton-para-lente-recetado","status":"publish","type":"product","link":"https:\/\/ecoweb.com.co\/comercializamosantioquia\/producto\/tipo-norton-para-lente-recetado\/","title":{"rendered":"Monogafas tipo norton"},"content":{"rendered":"<div class=\"text-base my-auto mx-auto pb-10 [--thread-content-margin:--spacing(4)] @w-sm\/main:[--thread-content-margin:--spacing(6)] @w-lg\/main:[--thread-content-margin:--spacing(16)] px-(--thread-content-margin)\">\n<div class=\"[--thread-content-max-width:40rem] @w-lg\/main:[--thread-content-max-width:48rem] mx-auto max-w-(--thread-content-max-width) flex-1 group\/turn-messages focus-visible:outline-hidden relative flex w-full min-w-0 flex-col agent-turn\" tabindex=\"-1\">\n<div class=\"flex max-w-full flex-col grow\">\n<div class=\"min-h-8 text-message relative flex w-full flex-col items-end gap-2 text-start break-words whitespace-normal [.text-message+&amp;]:mt-1\" dir=\"auto\" data-message-author-role=\"assistant\" data-message-id=\"f11d461a-b9b1-402d-9b27-c2bfde70043e\" data-message-model-slug=\"gpt-5-2\">\n<div class=\"flex w-full flex-col gap-1 empty:hidden first:pt-[1px]\">\n<div class=\"markdown prose dark:prose-invert w-full break-words light markdown-new-styling\">\n<h3 data-start=\"0\" data-end=\"41\">\ud83e\udd7d Monogafas de Seguridad Tipo Norton<\/h3>\n<p data-start=\"43\" data-end=\"238\">En <strong data-start=\"46\" data-end=\"85\">Comercializamos Antioquia EPP S.A.S<\/strong> ofrecemos las <strong data-start=\"100\" data-end=\"132\">Monogafas Tipo Norton SOSEGA<\/strong>, dise\u00f1adas para brindar <strong data-start=\"157\" data-end=\"189\">protecci\u00f3n frontal y lateral<\/strong>, ligereza y comodidad en labores de uso general.<\/p>\n<h4 data-start=\"240\" data-end=\"274\">\u2b50 Caracter\u00edsticas principales<\/h4>\n<ul data-start=\"275\" data-end=\"959\">\n<li data-start=\"275\" data-end=\"355\">\n<p data-start=\"277\" data-end=\"355\"><strong data-start=\"277\" data-end=\"286\">Tipo:<\/strong><br data-start=\"286\" data-end=\"289\" \/>Gafa de seguridad sencilla, con <strong data-start=\"323\" data-end=\"354\">ventilaci\u00f3n en las patillas<\/strong>.<\/p>\n<\/li>\n<li data-start=\"356\" data-end=\"488\">\n<p data-start=\"358\" data-end=\"488\"><strong data-start=\"358\" data-end=\"373\">Protecci\u00f3n:<\/strong><br data-start=\"373\" data-end=\"376\" \/>Protecci\u00f3n <strong data-start=\"389\" data-end=\"410\">frontal y lateral<\/strong> contra impactos moderados, chispas, part\u00edculas y <strong data-start=\"460\" data-end=\"487\">rayos ultravioleta (UV)<\/strong>.<\/p>\n<\/li>\n<li data-start=\"489\" data-end=\"626\">\n<p data-start=\"491\" data-end=\"626\"><strong data-start=\"491\" data-end=\"502\">Lentes:<\/strong><br data-start=\"502\" data-end=\"505\" \/>Fabricados en <strong data-start=\"521\" data-end=\"538\">policarbonato<\/strong>, con excelente resistencia a impactos.<br data-start=\"577\" data-end=\"580\" \/><strong data-start=\"582\" data-end=\"597\">Lente claro<\/strong>, ideal para <strong data-start=\"610\" data-end=\"625\" data-is-only-node=\"\">uso general<\/strong>.<\/p>\n<\/li>\n<li data-start=\"627\" data-end=\"713\">\n<p data-start=\"629\" data-end=\"713\"><strong data-start=\"629\" data-end=\"640\">Dise\u00f1o:<\/strong><br data-start=\"640\" data-end=\"643\" \/>Liviano, que proporciona mayor comodidad durante la jornada laboral.<\/p>\n<\/li>\n<li data-start=\"714\" data-end=\"782\">\n<p data-start=\"716\" data-end=\"782\"><strong data-start=\"716\" data-end=\"728\">Montura:<\/strong><br data-start=\"728\" data-end=\"731\" \/><strong data-start=\"733\" data-end=\"746\">Graduable<\/strong>, permite un mejor ajuste al rostro.<\/p>\n<\/li>\n<li data-start=\"783\" data-end=\"871\">\n<p data-start=\"785\" data-end=\"871\"><strong data-start=\"785\" data-end=\"806\">Moldeado lateral:<\/strong><br data-start=\"806\" data-end=\"809\" \/>Dise\u00f1o especial que brinda <strong data-start=\"838\" data-end=\"870\">mayor cobertura y protecci\u00f3n<\/strong>.<\/p>\n<\/li>\n<li data-start=\"872\" data-end=\"959\">\n<p data-start=\"874\" data-end=\"959\"><strong data-start=\"874\" data-end=\"885\">Visi\u00f3n:<\/strong><br data-start=\"885\" data-end=\"888\" \/>Lentes <strong data-start=\"897\" data-end=\"919\">\u00f3pticamente claros<\/strong>, no distorsionan la visi\u00f3n del usuario.<\/p>\n<\/li>\n<\/ul>\n<p data-start=\"961\" data-end=\"1108\">\u26a0\ufe0f <strong data-start=\"964\" data-end=\"989\">Recomendaci\u00f3n de uso:<\/strong><br data-start=\"989\" data-end=\"992\" \/>Cambie la gafa de seguridad si el <strong data-start=\"1026\" data-end=\"1046\">lente o el marco<\/strong> presentan deterioro, para garantizar una protecci\u00f3n adecuada.<\/p>\n<p data-start=\"1110\" data-end=\"1255\" data-is-last-node=\"\" data-is-only-node=\"\">\ud83d\udc53 <strong data-start=\"1113\" data-end=\"1136\">Nuestro compromiso:<\/strong> ofrecer protecci\u00f3n visual confiable, c\u00f3moda y funcional, adaptada a las necesidades de seguridad en el trabajo diario.<\/p>\n<\/div>\n<\/div>\n<\/div>\n<\/div>\n<\/div>\n<\/div>\n","protected":false},"excerpt":{"rendered":"<p>\ud83e\udd7d Monogafas de Seguridad Tipo Norton En Comercializamos Antioquia EPP S.A.S ofrecemos las Monogafas Tipo Norton SOSEGA, dise\u00f1adas para brindar protecci\u00f3n frontal y lateral, ligereza y comodidad en labores de uso general. \u2b50 Caracter\u00edsticas principales Tipo:Gafa de seguridad sencilla, con ventilaci\u00f3n en las patillas. Protecci\u00f3n:Protecci\u00f3n frontal y lateral contra impactos moderados, chispas, part\u00edculas y rayos [&hellip;]<\/p>\n","protected":false},"featured_media":1413,"template":"","meta":{"_joinchat":[]},"product_brand":[],"product_cat":[32,17],"product_tag":[62],"class_list":{"0":"post-476","1":"product","2":"type-product","3":"status-publish","4":"has-post-thumbnail","6":"product_cat-gafas-de-seguridad","7":"product_cat-seguridad-industrial","8":"product_tag-docena","10":"first","11":"instock","12":"shipping-taxable","13":"purchasable","14":"product-type-simple"},"_links":{"self":[{"href":"https:\/\/ecoweb.com.co\/comercializamosantioquia\/wp-json\/wp\/v2\/product\/476","targetHints":{"allow":["GET"]}}],"collection":[{"href":"https:\/\/ecoweb.com.co\/comercializamosantioquia\/wp-json\/wp\/v2\/product"}],"about":[{"href":"https:\/\/ecoweb.com.co\/comercializamosantioquia\/wp-json\/wp\/v2\/types\/product"}],"wp:featuredmedia":[{"embeddable":true,"href":"https:\/\/ecoweb.com.co\/comercializamosantioquia\/wp-json\/wp\/v2\/media\/1413"}],"wp:attachment":[{"href":"https:\/\/ecoweb.com.co\/comercializamosantioquia\/wp-json\/wp\/v2\/media?parent=476"}],"wp:term":[{"taxonomy":"product_brand","embeddable":true,"href":"https:\/\/ecoweb.com.co\/comercializamosantioquia\/wp-json\/wp\/v2\/product_brand?post=476"},{"taxonomy":"product_cat","embeddable":true,"href":"https:\/\/ecoweb.com.co\/comercializamosantioquia\/wp-json\/wp\/v2\/product_cat?post=476"},{"taxonomy":"product_tag","embeddable":true,"href":"https:\/\/ecoweb.com.co\/comercializamosantioquia\/wp-json\/wp\/v2\/product_tag?post=476"}],"curies":[{"name":"wp","href":"https:\/\/api.w.org\/{rel}","templated":true}]}}