{"id":458,"date":"2025-10-06T09:06:27","date_gmt":"2025-10-06T14:06:27","guid":{"rendered":"https:\/\/ecoweb.com.co\/comercializamosantioquia\/?post_type=product&#038;p=458"},"modified":"2026-02-15T02:28:37","modified_gmt":"2026-02-15T07:28:37","slug":"guante-de-nitrilo-desechable-azul","status":"publish","type":"product","link":"https:\/\/ecoweb.com.co\/comercializamosantioquia\/producto\/guante-de-nitrilo-desechable-azul\/","title":{"rendered":"Guante de nitrilo desechable"},"content":{"rendered":"<div class=\"text-base my-auto mx-auto pb-10 [--thread-content-margin:--spacing(4)] @w-sm\/main:[--thread-content-margin:--spacing(6)] @w-lg\/main:[--thread-content-margin:--spacing(16)] px-(--thread-content-margin)\">\n<div class=\"[--thread-content-max-width:40rem] @w-lg\/main:[--thread-content-max-width:48rem] mx-auto max-w-(--thread-content-max-width) flex-1 group\/turn-messages focus-visible:outline-hidden relative flex w-full min-w-0 flex-col agent-turn\" tabindex=\"-1\">\n<div class=\"flex max-w-full flex-col grow\">\n<div class=\"min-h-8 text-message relative flex w-full flex-col items-end gap-2 text-start break-words whitespace-normal [.text-message+&amp;]:mt-1\" dir=\"auto\" data-message-author-role=\"assistant\" data-message-id=\"6274c03b-388c-4b18-865d-173d61ad5088\" data-message-model-slug=\"gpt-5-2\">\n<div class=\"flex w-full flex-col gap-1 empty:hidden first:pt-[1px]\">\n<div class=\"markdown prose dark:prose-invert w-full break-words light markdown-new-styling\">\n<h3 data-start=\"0\" data-end=\"49\">\ud83e\udde4 Guantes de Nitrilo Desechables para Examen<\/h3>\n<h4 data-start=\"51\" data-end=\"84\"><strong data-start=\"56\" data-end=\"84\">Descripci\u00f3n del producto<\/strong><\/h4>\n<p data-start=\"85\" data-end=\"475\">Los <strong data-start=\"89\" data-end=\"135\">guantes de nitrilo desechables para examen<\/strong> son indispensables en <strong data-start=\"158\" data-end=\"210\">entornos m\u00e9dicos, odontol\u00f3gicos y laboratoriales<\/strong>, ya que ofrecen una <strong data-start=\"231\" data-end=\"293\">protecci\u00f3n superior frente a agentes biol\u00f3gicos y qu\u00edmicos<\/strong>. Est\u00e1n fabricados <strong data-start=\"312\" data-end=\"351\">100% en caucho de nitrilo butadieno<\/strong>, <strong data-start=\"353\" data-end=\"372\">libres de l\u00e1tex<\/strong>, lo que reduce el riesgo de alergias y garantiza <strong data-start=\"422\" data-end=\"462\">comodidad, elasticidad y durabilidad<\/strong> en cada uso.<\/p>\n<h4 data-start=\"477\" data-end=\"513\"><strong data-start=\"482\" data-end=\"513\">Caracter\u00edsticas principales<\/strong><\/h4>\n<ul data-start=\"514\" data-end=\"1017\">\n<li data-start=\"514\" data-end=\"653\">\n<p data-start=\"516\" data-end=\"653\"><strong data-start=\"516\" data-end=\"551\">Alta resistencia y elasticidad:<\/strong> Barrera efectiva contra qu\u00edmicos, fluidos y microorganismos, reduciendo el riesgo de contaminaci\u00f3n.<\/p>\n<\/li>\n<li data-start=\"654\" data-end=\"735\">\n<p data-start=\"656\" data-end=\"735\"><strong data-start=\"656\" data-end=\"684\">Material hipoalerg\u00e9nico:<\/strong> Ideales para personas con sensibilidad al l\u00e1tex.<\/p>\n<\/li>\n<li data-start=\"736\" data-end=\"813\">\n<p data-start=\"738\" data-end=\"813\"><strong data-start=\"738\" data-end=\"752\">Sin talco:<\/strong> Evitan residuos y reacciones al\u00e9rgicas asociadas al polvo.<\/p>\n<\/li>\n<li data-start=\"814\" data-end=\"903\">\n<p data-start=\"816\" data-end=\"903\"><strong data-start=\"816\" data-end=\"846\">Texturizados en los dedos:<\/strong> Mejor agarre y control en superficies h\u00famedas o secas.<\/p>\n<\/li>\n<li data-start=\"904\" data-end=\"990\">\n<p data-start=\"906\" data-end=\"990\"><strong data-start=\"906\" data-end=\"932\">Adaptaci\u00f3n ergon\u00f3mica:<\/strong> Dise\u00f1o c\u00f3modo que reduce la fatiga en usos prolongados.<\/p>\n<\/li>\n<li data-start=\"991\" data-end=\"1017\">\n<p data-start=\"993\" data-end=\"1017\"><strong data-start=\"993\" data-end=\"1017\">Producto no est\u00e9ril.<\/strong><\/p>\n<\/li>\n<\/ul>\n<h4 data-start=\"1019\" data-end=\"1045\"><strong data-start=\"1024\" data-end=\"1045\">Usos recomendados<\/strong><\/h4>\n<ul data-start=\"1046\" data-end=\"1221\">\n<li data-start=\"1046\" data-end=\"1089\">\n<p data-start=\"1048\" data-end=\"1089\">Procedimientos m\u00e9dicos y odontol\u00f3gicos.<\/p>\n<\/li>\n<li data-start=\"1090\" data-end=\"1135\">\n<p data-start=\"1092\" data-end=\"1135\">Laboratorios cl\u00ednicos y de investigaci\u00f3n.<\/p>\n<\/li>\n<li data-start=\"1136\" data-end=\"1177\">\n<p data-start=\"1138\" data-end=\"1177\">Manipulaci\u00f3n de sustancias delicadas.<\/p>\n<\/li>\n<li data-start=\"1178\" data-end=\"1221\">\n<p data-start=\"1180\" data-end=\"1221\">Ex\u00e1menes generales y cuidado de la salud.<\/p>\n<\/li>\n<\/ul>\n<h4 data-start=\"1223\" data-end=\"1257\"><strong data-start=\"1228\" data-end=\"1257\">Especificaciones t\u00e9cnicas<\/strong><\/h4>\n<ul data-start=\"1258\" data-end=\"1615\">\n<li data-start=\"1258\" data-end=\"1307\">\n<p data-start=\"1260\" data-end=\"1307\"><strong data-start=\"1260\" data-end=\"1273\">Producto:<\/strong> Guantes de nitrilo para examen.<\/p>\n<\/li>\n<li data-start=\"1308\" data-end=\"1362\">\n<p data-start=\"1310\" data-end=\"1362\"><strong data-start=\"1310\" data-end=\"1326\">Composici\u00f3n:<\/strong> 100% caucho de nitrilo butadieno.<\/p>\n<\/li>\n<li data-start=\"1363\" data-end=\"1386\">\n<p data-start=\"1365\" data-end=\"1386\"><strong data-start=\"1365\" data-end=\"1377\">Gramaje:<\/strong> 4,2 g.<\/p>\n<\/li>\n<li data-start=\"1387\" data-end=\"1431\">\n<p data-start=\"1389\" data-end=\"1431\"><strong data-start=\"1389\" data-end=\"1412\">Tallas disponibles:<\/strong>\u00a0S, M, L,<\/p>\n<\/li>\n<li data-start=\"1432\" data-end=\"1527\">\n<p data-start=\"1434\" data-end=\"1453\"><strong data-start=\"1434\" data-end=\"1451\">Presentaci\u00f3n:<\/strong><\/p>\n<ul data-start=\"1456\" data-end=\"1527\">\n<li data-start=\"1456\" data-end=\"1484\">\n<p data-start=\"1458\" data-end=\"1484\">Caja x <strong data-start=\"1465\" data-end=\"1481\">100 unidades<\/strong>.<\/p>\n<\/li>\n<\/ul>\n<\/li>\n<li data-start=\"1528\" data-end=\"1558\">\n<p data-start=\"1530\" data-end=\"1558\"><strong data-start=\"1530\" data-end=\"1544\">Condici\u00f3n:<\/strong> No est\u00e9ril.<\/p>\n<\/li>\n<li data-start=\"1559\" data-end=\"1615\">\n<p data-start=\"1561\" data-end=\"1615\"><strong data-start=\"1561\" data-end=\"1591\">Registro Sanitario INVIMA:<\/strong> <strong data-start=\"1592\" data-end=\"1614\">No. 2024DM-0028615<\/strong>.<\/p>\n<\/li>\n<\/ul>\n<h4 data-start=\"1617\" data-end=\"1652\"><strong data-start=\"1622\" data-end=\"1652\">Vida \u00fatil y almacenamiento<\/strong><\/h4>\n<ul data-start=\"1653\" data-end=\"1872\">\n<li data-start=\"1653\" data-end=\"1764\">\n<p data-start=\"1655\" data-end=\"1764\"><strong data-start=\"1655\" data-end=\"1669\">Vida \u00fatil:<\/strong> 5 a\u00f1os a partir de la fecha de fabricaci\u00f3n, siempre que el producto no est\u00e9 h\u00famedo o mohoso.<\/p>\n<\/li>\n<li data-start=\"1765\" data-end=\"1872\">\n<p data-start=\"1767\" data-end=\"1872\"><strong data-start=\"1767\" data-end=\"1786\">Almacenamiento:<\/strong> Conservar entre <strong data-start=\"1803\" data-end=\"1819\">5 \u00b0C y 40 \u00b0C<\/strong>, protegido del calor, la humedad, la luz y el ozono.<\/p>\n<\/li>\n<\/ul>\n<p data-start=\"1874\" data-end=\"2013\" data-is-last-node=\"\" data-is-only-node=\"\">\u2714\ufe0f <strong data-start=\"1877\" data-end=\"1900\">Nuestro compromiso:<\/strong> brindar elementos de protecci\u00f3n confiables que garanticen <strong data-start=\"1959\" data-end=\"1993\">seguridad, confort y desempe\u00f1o<\/strong> en cada aplicaci\u00f3n.<\/p>\n<\/div>\n<\/div>\n<\/div>\n<\/div>\n<\/div>\n<\/div>\n","protected":false},"excerpt":{"rendered":"<p>\ud83e\udde4 Guantes de Nitrilo Desechables para Examen Descripci\u00f3n del producto Los guantes de nitrilo desechables para examen son indispensables en entornos m\u00e9dicos, odontol\u00f3gicos y laboratoriales, ya que ofrecen una protecci\u00f3n superior frente a agentes biol\u00f3gicos y qu\u00edmicos. Est\u00e1n fabricados 100% en caucho de nitrilo butadieno, libres de l\u00e1tex, lo que reduce el riesgo de alergias [&hellip;]<\/p>\n","protected":false},"featured_media":1484,"template":"","meta":{"_joinchat":[]},"product_brand":[],"product_cat":[31,17],"product_tag":[63],"class_list":{"0":"post-458","1":"product","2":"type-product","3":"status-publish","4":"has-post-thumbnail","6":"product_cat-guantes-de-seguridad","7":"product_cat-seguridad-industrial","8":"product_tag-caja-100-unidades","10":"first","11":"instock","12":"shipping-taxable","13":"purchasable","14":"product-type-variable"},"_links":{"self":[{"href":"https:\/\/ecoweb.com.co\/comercializamosantioquia\/wp-json\/wp\/v2\/product\/458","targetHints":{"allow":["GET"]}}],"collection":[{"href":"https:\/\/ecoweb.com.co\/comercializamosantioquia\/wp-json\/wp\/v2\/product"}],"about":[{"href":"https:\/\/ecoweb.com.co\/comercializamosantioquia\/wp-json\/wp\/v2\/types\/product"}],"wp:featuredmedia":[{"embeddable":true,"href":"https:\/\/ecoweb.com.co\/comercializamosantioquia\/wp-json\/wp\/v2\/media\/1484"}],"wp:attachment":[{"href":"https:\/\/ecoweb.com.co\/comercializamosantioquia\/wp-json\/wp\/v2\/media?parent=458"}],"wp:term":[{"taxonomy":"product_brand","embeddable":true,"href":"https:\/\/ecoweb.com.co\/comercializamosantioquia\/wp-json\/wp\/v2\/product_brand?post=458"},{"taxonomy":"product_cat","embeddable":true,"href":"https:\/\/ecoweb.com.co\/comercializamosantioquia\/wp-json\/wp\/v2\/product_cat?post=458"},{"taxonomy":"product_tag","embeddable":true,"href":"https:\/\/ecoweb.com.co\/comercializamosantioquia\/wp-json\/wp\/v2\/product_tag?post=458"}],"curies":[{"name":"wp","href":"https:\/\/api.w.org\/{rel}","templated":true}]}}