{"id":455,"date":"2025-10-06T09:04:37","date_gmt":"2025-10-06T14:04:37","guid":{"rendered":"https:\/\/ecoweb.com.co\/comercializamosantioquia\/?post_type=product&#038;p=455"},"modified":"2026-02-15T02:23:30","modified_gmt":"2026-02-15T07:23:30","slug":"guantes-nylon-poliuretano","status":"publish","type":"product","link":"https:\/\/ecoweb.com.co\/comercializamosantioquia\/producto\/guantes-nylon-poliuretano\/","title":{"rendered":"Guantes poliuretano titanium"},"content":{"rendered":"<div class=\"text-base my-auto mx-auto pb-10 [--thread-content-margin:--spacing(4)] @w-sm\/main:[--thread-content-margin:--spacing(6)] @w-lg\/main:[--thread-content-margin:--spacing(16)] px-(--thread-content-margin)\">\n<div class=\"[--thread-content-max-width:40rem] @w-lg\/main:[--thread-content-max-width:48rem] mx-auto max-w-(--thread-content-max-width) flex-1 group\/turn-messages focus-visible:outline-hidden relative flex w-full min-w-0 flex-col agent-turn\" tabindex=\"-1\">\n<div class=\"flex max-w-full flex-col grow\">\n<div class=\"min-h-8 text-message relative flex w-full flex-col items-end gap-2 text-start break-words whitespace-normal [.text-message+&amp;]:mt-1\" dir=\"auto\" data-message-author-role=\"assistant\" data-message-id=\"f526b832-a092-40c8-95e4-575c1cd7d005\" data-message-model-slug=\"gpt-5-2\">\n<div class=\"flex w-full flex-col gap-1 empty:hidden first:pt-[1px]\">\n<div class=\"markdown prose dark:prose-invert w-full break-words light markdown-new-styling\">\n<h3 data-start=\"0\" data-end=\"38\">\ud83e\udde4 Guantes de Poliuretano Titanium<\/h3>\n<p data-start=\"40\" data-end=\"247\">En <strong data-start=\"43\" data-end=\"82\">Comercializamos Antioquia EPP S.A.S<\/strong> ofrecemos los <strong data-start=\"97\" data-end=\"132\">Guantes de Poliuretano Titanium<\/strong>, ideales para quienes buscan <strong data-start=\"162\" data-end=\"211\">versatilidad, protecci\u00f3n y excelente destreza<\/strong> en actividades diarias y laborales.<\/p>\n<h4 data-start=\"249\" data-end=\"283\">\u2b50 Caracter\u00edsticas principales<\/h4>\n<ul data-start=\"284\" data-end=\"889\">\n<li data-start=\"284\" data-end=\"447\">\n<p data-start=\"286\" data-end=\"447\"><strong data-start=\"286\" data-end=\"302\">Composici\u00f3n:<\/strong><br data-start=\"302\" data-end=\"305\" \/>Fabricados en <strong data-start=\"321\" data-end=\"372\">poli\u00e9ster con recubrimiento en poliuretano (PU)<\/strong>, que proporciona una \u00f3ptima combinaci\u00f3n de <strong data-start=\"416\" data-end=\"446\">resistencia y flexibilidad<\/strong>.<\/p>\n<\/li>\n<li data-start=\"448\" data-end=\"535\">\n<p data-start=\"450\" data-end=\"535\"><strong data-start=\"450\" data-end=\"461\">Dise\u00f1o:<\/strong><br data-start=\"461\" data-end=\"464\" \/><strong data-start=\"466\" data-end=\"480\">Ergon\u00f3mico<\/strong>, con ajuste c\u00f3modo que se adapta f\u00e1cilmente a la mano.<\/p>\n<\/li>\n<li data-start=\"536\" data-end=\"719\">\n<p data-start=\"538\" data-end=\"554\"><strong data-start=\"538\" data-end=\"552\">Desempe\u00f1o:<\/strong><\/p>\n<ul data-start=\"557\" data-end=\"719\">\n<li data-start=\"557\" data-end=\"630\">\n<p data-start=\"559\" data-end=\"630\"><strong data-start=\"559\" data-end=\"579\">Excelente agarre<\/strong> para un manejo preciso de herramientas y objetos<\/p>\n<\/li>\n<li data-start=\"633\" data-end=\"719\">\n<p data-start=\"635\" data-end=\"719\">Alta <strong data-start=\"640\" data-end=\"674\">destreza y sensibilidad t\u00e1ctil<\/strong>, ideal para trabajos que requieren precisi\u00f3n<\/p>\n<\/li>\n<\/ul>\n<\/li>\n<li data-start=\"720\" data-end=\"825\">\n<p data-start=\"722\" data-end=\"825\"><strong data-start=\"722\" data-end=\"738\">Durabilidad:<\/strong><br data-start=\"738\" data-end=\"741\" \/>Resistencia a la <strong data-start=\"760\" data-end=\"786\">abrasi\u00f3n y al desgaste<\/strong>, lo que garantiza una mayor vida \u00fatil.<\/p>\n<\/li>\n<li data-start=\"826\" data-end=\"889\">\n<p data-start=\"828\" data-end=\"889\"><strong data-start=\"828\" data-end=\"851\">Tallas disponibles:<\/strong><br data-start=\"851\" data-end=\"854\" \/>Disponibles en <strong data-start=\"871\" data-end=\"888\">tallas 7 a 10<\/strong>.<\/p>\n<\/li>\n<\/ul>\n<h4 data-start=\"891\" data-end=\"921\">\ud83d\udee1\ufe0f Beneficios destacados<\/h4>\n<ul data-start=\"922\" data-end=\"1049\">\n<li data-start=\"922\" data-end=\"962\">\n<p data-start=\"924\" data-end=\"962\">Protecci\u00f3n confiable para uso diario<\/p>\n<\/li>\n<li data-start=\"963\" data-end=\"1006\">\n<p data-start=\"965\" data-end=\"1006\">Mayor control y precisi\u00f3n en las tareas<\/p>\n<\/li>\n<li data-start=\"1007\" data-end=\"1049\">\n<p data-start=\"1009\" data-end=\"1049\">Comodidad durante jornadas prolongadas<\/p>\n<\/li>\n<\/ul>\n<h4 data-start=\"1051\" data-end=\"1084\">\ud83c\udfed Aplicaciones recomendadas<\/h4>\n<p data-start=\"1085\" data-end=\"1130\">Aptos para m\u00faltiples actividades, tales como:<\/p>\n<ul data-start=\"1131\" data-end=\"1245\">\n<li data-start=\"1131\" data-end=\"1147\">\n<p data-start=\"1133\" data-end=\"1147\">Construcci\u00f3n<\/p>\n<\/li>\n<li data-start=\"1148\" data-end=\"1173\">\n<p data-start=\"1150\" data-end=\"1173\">Procesos industriales<\/p>\n<\/li>\n<li data-start=\"1174\" data-end=\"1188\">\n<p data-start=\"1176\" data-end=\"1188\">Jardiner\u00eda<\/p>\n<\/li>\n<li data-start=\"1189\" data-end=\"1201\">\n<p data-start=\"1191\" data-end=\"1201\">Limpieza<\/p>\n<\/li>\n<li data-start=\"1202\" data-end=\"1219\">\n<p data-start=\"1204\" data-end=\"1219\">Mantenimiento<\/p>\n<\/li>\n<li data-start=\"1220\" data-end=\"1245\">\n<p data-start=\"1222\" data-end=\"1245\">Y m\u00e1s labores generales<\/p>\n<\/li>\n<\/ul>\n<p data-start=\"1247\" data-end=\"1404\" data-is-last-node=\"\" data-is-only-node=\"\">\ud83e\udde4 <strong data-start=\"1250\" data-end=\"1273\">Nuestro compromiso:<\/strong> ofrecer guantes de seguridad que combinen <strong data-start=\"1316\" data-end=\"1354\">protecci\u00f3n, confort y versatilidad<\/strong>, asegurando un desempe\u00f1o eficiente en cada tarea.<\/p>\n<\/div>\n<\/div>\n<\/div>\n<\/div>\n<\/div>\n<\/div>\n","protected":false},"excerpt":{"rendered":"<p>\ud83e\udde4 Guantes de Poliuretano Titanium En Comercializamos Antioquia EPP S.A.S ofrecemos los Guantes de Poliuretano Titanium, ideales para quienes buscan versatilidad, protecci\u00f3n y excelente destreza en actividades diarias y laborales. \u2b50 Caracter\u00edsticas principales Composici\u00f3n:Fabricados en poli\u00e9ster con recubrimiento en poliuretano (PU), que proporciona una \u00f3ptima combinaci\u00f3n de resistencia y flexibilidad. Dise\u00f1o:Ergon\u00f3mico, con ajuste c\u00f3modo que [&hellip;]<\/p>\n","protected":false},"featured_media":1449,"template":"","meta":{"_joinchat":[]},"product_brand":[],"product_cat":[31,17],"product_tag":[62],"class_list":{"0":"post-455","1":"product","2":"type-product","3":"status-publish","4":"has-post-thumbnail","6":"product_cat-guantes-de-seguridad","7":"product_cat-seguridad-industrial","8":"product_tag-docena","10":"first","11":"instock","12":"shipping-taxable","13":"purchasable","14":"product-type-variable"},"_links":{"self":[{"href":"https:\/\/ecoweb.com.co\/comercializamosantioquia\/wp-json\/wp\/v2\/product\/455","targetHints":{"allow":["GET"]}}],"collection":[{"href":"https:\/\/ecoweb.com.co\/comercializamosantioquia\/wp-json\/wp\/v2\/product"}],"about":[{"href":"https:\/\/ecoweb.com.co\/comercializamosantioquia\/wp-json\/wp\/v2\/types\/product"}],"wp:featuredmedia":[{"embeddable":true,"href":"https:\/\/ecoweb.com.co\/comercializamosantioquia\/wp-json\/wp\/v2\/media\/1449"}],"wp:attachment":[{"href":"https:\/\/ecoweb.com.co\/comercializamosantioquia\/wp-json\/wp\/v2\/media?parent=455"}],"wp:term":[{"taxonomy":"product_brand","embeddable":true,"href":"https:\/\/ecoweb.com.co\/comercializamosantioquia\/wp-json\/wp\/v2\/product_brand?post=455"},{"taxonomy":"product_cat","embeddable":true,"href":"https:\/\/ecoweb.com.co\/comercializamosantioquia\/wp-json\/wp\/v2\/product_cat?post=455"},{"taxonomy":"product_tag","embeddable":true,"href":"https:\/\/ecoweb.com.co\/comercializamosantioquia\/wp-json\/wp\/v2\/product_tag?post=455"}],"curies":[{"name":"wp","href":"https:\/\/api.w.org\/{rel}","templated":true}]}}