{"id":425,"date":"2025-10-06T08:32:05","date_gmt":"2025-10-06T13:32:05","guid":{"rendered":"https:\/\/ecoweb.com.co\/comercializamosantioquia\/?post_type=product&#038;p=425"},"modified":"2026-02-15T04:02:02","modified_gmt":"2026-02-15T09:02:02","slug":"guantes-hilaza-algodon-poliester-con-puntos-pvc-2","status":"publish","type":"product","link":"https:\/\/ecoweb.com.co\/comercializamosantioquia\/producto\/guantes-hilaza-algodon-poliester-con-puntos-pvc-2\/","title":{"rendered":"Guantes Hilaza Algod\u00f3n &#8211;  Poli\u00e9ster con Puntos PVC"},"content":{"rendered":"<h3 data-start=\"0\" data-end=\"42\">\ud83e\udde4 Guantes de Hilaza con Puntos de PVC<\/h3>\n<p data-start=\"44\" data-end=\"247\">En <strong data-start=\"47\" data-end=\"86\">Comercializamos Antioquia EPP S.A.S<\/strong> ofrecemos los <strong data-start=\"101\" data-end=\"140\">Guantes de Hilaza con Puntos de PVC<\/strong>, dise\u00f1ados para brindar <strong data-start=\"165\" data-end=\"214\">protecci\u00f3n b\u00e1sica, buen agarre y versatilidad<\/strong>, ideales para labores generales.<\/p>\n<h4 data-start=\"249\" data-end=\"283\">\u2b50 Caracter\u00edsticas principales<\/h4>\n<ul data-start=\"284\" data-end=\"767\">\n<li data-start=\"284\" data-end=\"396\">\n<p data-start=\"286\" data-end=\"396\"><strong data-start=\"286\" data-end=\"297\">Tejido:<\/strong><br data-start=\"297\" data-end=\"300\" \/>Guantes de seguridad tejidos a <strong data-start=\"333\" data-end=\"356\">dos hilos calibre 7<\/strong>, fabricados en <strong data-start=\"372\" data-end=\"395\">poli\u00e9ster y algod\u00f3n<\/strong>.<\/p>\n<\/li>\n<li data-start=\"397\" data-end=\"529\">\n<p data-start=\"399\" data-end=\"529\"><strong data-start=\"399\" data-end=\"417\">Recubrimiento:<\/strong><br data-start=\"417\" data-end=\"420\" \/><strong data-start=\"422\" data-end=\"439\">Puntos de PVC<\/strong> en <strong data-start=\"443\" data-end=\"458\">ambas caras<\/strong>, que proporcionan <strong data-start=\"477\" data-end=\"493\">mayor agarre<\/strong> en superficies <strong data-start=\"509\" data-end=\"528\">secas y mojadas<\/strong>.<\/p>\n<\/li>\n<li data-start=\"530\" data-end=\"590\">\n<p data-start=\"532\" data-end=\"590\"><strong data-start=\"532\" data-end=\"543\">Dise\u00f1o:<\/strong><br data-start=\"543\" data-end=\"546\" \/><strong data-start=\"548\" data-end=\"564\">Ambidiestros<\/strong>, pr\u00e1cticos y funcionales.<\/p>\n<\/li>\n<li data-start=\"591\" data-end=\"654\">\n<p data-start=\"593\" data-end=\"654\"><strong data-start=\"593\" data-end=\"603\">Color:<\/strong><br data-start=\"603\" data-end=\"606\" \/>Hilaza <strong data-start=\"615\" data-end=\"624\">beige<\/strong> con <strong data-start=\"629\" data-end=\"653\">puntos de PVC negros<\/strong>.<\/p>\n<\/li>\n<li data-start=\"655\" data-end=\"692\">\n<p data-start=\"657\" data-end=\"692\"><strong data-start=\"657\" data-end=\"667\">Talla:<\/strong><br data-start=\"667\" data-end=\"670\" \/><strong data-start=\"672\" data-end=\"691\">L (talla \u00fanica)<\/strong>.<\/p>\n<\/li>\n<li data-start=\"693\" data-end=\"767\">\n<p data-start=\"695\" data-end=\"720\"><strong data-start=\"695\" data-end=\"718\">Dimensiones y peso:<\/strong><\/p>\n<ul data-start=\"723\" data-end=\"767\">\n<li data-start=\"723\" data-end=\"740\">\n<p data-start=\"725\" data-end=\"740\"><strong data-start=\"725\" data-end=\"735\">Largo:<\/strong> 9\u201d<\/p>\n<\/li>\n<li data-start=\"743\" data-end=\"767\">\n<p data-start=\"745\" data-end=\"767\"><strong data-start=\"745\" data-end=\"762\">Peso por par:<\/strong> 65 g<\/p>\n<\/li>\n<\/ul>\n<\/li>\n<\/ul>\n<h4 data-start=\"769\" data-end=\"799\">\ud83d\udee1\ufe0f Beneficios destacados<\/h4>\n<ul data-start=\"800\" data-end=\"925\">\n<li data-start=\"800\" data-end=\"836\">\n<p data-start=\"802\" data-end=\"836\">Buen agarre y control de objetos<\/p>\n<\/li>\n<li data-start=\"837\" data-end=\"861\">\n<p data-start=\"839\" data-end=\"861\">Uso c\u00f3modo y liviano<\/p>\n<\/li>\n<li data-start=\"862\" data-end=\"925\">\n<p data-start=\"864\" data-end=\"925\">Adecuados para tareas repetitivas y de manipulaci\u00f3n general<\/p>\n<\/li>\n<\/ul>\n<p data-start=\"927\" data-end=\"1072\" data-is-last-node=\"\" data-is-only-node=\"\">\ud83e\udde4 <strong data-start=\"930\" data-end=\"953\">Nuestro compromiso:<\/strong> ofrecer guantes funcionales y resistentes que garanticen <strong data-start=\"1011\" data-end=\"1048\">seguridad, comodidad y eficiencia<\/strong> en las labores diarias.<\/p>\n","protected":false},"excerpt":{"rendered":"<p>\ud83e\udde4 Guantes de Hilaza con Puntos de PVC En Comercializamos Antioquia EPP S.A.S ofrecemos los Guantes de Hilaza con Puntos de PVC, dise\u00f1ados para brindar protecci\u00f3n b\u00e1sica, buen agarre y versatilidad, ideales para labores generales. \u2b50 Caracter\u00edsticas principales Tejido:Guantes de seguridad tejidos a dos hilos calibre 7, fabricados en poli\u00e9ster y algod\u00f3n. Recubrimiento:Puntos de PVC [&hellip;]<\/p>\n","protected":false},"featured_media":1470,"template":"","meta":{"_joinchat":[]},"product_brand":[],"product_cat":[31,17],"product_tag":[62],"class_list":{"0":"post-425","1":"product","2":"type-product","3":"status-publish","4":"has-post-thumbnail","6":"product_cat-guantes-de-seguridad","7":"product_cat-seguridad-industrial","8":"product_tag-docena","10":"first","11":"instock","12":"shipping-taxable","13":"purchasable","14":"product-type-simple"},"_links":{"self":[{"href":"https:\/\/ecoweb.com.co\/comercializamosantioquia\/wp-json\/wp\/v2\/product\/425","targetHints":{"allow":["GET"]}}],"collection":[{"href":"https:\/\/ecoweb.com.co\/comercializamosantioquia\/wp-json\/wp\/v2\/product"}],"about":[{"href":"https:\/\/ecoweb.com.co\/comercializamosantioquia\/wp-json\/wp\/v2\/types\/product"}],"wp:featuredmedia":[{"embeddable":true,"href":"https:\/\/ecoweb.com.co\/comercializamosantioquia\/wp-json\/wp\/v2\/media\/1470"}],"wp:attachment":[{"href":"https:\/\/ecoweb.com.co\/comercializamosantioquia\/wp-json\/wp\/v2\/media?parent=425"}],"wp:term":[{"taxonomy":"product_brand","embeddable":true,"href":"https:\/\/ecoweb.com.co\/comercializamosantioquia\/wp-json\/wp\/v2\/product_brand?post=425"},{"taxonomy":"product_cat","embeddable":true,"href":"https:\/\/ecoweb.com.co\/comercializamosantioquia\/wp-json\/wp\/v2\/product_cat?post=425"},{"taxonomy":"product_tag","embeddable":true,"href":"https:\/\/ecoweb.com.co\/comercializamosantioquia\/wp-json\/wp\/v2\/product_tag?post=425"}],"curies":[{"name":"wp","href":"https:\/\/api.w.org\/{rel}","templated":true}]}}