{"id":409,"date":"2025-10-03T11:30:30","date_gmt":"2025-10-03T16:30:30","guid":{"rendered":"https:\/\/ecoweb.com.co\/comercializamosantioquia\/?post_type=product&#038;p=409"},"modified":"2026-02-15T03:53:47","modified_gmt":"2026-02-15T08:53:47","slug":"guantes-de-latex","status":"publish","type":"product","link":"https:\/\/ecoweb.com.co\/comercializamosantioquia\/producto\/guantes-de-latex\/","title":{"rendered":"Guantes caucuho amarillos"},"content":{"rendered":"<div class=\"text-base my-auto mx-auto pb-10 [--thread-content-margin:--spacing(4)] @w-sm\/main:[--thread-content-margin:--spacing(6)] @w-lg\/main:[--thread-content-margin:--spacing(16)] px-(--thread-content-margin)\">\n<div class=\"[--thread-content-max-width:40rem] @w-lg\/main:[--thread-content-max-width:48rem] mx-auto max-w-(--thread-content-max-width) flex-1 group\/turn-messages focus-visible:outline-hidden relative flex w-full min-w-0 flex-col agent-turn\" tabindex=\"-1\">\n<div class=\"flex max-w-full flex-col grow\">\n<div class=\"min-h-8 text-message relative flex w-full flex-col items-end gap-2 text-start break-words whitespace-normal [.text-message+&amp;]:mt-1\" dir=\"auto\" data-message-author-role=\"assistant\" data-message-id=\"980b0a30-2b58-473f-a835-cfba37a95a81\" data-message-model-slug=\"gpt-5-2\">\n<div class=\"flex w-full flex-col gap-1 empty:hidden first:pt-[1px]\">\n<div class=\"markdown prose dark:prose-invert w-full break-words light markdown-new-styling\">\n<h3 data-start=\"0\" data-end=\"32\">\ud83e\udde4 Guantes de Caucho Amarillos<\/h3>\n<h4 data-start=\"34\" data-end=\"67\"><strong data-start=\"39\" data-end=\"67\">Descripci\u00f3n del producto<\/strong><\/h4>\n<p data-start=\"68\" data-end=\"331\">El <strong data-start=\"71\" data-end=\"100\">Guante de Caucho Amarillo<\/strong> est\u00e1 fabricado en <strong data-start=\"119\" data-end=\"141\">l\u00e1tex 100% natural<\/strong>, ofreciendo <strong data-start=\"154\" data-end=\"206\">alta resistencia, durabilidad y excelente agarre<\/strong>. Su dise\u00f1o antideslizante proporciona mayor seguridad y protecci\u00f3n durante la manipulaci\u00f3n de objetos en diferentes labores.<\/p>\n<h4 data-start=\"333\" data-end=\"369\"><strong data-start=\"338\" data-end=\"369\">Caracter\u00edsticas principales<\/strong><\/h4>\n<ul data-start=\"370\" data-end=\"577\">\n<li data-start=\"370\" data-end=\"437\">\n<p data-start=\"372\" data-end=\"437\"><strong data-start=\"372\" data-end=\"385\">Material:<\/strong> L\u00e1tex 100% natural, resistente y de alta calidad.<\/p>\n<\/li>\n<li data-start=\"438\" data-end=\"490\">\n<p data-start=\"440\" data-end=\"490\"><strong data-start=\"440\" data-end=\"451\">Dise\u00f1o:<\/strong> Antideslizante para un mejor agarre.<\/p>\n<\/li>\n<li data-start=\"491\" data-end=\"552\">\n<p data-start=\"493\" data-end=\"552\"><strong data-start=\"493\" data-end=\"508\">Protecci\u00f3n:<\/strong> Mayor seguridad y confort durante el uso.<\/p>\n<\/li>\n<li data-start=\"553\" data-end=\"577\">\n<p data-start=\"555\" data-end=\"577\"><strong data-start=\"555\" data-end=\"565\">Color:<\/strong> Amarillo.<\/p>\n<\/li>\n<\/ul>\n<h4 data-start=\"579\" data-end=\"600\"><strong data-start=\"584\" data-end=\"600\">Presentaci\u00f3n<\/strong><\/h4>\n<ul data-start=\"601\" data-end=\"659\">\n<li data-start=\"601\" data-end=\"659\">\n<p data-start=\"603\" data-end=\"659\"><strong data-start=\"603\" data-end=\"617\">Contenido:<\/strong> 12 pares de guantes (colores surtidos).<\/p>\n<\/li>\n<\/ul>\n<h4 data-start=\"661\" data-end=\"690\"><strong data-start=\"666\" data-end=\"690\">Dimensiones y tallas<\/strong><\/h4>\n<ul data-start=\"691\" data-end=\"744\">\n<li data-start=\"691\" data-end=\"744\">\n<p data-start=\"693\" data-end=\"744\"><strong data-start=\"693\" data-end=\"716\">Tallas disponibles:<\/strong> 8 9 Y 10<\/p>\n<\/li>\n<\/ul>\n<h4 data-start=\"746\" data-end=\"780\"><strong data-start=\"751\" data-end=\"780\">Aplicaciones recomendadas<\/strong><\/h4>\n<ul data-start=\"781\" data-end=\"880\">\n<li data-start=\"781\" data-end=\"815\">\n<p data-start=\"783\" data-end=\"815\">Limpieza general e industrial.<\/p>\n<\/li>\n<li data-start=\"816\" data-end=\"841\">\n<p data-start=\"818\" data-end=\"841\">Servicios dom\u00e9sticos.<\/p>\n<\/li>\n<li data-start=\"842\" data-end=\"880\">\n<p data-start=\"844\" data-end=\"880\">Mantenimiento y labores generales.<\/p>\n<\/li>\n<\/ul>\n<p data-start=\"882\" data-end=\"1039\" data-is-last-node=\"\" data-is-only-node=\"\">\u2714\ufe0f <strong data-start=\"885\" data-end=\"909\">Beneficio principal:<\/strong> combinaci\u00f3n ideal de <strong data-start=\"931\" data-end=\"965\">protecci\u00f3n, agarre y comodidad<\/strong> para trabajos diarios que requieren resistencia y seguridad en las manos.<\/p>\n<\/div>\n<\/div>\n<\/div>\n<\/div>\n<\/div>\n<\/div>\n","protected":false},"excerpt":{"rendered":"<p>\ud83e\udde4 Guantes de Caucho Amarillos Descripci\u00f3n del producto El Guante de Caucho Amarillo est\u00e1 fabricado en l\u00e1tex 100% natural, ofreciendo alta resistencia, durabilidad y excelente agarre. Su dise\u00f1o antideslizante proporciona mayor seguridad y protecci\u00f3n durante la manipulaci\u00f3n de objetos en diferentes labores. Caracter\u00edsticas principales Material: L\u00e1tex 100% natural, resistente y de alta calidad. Dise\u00f1o: Antideslizante [&hellip;]<\/p>\n","protected":false},"featured_media":1482,"template":"","meta":{"_joinchat":[]},"product_brand":[],"product_cat":[31,17],"product_tag":[62],"class_list":{"0":"post-409","1":"product","2":"type-product","3":"status-publish","4":"has-post-thumbnail","6":"product_cat-guantes-de-seguridad","7":"product_cat-seguridad-industrial","8":"product_tag-docena","10":"first","11":"instock","12":"shipping-taxable","13":"purchasable","14":"product-type-variable"},"_links":{"self":[{"href":"https:\/\/ecoweb.com.co\/comercializamosantioquia\/wp-json\/wp\/v2\/product\/409","targetHints":{"allow":["GET"]}}],"collection":[{"href":"https:\/\/ecoweb.com.co\/comercializamosantioquia\/wp-json\/wp\/v2\/product"}],"about":[{"href":"https:\/\/ecoweb.com.co\/comercializamosantioquia\/wp-json\/wp\/v2\/types\/product"}],"wp:featuredmedia":[{"embeddable":true,"href":"https:\/\/ecoweb.com.co\/comercializamosantioquia\/wp-json\/wp\/v2\/media\/1482"}],"wp:attachment":[{"href":"https:\/\/ecoweb.com.co\/comercializamosantioquia\/wp-json\/wp\/v2\/media?parent=409"}],"wp:term":[{"taxonomy":"product_brand","embeddable":true,"href":"https:\/\/ecoweb.com.co\/comercializamosantioquia\/wp-json\/wp\/v2\/product_brand?post=409"},{"taxonomy":"product_cat","embeddable":true,"href":"https:\/\/ecoweb.com.co\/comercializamosantioquia\/wp-json\/wp\/v2\/product_cat?post=409"},{"taxonomy":"product_tag","embeddable":true,"href":"https:\/\/ecoweb.com.co\/comercializamosantioquia\/wp-json\/wp\/v2\/product_tag?post=409"}],"curies":[{"name":"wp","href":"https:\/\/api.w.org\/{rel}","templated":true}]}}