{"id":767,"date":"2025-10-21T13:24:28","date_gmt":"2025-10-21T18:24:28","guid":{"rendered":"https:\/\/ecoweb.com.co\/comercializamosantioquia\/?page_id=767"},"modified":"2026-01-16T18:01:05","modified_gmt":"2026-01-16T23:01:05","slug":"dotacion","status":"publish","type":"page","link":"https:\/\/ecoweb.com.co\/comercializamosantioquia\/dotacion\/","title":{"rendered":"Dotaci\u00f3n"},"content":{"rendered":"<div class=\"wpb-content-wrapper\"><p>[vc_row][vc_column][vc_column_text]<span dir=\"auto\" style=\"vertical-align: inherit;\"><span dir=\"auto\" style=\"vertical-align: inherit;\">[\/vc_column_text][\/vc_column][\/vc_row][vc_row css=&#8221;.vc_custom_1761070279452{margin-top: 4% !important;}&#8221; conditional_render=&#8221;%5B%7B%22value_role%22%3A%22administrator%22%7D%5D&#8221;][vc_column][vc_column_text]<\/span><\/span><\/p>\n<p style=\"font-size: 14pt; font-weight: 600; color: #084571; text-align: center;\">Productos<\/p>\n<h1 style=\"text-align: center;\">EPP Dotaciones industriales<\/h1>\n<p><span dir=\"auto\" style=\"vertical-align: inherit;\"><span dir=\"auto\" style=\"vertical-align: inherit;\">[\/vc_column_text]<div id=\"porto-product-categories-5770\" class=\"porto-products wpb_content_element porto-product-category-widget wpb_custom_5cf8e7d16682a249ba3c18656f03a7c6\"><div class=\"woocommerce columns-3\"><ul class=\"products products-container grid category-pos-middle category-text-center show-nav-middle pcols-lg-3 pcols-md-3 pcols-xs-2 pcols-ls-2 pwidth-lg-3 pwidth-md-3 pwidth-xs-2 pwidth-ls-1 is-shortcode\"\r\n\t data-product_layout=\"product-default\">\r\n\r\n<li class=\"product-category product-col\">\r\n\t\t<a href=\"https:\/\/ecoweb.com.co\/comercializamosantioquia\/categoria-producto\/dotacion\/botas-de-seguridad-calzado-industrial\/\" aria-label=\"category\">\r\n\t\t<div class=\"thumb-info  align-center\">\r\n\t\t\t\t\t\t\t\t\t<div class=\"thumb-info-wrapper tf-none\">\r\n\t\t\t\t\t<img loading=\"lazy\" decoding=\"async\" src=\"https:\/\/ecoweb.com.co\/comercializamosantioquia\/wp-content\/uploads\/2026\/01\/Bota-Seguridad-Kondor-Dakar-1-300x300.webp\" alt=\"Botas de Seguridad - Calzado Industrial\" width=\"300\" height=\"300\" \/>\t\t\t\t<\/div>\r\n\t\t\t\t\t\t\t\t\t\t\t\t\t<div class=\"thumb-info-wrap\">\r\n\t\t\t\t\t<div class=\"thumb-info-title\">\r\n\t\t\t\t\t\t\t\t\t\t\t\t\t\t\t\t<h3 class=\"sub-title thumb-info-inner\">Botas de Seguridad - Calzado Industrial<\/h3>\r\n\t\t\t\t\t\t\t\t\t\t\t\t\t\t\t\t\t\t<span class=\"thumb-info-type\">\r\n\t\t\t\t\t\t\t\t\t\t\t\t\t\t\t\t <mark class=\"count\">20<\/mark> productos\t\t\t\t\t\t\t<\/span>\r\n\t\t\t\t\t\t\t\t\t\t\t\t\t\t\t\t\t\t\t<\/div>\r\n\t\t\t\t<\/div>\r\n\t\t\t\t\t<\/div>\r\n\t<\/a>\r\n\r\n\t\r\n\t<\/li>\r\n\r\n<li class=\"product-category product-col\">\r\n\t\t<a href=\"https:\/\/ecoweb.com.co\/comercializamosantioquia\/categoria-producto\/dotacion\/camibusos\/\" aria-label=\"category\">\r\n\t\t<div class=\"thumb-info  align-center\">\r\n\t\t\t\t\t\t\t\t\t<div class=\"thumb-info-wrapper tf-none\">\r\n\t\t\t\t\t<img loading=\"lazy\" decoding=\"async\" src=\"https:\/\/ecoweb.com.co\/comercializamosantioquia\/wp-content\/uploads\/2025\/10\/Camibuso-Tipo-Polo-3-300x300.webp\" alt=\"Camibusos\" width=\"300\" height=\"300\" \/>\t\t\t\t<\/div>\r\n\t\t\t\t\t\t\t\t\t\t\t\t\t<div class=\"thumb-info-wrap\">\r\n\t\t\t\t\t<div class=\"thumb-info-title\">\r\n\t\t\t\t\t\t\t\t\t\t\t\t\t\t\t\t<h3 class=\"sub-title thumb-info-inner\">Camibusos<\/h3>\r\n\t\t\t\t\t\t\t\t\t\t\t\t\t\t\t\t\t\t<span class=\"thumb-info-type\">\r\n\t\t\t\t\t\t\t\t\t\t\t\t\t\t\t\t <mark class=\"count\">2<\/mark> productos\t\t\t\t\t\t\t<\/span>\r\n\t\t\t\t\t\t\t\t\t\t\t\t\t\t\t\t\t\t\t<\/div>\r\n\t\t\t\t<\/div>\r\n\t\t\t\t\t<\/div>\r\n\t<\/a>\r\n\r\n\t\r\n\t<\/li>\r\n\r\n<li class=\"product-category product-col\">\r\n\t\t<a href=\"https:\/\/ecoweb.com.co\/comercializamosantioquia\/categoria-producto\/dotacion\/camisas\/\" aria-label=\"category\">\r\n\t\t<div class=\"thumb-info  align-center\">\r\n\t\t\t\t\t\t\t\t\t<div class=\"thumb-info-wrapper tf-none\">\r\n\t\t\t\t\t<img loading=\"lazy\" decoding=\"async\" src=\"https:\/\/ecoweb.com.co\/comercializamosantioquia\/wp-content\/uploads\/2025\/10\/CAMISA-INDIGO-LIVIANO--300x300.webp\" alt=\"Camisas\" width=\"300\" height=\"300\" \/>\t\t\t\t<\/div>\r\n\t\t\t\t\t\t\t\t\t\t\t\t\t<div class=\"thumb-info-wrap\">\r\n\t\t\t\t\t<div class=\"thumb-info-title\">\r\n\t\t\t\t\t\t\t\t\t\t\t\t\t\t\t\t<h3 class=\"sub-title thumb-info-inner\">Camisas<\/h3>\r\n\t\t\t\t\t\t\t\t\t\t\t\t\t\t\t\t\t\t<span class=\"thumb-info-type\">\r\n\t\t\t\t\t\t\t\t\t\t\t\t\t\t\t\t <mark class=\"count\">6<\/mark> productos\t\t\t\t\t\t\t<\/span>\r\n\t\t\t\t\t\t\t\t\t\t\t\t\t\t\t\t\t\t\t<\/div>\r\n\t\t\t\t<\/div>\r\n\t\t\t\t\t<\/div>\r\n\t<\/a>\r\n\r\n\t\r\n\t<\/li>\r\n\r\n<li class=\"product-category product-col\">\r\n\t\t<a href=\"https:\/\/ecoweb.com.co\/comercializamosantioquia\/categoria-producto\/dotacion\/camisetas\/\" aria-label=\"category\">\r\n\t\t<div class=\"thumb-info  align-center\">\r\n\t\t\t\t\t\t\t\t\t<div class=\"thumb-info-wrapper tf-none\">\r\n\t\t\t\t\t<img loading=\"lazy\" decoding=\"async\" src=\"https:\/\/ecoweb.com.co\/comercializamosantioquia\/wp-content\/uploads\/2025\/10\/Camiseta-Tipo-Polo-dama-2--300x300.webp\" alt=\"Camisetas\" width=\"300\" height=\"300\" \/>\t\t\t\t<\/div>\r\n\t\t\t\t\t\t\t\t\t\t\t\t\t<div class=\"thumb-info-wrap\">\r\n\t\t\t\t\t<div class=\"thumb-info-title\">\r\n\t\t\t\t\t\t\t\t\t\t\t\t\t\t\t\t<h3 class=\"sub-title thumb-info-inner\">Camisetas<\/h3>\r\n\t\t\t\t\t\t\t\t\t\t\t\t\t\t\t\t\t\t<span class=\"thumb-info-type\">\r\n\t\t\t\t\t\t\t\t\t\t\t\t\t\t\t\t <mark class=\"count\">3<\/mark> productos\t\t\t\t\t\t\t<\/span>\r\n\t\t\t\t\t\t\t\t\t\t\t\t\t\t\t\t\t\t\t<\/div>\r\n\t\t\t\t<\/div>\r\n\t\t\t\t\t<\/div>\r\n\t<\/a>\r\n\r\n\t\r\n\t<\/li>\r\n\r\n<li class=\"product-category product-col\">\r\n\t\t<a href=\"https:\/\/ecoweb.com.co\/comercializamosantioquia\/categoria-producto\/dotacion\/chalecos\/\" aria-label=\"category\">\r\n\t\t<div class=\"thumb-info  align-center\">\r\n\t\t\t\t\t\t\t\t\t<div class=\"thumb-info-wrapper tf-none\">\r\n\t\t\t\t\t<img loading=\"lazy\" decoding=\"async\" src=\"https:\/\/ecoweb.com.co\/comercializamosantioquia\/wp-content\/uploads\/2025\/10\/chaleco3.jpg\" alt=\"Chalecos de seguridad\" width=\"300\" height=\"300\" \/>\t\t\t\t<\/div>\r\n\t\t\t\t\t\t\t\t\t\t\t\t\t<div class=\"thumb-info-wrap\">\r\n\t\t\t\t\t<div class=\"thumb-info-title\">\r\n\t\t\t\t\t\t\t\t\t\t\t\t\t\t\t\t<h3 class=\"sub-title thumb-info-inner\">Chalecos de seguridad<\/h3>\r\n\t\t\t\t\t\t\t\t\t\t\t\t\t\t\t\t\t\t<span class=\"thumb-info-type\">\r\n\t\t\t\t\t\t\t\t\t\t\t\t\t\t\t\t <mark class=\"count\">5<\/mark> productos\t\t\t\t\t\t\t<\/span>\r\n\t\t\t\t\t\t\t\t\t\t\t\t\t\t\t\t\t\t\t<\/div>\r\n\t\t\t\t<\/div>\r\n\t\t\t\t\t<\/div>\r\n\t<\/a>\r\n\r\n\t\r\n\t<\/li>\r\n\r\n<li class=\"product-category product-col\">\r\n\t\t<a href=\"https:\/\/ecoweb.com.co\/comercializamosantioquia\/categoria-producto\/dotacion\/conjuntos-anti-fluidos\/\" aria-label=\"category\">\r\n\t\t<div class=\"thumb-info  align-center\">\r\n\t\t\t\t\t\t\t\t\t<div class=\"thumb-info-wrapper tf-none\">\r\n\t\t\t\t\t<img loading=\"lazy\" decoding=\"async\" src=\"https:\/\/ecoweb.com.co\/comercializamosantioquia\/wp-content\/uploads\/2025\/10\/traje-antifluido-Tivek-300x300.webp\" alt=\"Conjuntos anti fluidos\" width=\"300\" height=\"300\" \/>\t\t\t\t<\/div>\r\n\t\t\t\t\t\t\t\t\t\t\t\t\t<div class=\"thumb-info-wrap\">\r\n\t\t\t\t\t<div class=\"thumb-info-title\">\r\n\t\t\t\t\t\t\t\t\t\t\t\t\t\t\t\t<h3 class=\"sub-title thumb-info-inner\">Conjuntos anti fluidos<\/h3>\r\n\t\t\t\t\t\t\t\t\t\t\t\t\t\t\t\t\t\t<span class=\"thumb-info-type\">\r\n\t\t\t\t\t\t\t\t\t\t\t\t\t\t\t\t <mark class=\"count\">2<\/mark> productos\t\t\t\t\t\t\t<\/span>\r\n\t\t\t\t\t\t\t\t\t\t\t\t\t\t\t\t\t\t\t<\/div>\r\n\t\t\t\t<\/div>\r\n\t\t\t\t\t<\/div>\r\n\t<\/a>\r\n\r\n\t\r\n\t<\/li>\r\n\r\n<li class=\"product-category product-col\">\r\n\t\t<a href=\"https:\/\/ecoweb.com.co\/comercializamosantioquia\/categoria-producto\/dotacion\/cuartos-frios\/\" aria-label=\"category\">\r\n\t\t<div class=\"thumb-info  align-center\">\r\n\t\t\t\t\t\t\t\t\t<div class=\"thumb-info-wrapper tf-none\">\r\n\t\t\t\t\t<img loading=\"lazy\" decoding=\"async\" src=\"https:\/\/ecoweb.com.co\/comercializamosantioquia\/wp-content\/uploads\/2025\/10\/Overol-Cuarto-Frio-300x300.webp\" alt=\"Cuartos fr\u00edos\" width=\"300\" height=\"300\" \/>\t\t\t\t<\/div>\r\n\t\t\t\t\t\t\t\t\t\t\t\t\t<div class=\"thumb-info-wrap\">\r\n\t\t\t\t\t<div class=\"thumb-info-title\">\r\n\t\t\t\t\t\t\t\t\t\t\t\t\t\t\t\t<h3 class=\"sub-title thumb-info-inner\">Cuartos fr\u00edos<\/h3>\r\n\t\t\t\t\t\t\t\t\t\t\t\t\t\t\t\t\t\t<span class=\"thumb-info-type\">\r\n\t\t\t\t\t\t\t\t\t\t\t\t\t\t\t\t <mark class=\"count\">16<\/mark> productos\t\t\t\t\t\t\t<\/span>\r\n\t\t\t\t\t\t\t\t\t\t\t\t\t\t\t\t\t\t\t<\/div>\r\n\t\t\t\t<\/div>\r\n\t\t\t\t\t<\/div>\r\n\t<\/a>\r\n\r\n\t\r\n\t<\/li>\r\n\r\n<li class=\"product-category product-col\">\r\n\t\t<a href=\"https:\/\/ecoweb.com.co\/comercializamosantioquia\/categoria-producto\/dotacion\/gorros\/\" aria-label=\"category\">\r\n\t\t<div class=\"thumb-info  align-center\">\r\n\t\t\t\t\t\t\t\t\t<div class=\"thumb-info-wrapper tf-none\">\r\n\t\t\t\t\t<img loading=\"lazy\" decoding=\"async\" src=\"https:\/\/ecoweb.com.co\/comercializamosantioquia\/wp-content\/uploads\/2025\/10\/pava-de-proteccion-300x300.webp\" alt=\"Gorros\" width=\"300\" height=\"300\" \/>\t\t\t\t<\/div>\r\n\t\t\t\t\t\t\t\t\t\t\t\t\t<div class=\"thumb-info-wrap\">\r\n\t\t\t\t\t<div class=\"thumb-info-title\">\r\n\t\t\t\t\t\t\t\t\t\t\t\t\t\t\t\t<h3 class=\"sub-title thumb-info-inner\">Gorros<\/h3>\r\n\t\t\t\t\t\t\t\t\t\t\t\t\t\t\t\t\t\t<span class=\"thumb-info-type\">\r\n\t\t\t\t\t\t\t\t\t\t\t\t\t\t\t\t <mark class=\"count\">8<\/mark> productos\t\t\t\t\t\t\t<\/span>\r\n\t\t\t\t\t\t\t\t\t\t\t\t\t\t\t\t\t\t\t<\/div>\r\n\t\t\t\t<\/div>\r\n\t\t\t\t\t<\/div>\r\n\t<\/a>\r\n\r\n\t\r\n\t<\/li>\r\n\r\n<li class=\"product-category product-col\">\r\n\t\t<a href=\"https:\/\/ecoweb.com.co\/comercializamosantioquia\/categoria-producto\/dotacion\/overol\/\" aria-label=\"category\">\r\n\t\t<div class=\"thumb-info  align-center\">\r\n\t\t\t\t\t\t\t\t\t<div class=\"thumb-info-wrapper tf-none\">\r\n\t\t\t\t\t<img loading=\"lazy\" decoding=\"async\" src=\"https:\/\/ecoweb.com.co\/comercializamosantioquia\/wp-content\/uploads\/2025\/10\/overol-dril-reflectivo-300x300.webp\" alt=\"Overol\" width=\"300\" height=\"300\" \/>\t\t\t\t<\/div>\r\n\t\t\t\t\t\t\t\t\t\t\t\t\t<div class=\"thumb-info-wrap\">\r\n\t\t\t\t\t<div class=\"thumb-info-title\">\r\n\t\t\t\t\t\t\t\t\t\t\t\t\t\t\t\t<h3 class=\"sub-title thumb-info-inner\">Overol<\/h3>\r\n\t\t\t\t\t\t\t\t\t\t\t\t\t\t\t\t\t\t<span class=\"thumb-info-type\">\r\n\t\t\t\t\t\t\t\t\t\t\t\t\t\t\t\t <mark class=\"count\">2<\/mark> productos\t\t\t\t\t\t\t<\/span>\r\n\t\t\t\t\t\t\t\t\t\t\t\t\t\t\t\t\t\t\t<\/div>\r\n\t\t\t\t<\/div>\r\n\t\t\t\t\t<\/div>\r\n\t<\/a>\r\n\r\n\t\r\n\t<\/li>\r\n\r\n<li class=\"product-category product-col\">\r\n\t\t<a href=\"https:\/\/ecoweb.com.co\/comercializamosantioquia\/categoria-producto\/dotacion\/pantalones\/\" aria-label=\"category\">\r\n\t\t<div class=\"thumb-info  align-center\">\r\n\t\t\t\t\t\t\t\t\t<div class=\"thumb-info-wrapper tf-none\">\r\n\t\t\t\t\t<img loading=\"lazy\" decoding=\"async\" src=\"https:\/\/ecoweb.com.co\/comercializamosantioquia\/wp-content\/uploads\/2025\/10\/pantalon-dril-bolsillos-laterales-2-300x300.webp\" alt=\"Pantalones\" width=\"300\" height=\"300\" \/>\t\t\t\t<\/div>\r\n\t\t\t\t\t\t\t\t\t\t\t\t\t<div class=\"thumb-info-wrap\">\r\n\t\t\t\t\t<div class=\"thumb-info-title\">\r\n\t\t\t\t\t\t\t\t\t\t\t\t\t\t\t\t<h3 class=\"sub-title thumb-info-inner\">Pantalones<\/h3>\r\n\t\t\t\t\t\t\t\t\t\t\t\t\t\t\t\t\t\t<span class=\"thumb-info-type\">\r\n\t\t\t\t\t\t\t\t\t\t\t\t\t\t\t\t <mark class=\"count\">5<\/mark> productos\t\t\t\t\t\t\t<\/span>\r\n\t\t\t\t\t\t\t\t\t\t\t\t\t\t\t\t\t\t\t<\/div>\r\n\t\t\t\t<\/div>\r\n\t\t\t\t\t<\/div>\r\n\t<\/a>\r\n\r\n\t\r\n\t<\/li>\r\n\r\n<li class=\"product-category product-col\">\r\n\t\t<a href=\"https:\/\/ecoweb.com.co\/comercializamosantioquia\/categoria-producto\/dotacion\/tenis\/\" aria-label=\"category\">\r\n\t\t<div class=\"thumb-info  align-center\">\r\n\t\t\t\t\t\t\t\t\t<div class=\"thumb-info-wrapper tf-none\">\r\n\t\t\t\t\t<img loading=\"lazy\" decoding=\"async\" src=\"https:\/\/ecoweb.com.co\/comercializamosantioquia\/wp-content\/uploads\/2025\/10\/tenis-blanco-1-300x300.webp\" alt=\"Tenis\" width=\"300\" height=\"300\" \/>\t\t\t\t<\/div>\r\n\t\t\t\t\t\t\t\t\t\t\t\t\t<div class=\"thumb-info-wrap\">\r\n\t\t\t\t\t<div class=\"thumb-info-title\">\r\n\t\t\t\t\t\t\t\t\t\t\t\t\t\t\t\t<h3 class=\"sub-title thumb-info-inner\">Tenis<\/h3>\r\n\t\t\t\t\t\t\t\t\t\t\t\t\t\t\t\t\t\t<span class=\"thumb-info-type\">\r\n\t\t\t\t\t\t\t\t\t\t\t\t\t\t\t\t <mark class=\"count\">2<\/mark> productos\t\t\t\t\t\t\t<\/span>\r\n\t\t\t\t\t\t\t\t\t\t\t\t\t\t\t\t\t\t\t<\/div>\r\n\t\t\t\t<\/div>\r\n\t\t\t\t\t<\/div>\r\n\t<\/a>\r\n\r\n\t\r\n\t<\/li>\r\n<\/ul>\r\n<\/div><\/div>[\/vc_column][\/vc_row][vc_row][vc_column][vc_column_text]&nbsp;<\/p>\n<h3 data-start=\"95\" data-end=\"136\">\ud83e\uddba\u00a0<strong data-start=\"103\" data-end=\"136\">EPP y Dotaciones Industriales<\/strong><\/h3>\n<p data-start=\"138\" data-end=\"495\">En <strong data-start=\"141\" data-end=\"180\">Comercializamos Antioquia E.P.P. <\/strong>\u00a0ofrecemos una amplia l\u00ednea de <strong data-start=\"211\" data-end=\"271\">equipos de protecci\u00f3n personal y dotaciones industriales<\/strong> dise\u00f1ados para garantizar seguridad, comodidad y rendimiento en cada jornada laboral. Seleccionamos productos certificados que se adaptan a diversos sectores y niveles de riesgo, brindando protecci\u00f3n integral al trabajador.<\/p>\n<h3 data-start=\"497\" data-end=\"529\">\u2b50 <strong data-start=\"503\" data-end=\"529\">Beneficios principales<\/strong><\/h3>\n<ul data-start=\"530\" data-end=\"800\">\n<li data-start=\"530\" data-end=\"604\">\n<p data-start=\"532\" data-end=\"604\">Elementos certificados para cabeza, manos, pies, respiraci\u00f3n y cuerpo.<\/p>\n<\/li>\n<li data-start=\"605\" data-end=\"666\">\n<p data-start=\"607\" data-end=\"666\">Ropa y dotaci\u00f3n industrial resistente, c\u00f3moda y duradera.<\/p>\n<\/li>\n<li data-start=\"667\" data-end=\"738\">\n<p data-start=\"669\" data-end=\"738\">Soluciones completas para reducir riesgos en m\u00faltiples operaciones.<\/p>\n<\/li>\n<li data-start=\"739\" data-end=\"800\">\n<p data-start=\"741\" data-end=\"800\">Materiales de alta calidad que cumplen normativas vigentes.<\/p>\n<\/li>\n<\/ul>\n<p data-start=\"802\" data-end=\"925\">\ud83d\udee1\ufe0f <strong data-start=\"806\" data-end=\"829\">Nuestro compromiso:<\/strong> brindar dotaciones confiables y EPP de alto desempe\u00f1o que protejan a tu equipo en todo momento.<\/p>\n<p>&nbsp;[\/vc_column_text][\/vc_column][\/vc_row][vc_row][vc_column][vc_column_text]<\/span><\/span>[\/vc_column_text][\/vc_column][\/vc_row]<\/p>\n<\/div>","protected":false},"excerpt":{"rendered":"<p>[vc_row][vc_column][vc_column_text][\/vc_column_text][\/vc_column][\/vc_row][vc_row css=&#8221;.vc_custom_1761070279452{margin-top: 4% !important;}&#8221; conditional_render=&#8221;%5B%7B%22value_role%22%3A%22administrator%22%7D%5D&#8221;][vc_column][vc_column_text] Productos EPP Dotaciones industriales [\/vc_column_text][\/vc_column][\/vc_row][vc_row][vc_column][vc_column_text]&nbsp; \ud83e\uddba\u00a0EPP y Dotaciones Industriales En Comercializamos Antioquia E.P.P. \u00a0ofrecemos una amplia l\u00ednea de equipos de protecci\u00f3n personal y dotaciones industriales dise\u00f1ados para garantizar seguridad, comodidad y rendimiento en cada jornada laboral. Seleccionamos productos certificados que se adaptan a diversos sectores y niveles de riesgo, brindando [&hellip;]<\/p>\n","protected":false},"author":1,"featured_media":0,"parent":0,"menu_order":0,"comment_status":"closed","ping_status":"closed","template":"","meta":{"_joinchat":[],"footnotes":""},"class_list":["post-767","page","type-page","status-publish","hentry"],"_links":{"self":[{"href":"https:\/\/ecoweb.com.co\/comercializamosantioquia\/wp-json\/wp\/v2\/pages\/767","targetHints":{"allow":["GET"]}}],"collection":[{"href":"https:\/\/ecoweb.com.co\/comercializamosantioquia\/wp-json\/wp\/v2\/pages"}],"about":[{"href":"https:\/\/ecoweb.com.co\/comercializamosantioquia\/wp-json\/wp\/v2\/types\/page"}],"author":[{"embeddable":true,"href":"https:\/\/ecoweb.com.co\/comercializamosantioquia\/wp-json\/wp\/v2\/users\/1"}],"replies":[{"embeddable":true,"href":"https:\/\/ecoweb.com.co\/comercializamosantioquia\/wp-json\/wp\/v2\/comments?post=767"}],"version-history":[{"count":6,"href":"https:\/\/ecoweb.com.co\/comercializamosantioquia\/wp-json\/wp\/v2\/pages\/767\/revisions"}],"predecessor-version":[{"id":1520,"href":"https:\/\/ecoweb.com.co\/comercializamosantioquia\/wp-json\/wp\/v2\/pages\/767\/revisions\/1520"}],"wp:attachment":[{"href":"https:\/\/ecoweb.com.co\/comercializamosantioquia\/wp-json\/wp\/v2\/media?parent=767"}],"curies":[{"name":"wp","href":"https:\/\/api.w.org\/{rel}","templated":true}]}}