{"id":762,"date":"2025-10-21T13:05:03","date_gmt":"2025-10-21T18:05:03","guid":{"rendered":"https:\/\/ecoweb.com.co\/comercializamosantioquia\/?page_id=762"},"modified":"2026-01-16T18:08:50","modified_gmt":"2026-01-16T23:08:50","slug":"seguridad-industrial","status":"publish","type":"page","link":"https:\/\/ecoweb.com.co\/comercializamosantioquia\/seguridad-industrial\/","title":{"rendered":"Seguridad industrial"},"content":{"rendered":"<div class=\"wpb-content-wrapper\"><p>[vc_row][vc_column][vc_column_text]<span dir=\"auto\" style=\"vertical-align: inherit;\"><span dir=\"auto\" style=\"vertical-align: inherit;\">[\/vc_column_text][\/vc_column][\/vc_row][vc_row css=&#8221;.vc_custom_1761070279452{margin-top: 4% !important;}&#8221; conditional_render=&#8221;%5B%7B%22value_role%22%3A%22administrator%22%7D%5D&#8221;][vc_column][vc_column_text]<\/span><\/span><\/p>\n<p style=\"font-size: 14pt; font-weight: 600; color: #084571; text-align: center;\">Productos<\/p>\n<h1 class=\"titulo\" style=\"font-size: 26pt; font-weight: bold; text-align: center;\">Elementos &#8211; equipos de protecci\u00f3n personal y Seguridad industrial<\/h1>\n<p><span dir=\"auto\" style=\"vertical-align: inherit;\"><span dir=\"auto\" style=\"vertical-align: inherit;\">[\/vc_column_text]<div id=\"porto-product-categories-7924\" class=\"porto-products wpb_content_element porto-product-category-widget wpb_custom_5cf8e7d16682a249ba3c18656f03a7c6\"><div class=\"woocommerce columns-3\"><ul class=\"products products-container grid category-pos-middle category-text-center show-nav-middle pcols-lg-3 pcols-md-3 pcols-xs-2 pcols-ls-2 pwidth-lg-3 pwidth-md-3 pwidth-xs-2 pwidth-ls-1 is-shortcode\"\r\n\t data-product_layout=\"product-default\">\r\n\r\n<li class=\"product-category product-col\">\r\n\t\t<a href=\"https:\/\/ecoweb.com.co\/comercializamosantioquia\/categoria-producto\/seguridad-industrial\/cascos-de-seguridad-industrial\/\" aria-label=\"category\">\r\n\t\t<div class=\"thumb-info  align-center\">\r\n\t\t\t\t\t\t\t\t\t<div class=\"thumb-info-wrapper tf-none\">\r\n\t\t\t\t\t<img loading=\"lazy\" decoding=\"async\" src=\"https:\/\/ecoweb.com.co\/comercializamosantioquia\/wp-content\/uploads\/2025\/10\/FACIAL6.jpg\" alt=\"Cascos de seguridad industrial\" width=\"300\" height=\"300\" \/>\t\t\t\t<\/div>\r\n\t\t\t\t\t\t\t\t\t\t\t\t\t<div class=\"thumb-info-wrap\">\r\n\t\t\t\t\t<div class=\"thumb-info-title\">\r\n\t\t\t\t\t\t\t\t\t\t\t\t\t\t\t\t<h3 class=\"sub-title thumb-info-inner\">Cascos de seguridad industrial<\/h3>\r\n\t\t\t\t\t\t\t\t\t\t\t\t\t\t\t\t\t\t<span class=\"thumb-info-type\">\r\n\t\t\t\t\t\t\t\t\t\t\t\t\t\t\t\t <mark class=\"count\">6<\/mark> productos\t\t\t\t\t\t\t<\/span>\r\n\t\t\t\t\t\t\t\t\t\t\t\t\t\t\t\t\t\t\t<\/div>\r\n\t\t\t\t<\/div>\r\n\t\t\t\t\t<\/div>\r\n\t<\/a>\r\n\r\n\t\r\n\t<\/li>\r\n\r\n<li class=\"product-category product-col\">\r\n\t\t<a href=\"https:\/\/ecoweb.com.co\/comercializamosantioquia\/categoria-producto\/seguridad-industrial\/proteccion-auditiva\/\" aria-label=\"category\">\r\n\t\t<div class=\"thumb-info  align-center\">\r\n\t\t\t\t\t\t\t\t\t<div class=\"thumb-info-wrapper tf-none\">\r\n\t\t\t\t\t<img loading=\"lazy\" decoding=\"async\" src=\"https:\/\/ecoweb.com.co\/comercializamosantioquia\/wp-content\/uploads\/2025\/10\/Protector-auditivo-ensamble-a-casco-1-300x300.webp\" alt=\"Protecci\u00f3n auditiva\" width=\"300\" height=\"300\" \/>\t\t\t\t<\/div>\r\n\t\t\t\t\t\t\t\t\t\t\t\t\t<div class=\"thumb-info-wrap\">\r\n\t\t\t\t\t<div class=\"thumb-info-title\">\r\n\t\t\t\t\t\t\t\t\t\t\t\t\t\t\t\t<h3 class=\"sub-title thumb-info-inner\">Protecci\u00f3n auditiva<\/h3>\r\n\t\t\t\t\t\t\t\t\t\t\t\t\t\t\t\t\t\t<span class=\"thumb-info-type\">\r\n\t\t\t\t\t\t\t\t\t\t\t\t\t\t\t\t <mark class=\"count\">5<\/mark> productos\t\t\t\t\t\t\t<\/span>\r\n\t\t\t\t\t\t\t\t\t\t\t\t\t\t\t\t\t\t\t<\/div>\r\n\t\t\t\t<\/div>\r\n\t\t\t\t\t<\/div>\r\n\t<\/a>\r\n\r\n\t\r\n\t<\/li>\r\n\r\n<li class=\"product-category product-col\">\r\n\t\t<a href=\"https:\/\/ecoweb.com.co\/comercializamosantioquia\/categoria-producto\/seguridad-industrial\/proteccion-corporal\/\" aria-label=\"category\">\r\n\t\t<div class=\"thumb-info  align-center\">\r\n\t\t\t\t\t\t\t\t\t<div class=\"thumb-info-wrapper tf-none\">\r\n\t\t\t\t\t<img loading=\"lazy\" decoding=\"async\" src=\"https:\/\/ecoweb.com.co\/comercializamosantioquia\/wp-content\/uploads\/2025\/10\/corporal4.jpg\" alt=\"Protecci\u00f3n corporal\" width=\"300\" height=\"300\" \/>\t\t\t\t<\/div>\r\n\t\t\t\t\t\t\t\t\t\t\t\t\t<div class=\"thumb-info-wrap\">\r\n\t\t\t\t\t<div class=\"thumb-info-title\">\r\n\t\t\t\t\t\t\t\t\t\t\t\t\t\t\t\t<h3 class=\"sub-title thumb-info-inner\">Protecci\u00f3n corporal<\/h3>\r\n\t\t\t\t\t\t\t\t\t\t\t\t\t\t\t\t\t\t<span class=\"thumb-info-type\">\r\n\t\t\t\t\t\t\t\t\t\t\t\t\t\t\t\t <mark class=\"count\">17<\/mark> productos\t\t\t\t\t\t\t<\/span>\r\n\t\t\t\t\t\t\t\t\t\t\t\t\t\t\t\t\t\t\t<\/div>\r\n\t\t\t\t<\/div>\r\n\t\t\t\t\t<\/div>\r\n\t<\/a>\r\n\r\n\t\r\n\t<\/li>\r\n\r\n<li class=\"product-category product-col\">\r\n\t\t<a href=\"https:\/\/ecoweb.com.co\/comercializamosantioquia\/categoria-producto\/seguridad-industrial\/proteccion-facial\/\" aria-label=\"category\">\r\n\t\t<div class=\"thumb-info  align-center\">\r\n\t\t\t\t\t\t\t\t\t<div class=\"thumb-info-wrapper tf-none\">\r\n\t\t\t\t\t<img loading=\"lazy\" decoding=\"async\" src=\"https:\/\/ecoweb.com.co\/comercializamosantioquia\/wp-content\/uploads\/2025\/10\/Careta-protectora-facial-con-soporte-ajustable-con-rachet-1-300x300.webp\" alt=\"Protecci\u00f3n facial\" width=\"300\" height=\"300\" \/>\t\t\t\t<\/div>\r\n\t\t\t\t\t\t\t\t\t\t\t\t\t<div class=\"thumb-info-wrap\">\r\n\t\t\t\t\t<div class=\"thumb-info-title\">\r\n\t\t\t\t\t\t\t\t\t\t\t\t\t\t\t\t<h3 class=\"sub-title thumb-info-inner\">Protecci\u00f3n facial<\/h3>\r\n\t\t\t\t\t\t\t\t\t\t\t\t\t\t\t\t\t\t<span class=\"thumb-info-type\">\r\n\t\t\t\t\t\t\t\t\t\t\t\t\t\t\t\t <mark class=\"count\">8<\/mark> productos\t\t\t\t\t\t\t<\/span>\r\n\t\t\t\t\t\t\t\t\t\t\t\t\t\t\t\t\t\t\t<\/div>\r\n\t\t\t\t<\/div>\r\n\t\t\t\t\t<\/div>\r\n\t<\/a>\r\n\r\n\t\r\n\t<\/li>\r\n\r\n<li class=\"product-category product-col\">\r\n\t\t<a href=\"https:\/\/ecoweb.com.co\/comercializamosantioquia\/categoria-producto\/seguridad-industrial\/guantes-de-seguridad\/\" aria-label=\"category\">\r\n\t\t<div class=\"thumb-info  align-center\">\r\n\t\t\t\t\t\t\t\t\t<div class=\"thumb-info-wrapper tf-none\">\r\n\t\t\t\t\t<img loading=\"lazy\" decoding=\"async\" src=\"https:\/\/ecoweb.com.co\/comercializamosantioquia\/wp-content\/uploads\/2026\/01\/GUANTE-MULTIFLEX-NYLON-NITRILO-STEELPROwebp-300x300.webp\" alt=\"Guantes de seguridad\" width=\"300\" height=\"300\" \/>\t\t\t\t<\/div>\r\n\t\t\t\t\t\t\t\t\t\t\t\t\t<div class=\"thumb-info-wrap\">\r\n\t\t\t\t\t<div class=\"thumb-info-title\">\r\n\t\t\t\t\t\t\t\t\t\t\t\t\t\t\t\t<h3 class=\"sub-title thumb-info-inner\">Guantes de seguridad<\/h3>\r\n\t\t\t\t\t\t\t\t\t\t\t\t\t\t\t\t\t\t<span class=\"thumb-info-type\">\r\n\t\t\t\t\t\t\t\t\t\t\t\t\t\t\t\t <mark class=\"count\">26<\/mark> productos\t\t\t\t\t\t\t<\/span>\r\n\t\t\t\t\t\t\t\t\t\t\t\t\t\t\t\t\t\t\t<\/div>\r\n\t\t\t\t<\/div>\r\n\t\t\t\t\t<\/div>\r\n\t<\/a>\r\n\r\n\t\r\n\t<\/li>\r\n\r\n<li class=\"product-category product-col\">\r\n\t\t<a href=\"https:\/\/ecoweb.com.co\/comercializamosantioquia\/categoria-producto\/seguridad-industrial\/proteccion-respiratoria\/\" aria-label=\"category\">\r\n\t\t<div class=\"thumb-info  align-center\">\r\n\t\t\t\t\t\t\t\t\t<div class=\"thumb-info-wrapper tf-none\">\r\n\t\t\t\t\t<img loading=\"lazy\" decoding=\"async\" src=\"https:\/\/ecoweb.com.co\/comercializamosantioquia\/wp-content\/uploads\/2025\/10\/Respirador-3M-6200-media-mascara-4--300x300.webp\" alt=\"Protecci\u00f3n respiratoria\" width=\"300\" height=\"300\" \/>\t\t\t\t<\/div>\r\n\t\t\t\t\t\t\t\t\t\t\t\t\t<div class=\"thumb-info-wrap\">\r\n\t\t\t\t\t<div class=\"thumb-info-title\">\r\n\t\t\t\t\t\t\t\t\t\t\t\t\t\t\t\t<h3 class=\"sub-title thumb-info-inner\">Protecci\u00f3n respiratoria<\/h3>\r\n\t\t\t\t\t\t\t\t\t\t\t\t\t\t\t\t\t\t<span class=\"thumb-info-type\">\r\n\t\t\t\t\t\t\t\t\t\t\t\t\t\t\t\t <mark class=\"count\">19<\/mark> productos\t\t\t\t\t\t\t<\/span>\r\n\t\t\t\t\t\t\t\t\t\t\t\t\t\t\t\t\t\t\t<\/div>\r\n\t\t\t\t<\/div>\r\n\t\t\t\t\t<\/div>\r\n\t<\/a>\r\n\r\n\t\r\n\t<\/li>\r\n\r\n<li class=\"product-category product-col\">\r\n\t\t<a href=\"https:\/\/ecoweb.com.co\/comercializamosantioquia\/categoria-producto\/seguridad-industrial\/gafas-de-seguridad\/\" aria-label=\"category\">\r\n\t\t<div class=\"thumb-info  align-center\">\r\n\t\t\t\t\t\t\t\t\t<div class=\"thumb-info-wrapper tf-none\">\r\n\t\t\t\t\t<img loading=\"lazy\" decoding=\"async\" src=\"https:\/\/ecoweb.com.co\/comercializamosantioquia\/wp-content\/uploads\/2026\/01\/monogafa-zex-oscura-300x300.webp\" alt=\"Gafas de seguridad\" width=\"300\" height=\"300\" \/>\t\t\t\t<\/div>\r\n\t\t\t\t\t\t\t\t\t\t\t\t\t<div class=\"thumb-info-wrap\">\r\n\t\t\t\t\t<div class=\"thumb-info-title\">\r\n\t\t\t\t\t\t\t\t\t\t\t\t\t\t\t\t<h3 class=\"sub-title thumb-info-inner\">Gafas de seguridad<\/h3>\r\n\t\t\t\t\t\t\t\t\t\t\t\t\t\t\t\t\t\t<span class=\"thumb-info-type\">\r\n\t\t\t\t\t\t\t\t\t\t\t\t\t\t\t\t <mark class=\"count\">16<\/mark> productos\t\t\t\t\t\t\t<\/span>\r\n\t\t\t\t\t\t\t\t\t\t\t\t\t\t\t\t\t\t\t<\/div>\r\n\t\t\t\t<\/div>\r\n\t\t\t\t\t<\/div>\r\n\t<\/a>\r\n\r\n\t\r\n\t<\/li>\r\n\r\n<li class=\"product-category product-col\">\r\n\t\t<a href=\"https:\/\/ecoweb.com.co\/comercializamosantioquia\/categoria-producto\/seguridad-industrial\/trabajos-en-alturas\/\" aria-label=\"category\">\r\n\t\t<div class=\"thumb-info  align-center\">\r\n\t\t\t\t\t\t\t\t\t<div class=\"thumb-info-wrapper tf-none\">\r\n\t\t\t\t\t<img loading=\"lazy\" decoding=\"async\" src=\"https:\/\/ecoweb.com.co\/comercializamosantioquia\/wp-content\/uploads\/2025\/10\/Arnes-en-4-argollas-300x300.webp\" alt=\"Trabajos en alturas\" width=\"300\" height=\"300\" \/>\t\t\t\t<\/div>\r\n\t\t\t\t\t\t\t\t\t\t\t\t\t<div class=\"thumb-info-wrap\">\r\n\t\t\t\t\t<div class=\"thumb-info-title\">\r\n\t\t\t\t\t\t\t\t\t\t\t\t\t\t\t\t<h3 class=\"sub-title thumb-info-inner\">Trabajos en alturas<\/h3>\r\n\t\t\t\t\t\t\t\t\t\t\t\t\t\t\t\t\t\t<span class=\"thumb-info-type\">\r\n\t\t\t\t\t\t\t\t\t\t\t\t\t\t\t\t <mark class=\"count\">26<\/mark> productos\t\t\t\t\t\t\t<\/span>\r\n\t\t\t\t\t\t\t\t\t\t\t\t\t\t\t\t\t\t\t<\/div>\r\n\t\t\t\t<\/div>\r\n\t\t\t\t\t<\/div>\r\n\t<\/a>\r\n\r\n\t\r\n\t<\/li>\r\n\r\n<li class=\"product-category product-col\">\r\n\t\t<a href=\"https:\/\/ecoweb.com.co\/comercializamosantioquia\/categoria-producto\/seguridad-industrial\/senalizacion\/\" aria-label=\"category\">\r\n\t\t<div class=\"thumb-info  align-center\">\r\n\t\t\t\t\t\t\t\t\t<div class=\"thumb-info-wrapper tf-none\">\r\n\t\t\t\t\t<img loading=\"lazy\" decoding=\"async\" src=\"https:\/\/ecoweb.com.co\/comercializamosantioquia\/wp-content\/uploads\/2025\/10\/Paleta-pare-y-siga-300x300.webp\" alt=\"Se\u00f1alizaci\u00f3n\" width=\"300\" height=\"300\" \/>\t\t\t\t<\/div>\r\n\t\t\t\t\t\t\t\t\t\t\t\t\t<div class=\"thumb-info-wrap\">\r\n\t\t\t\t\t<div class=\"thumb-info-title\">\r\n\t\t\t\t\t\t\t\t\t\t\t\t\t\t\t\t<h3 class=\"sub-title thumb-info-inner\">Se\u00f1alizaci\u00f3n<\/h3>\r\n\t\t\t\t\t\t\t\t\t\t\t\t\t\t\t\t\t\t<span class=\"thumb-info-type\">\r\n\t\t\t\t\t\t\t\t\t\t\t\t\t\t\t\t <mark class=\"count\">22<\/mark> productos\t\t\t\t\t\t\t<\/span>\r\n\t\t\t\t\t\t\t\t\t\t\t\t\t\t\t\t\t\t\t<\/div>\r\n\t\t\t\t<\/div>\r\n\t\t\t\t\t<\/div>\r\n\t<\/a>\r\n\r\n\t\r\n\t<\/li>\r\n\r\n<li class=\"product-category product-col\">\r\n\t\t<a href=\"https:\/\/ecoweb.com.co\/comercializamosantioquia\/categoria-producto\/seguridad-industrial\/limpieza-industrial\/\" aria-label=\"category\">\r\n\t\t<div class=\"thumb-info  align-center\">\r\n\t\t\t\t\t\t\t\t\t<div class=\"thumb-info-wrapper tf-none\">\r\n\t\t\t\t\t<img loading=\"lazy\" decoding=\"async\" src=\"https:\/\/ecoweb.com.co\/comercializamosantioquia\/wp-content\/uploads\/2025\/10\/estopa-300x300.webp\" alt=\"Limpieza industrial\" width=\"300\" height=\"300\" \/>\t\t\t\t<\/div>\r\n\t\t\t\t\t\t\t\t\t\t\t\t\t<div class=\"thumb-info-wrap\">\r\n\t\t\t\t\t<div class=\"thumb-info-title\">\r\n\t\t\t\t\t\t\t\t\t\t\t\t\t\t\t\t<h3 class=\"sub-title thumb-info-inner\">Limpieza industrial<\/h3>\r\n\t\t\t\t\t\t\t\t\t\t\t\t\t\t\t\t\t\t<span class=\"thumb-info-type\">\r\n\t\t\t\t\t\t\t\t\t\t\t\t\t\t\t\t <mark class=\"count\">3<\/mark> productos\t\t\t\t\t\t\t<\/span>\r\n\t\t\t\t\t\t\t\t\t\t\t\t\t\t\t\t\t\t\t<\/div>\r\n\t\t\t\t<\/div>\r\n\t\t\t\t\t<\/div>\r\n\t<\/a>\r\n\r\n\t\r\n\t<\/li>\r\n\r\n<li class=\"product-category product-col\">\r\n\t\t<a href=\"https:\/\/ecoweb.com.co\/comercializamosantioquia\/categoria-producto\/seguridad-industrial\/proteccion-contra-incendios\/\" aria-label=\"category\">\r\n\t\t<div class=\"thumb-info  align-center\">\r\n\t\t\t\t\t\t\t\t\t<div class=\"thumb-info-wrapper tf-none\">\r\n\t\t\t\t\t<img loading=\"lazy\" decoding=\"async\" src=\"https:\/\/ecoweb.com.co\/comercializamosantioquia\/wp-content\/uploads\/2025\/11\/Sin-titulo-1-300x300.png\" alt=\"Extintores\" width=\"300\" height=\"300\" \/>\t\t\t\t<\/div>\r\n\t\t\t\t\t\t\t\t\t\t\t\t\t<div class=\"thumb-info-wrap\">\r\n\t\t\t\t\t<div class=\"thumb-info-title\">\r\n\t\t\t\t\t\t\t\t\t\t\t\t\t\t\t\t<h3 class=\"sub-title thumb-info-inner\">Extintores<\/h3>\r\n\t\t\t\t\t\t\t\t\t\t\t\t\t\t\t\t\t\t<span class=\"thumb-info-type\">\r\n\t\t\t\t\t\t\t\t\t\t\t\t\t\t\t\t <mark class=\"count\">6<\/mark> productos\t\t\t\t\t\t\t<\/span>\r\n\t\t\t\t\t\t\t\t\t\t\t\t\t\t\t\t\t\t\t<\/div>\r\n\t\t\t\t<\/div>\r\n\t\t\t\t\t<\/div>\r\n\t<\/a>\r\n\r\n\t\r\n\t<\/li>\r\n<\/ul>\r\n<\/div><\/div>[\/vc_column][\/vc_row][vc_row][vc_column][vc_column_text]&nbsp;<\/p>\n<h3 data-start=\"130\" data-end=\"207\">\ud83d\udee1\ufe0f <strong data-start=\"138\" data-end=\"207\">Elementos y Equipos de Protecci\u00f3n Personal y Seguridad Industrial<\/strong><\/h3>\n<p data-start=\"209\" data-end=\"544\">En <strong data-start=\"212\" data-end=\"251\">Comercializamos Antioquia E.P.P. <\/strong>\u00a0ofrecemos un portafolio completo de <strong data-start=\"288\" data-end=\"332\">EPP y soluciones de seguridad industrial<\/strong> dise\u00f1adas para proteger a los trabajadores frente a diferentes riesgos laborales. Nuestros productos cumplen con normativas vigentes y garantizan resistencia, comodidad y alto desempe\u00f1o en todo tipo de entornos.<\/p>\n<h3 data-start=\"546\" data-end=\"578\">\u2b50 <strong data-start=\"552\" data-end=\"578\">Beneficios principales<\/strong><\/h3>\n<ul data-start=\"579\" data-end=\"835\">\n<li data-start=\"579\" data-end=\"654\">\n<p data-start=\"581\" data-end=\"654\">Protecci\u00f3n integral: cabeza, manos, pies, visi\u00f3n, respiraci\u00f3n y cuerpo.<\/p>\n<\/li>\n<li data-start=\"655\" data-end=\"702\">\n<p data-start=\"657\" data-end=\"702\">Equipos certificados y de alta durabilidad.<\/p>\n<\/li>\n<li data-start=\"703\" data-end=\"767\">\n<p data-start=\"705\" data-end=\"767\">Dise\u00f1os ergon\u00f3micos que mejoran el confort y el rendimiento.<\/p>\n<\/li>\n<li data-start=\"768\" data-end=\"835\">\n<p data-start=\"770\" data-end=\"835\">Soluciones adaptadas a diferentes industrias y niveles de riesgo.<\/p>\n<\/li>\n<\/ul>\n<p data-start=\"837\" data-end=\"966\">\ud83d\udee1\ufe0f <strong data-start=\"841\" data-end=\"864\">Nuestro compromiso:<\/strong> ofrecer equipos confiables que salvaguarden la vida y bienestar de tu equipo en cada jornada laboral.<\/p>\n<p>&nbsp;[\/vc_column_text][\/vc_column][\/vc_row][vc_row][vc_column][vc_column_text]<\/span><\/span>[\/vc_column_text][\/vc_column][\/vc_row]<\/p>\n<\/div>","protected":false},"excerpt":{"rendered":"<p>[vc_row][vc_column][vc_column_text][\/vc_column_text][\/vc_column][\/vc_row][vc_row css=&#8221;.vc_custom_1761070279452{margin-top: 4% !important;}&#8221; conditional_render=&#8221;%5B%7B%22value_role%22%3A%22administrator%22%7D%5D&#8221;][vc_column][vc_column_text] Productos Elementos &#8211; equipos de protecci\u00f3n personal y Seguridad industrial [\/vc_column_text][\/vc_column][\/vc_row][vc_row][vc_column][vc_column_text]&nbsp; \ud83d\udee1\ufe0f Elementos y Equipos de Protecci\u00f3n Personal y Seguridad Industrial En Comercializamos Antioquia E.P.P. \u00a0ofrecemos un portafolio completo de EPP y soluciones de seguridad industrial dise\u00f1adas para proteger a los trabajadores frente a diferentes riesgos laborales. Nuestros productos cumplen [&hellip;]<\/p>\n","protected":false},"author":1,"featured_media":0,"parent":0,"menu_order":0,"comment_status":"closed","ping_status":"closed","template":"","meta":{"_joinchat":[],"footnotes":""},"class_list":["post-762","page","type-page","status-publish","hentry"],"_links":{"self":[{"href":"https:\/\/ecoweb.com.co\/comercializamosantioquia\/wp-json\/wp\/v2\/pages\/762","targetHints":{"allow":["GET"]}}],"collection":[{"href":"https:\/\/ecoweb.com.co\/comercializamosantioquia\/wp-json\/wp\/v2\/pages"}],"about":[{"href":"https:\/\/ecoweb.com.co\/comercializamosantioquia\/wp-json\/wp\/v2\/types\/page"}],"author":[{"embeddable":true,"href":"https:\/\/ecoweb.com.co\/comercializamosantioquia\/wp-json\/wp\/v2\/users\/1"}],"replies":[{"embeddable":true,"href":"https:\/\/ecoweb.com.co\/comercializamosantioquia\/wp-json\/wp\/v2\/comments?post=762"}],"version-history":[{"count":15,"href":"https:\/\/ecoweb.com.co\/comercializamosantioquia\/wp-json\/wp\/v2\/pages\/762\/revisions"}],"predecessor-version":[{"id":1523,"href":"https:\/\/ecoweb.com.co\/comercializamosantioquia\/wp-json\/wp\/v2\/pages\/762\/revisions\/1523"}],"wp:attachment":[{"href":"https:\/\/ecoweb.com.co\/comercializamosantioquia\/wp-json\/wp\/v2\/media?parent=762"}],"curies":[{"name":"wp","href":"https:\/\/api.w.org\/{rel}","templated":true}]}}