{"id":596,"date":"2025-12-09T09:32:07","date_gmt":"2025-12-09T14:32:07","guid":{"rendered":"https:\/\/ecoweb.com.co\/calima\/?page_id=596"},"modified":"2025-12-09T09:32:25","modified_gmt":"2025-12-09T14:32:25","slug":"reporte-linea-etica","status":"publish","type":"page","link":"https:\/\/ecoweb.com.co\/calima\/reporte-linea-etica\/","title":{"rendered":"Reporte l\u00ednea \u00e9tica"},"content":{"rendered":"<div class=\"wpb-content-wrapper\"><p>[vc_row css=&#8221;.vc_custom_1765290046781{margin-top: 4% !important;}&#8221; conditional_render=&#8221;%5B%7B%22value_role%22%3A%22administrator%22%7D%5D&#8221;][vc_column][vc_column_text]<\/p>\n<p class=\"titulo\" style=\"font-size: 28pt; font-weight: bold;\">Reporte l\u00ednea \u00e9tica<\/p>\n<p>[\/vc_column_text][\/vc_column][\/vc_row][vc_row][vc_column]\n<div class=\"wpcf7 no-js\" id=\"wpcf7-f595-o1\" lang=\"es-CO\" dir=\"ltr\" data-wpcf7-id=\"595\">\n<div class=\"screen-reader-response\"><p role=\"status\" aria-live=\"polite\" aria-atomic=\"true\"><\/p> <ul><\/ul><\/div>\n<form action=\"\/calima\/wp-json\/wp\/v2\/pages\/596#wpcf7-f595-o1\" method=\"post\" class=\"wpcf7-form init\" aria-label=\"Formulario de contacto\" enctype=\"multipart\/form-data\" novalidate=\"novalidate\" data-status=\"init\">\n<fieldset class=\"hidden-fields-container\"><input type=\"hidden\" name=\"_wpcf7\" value=\"595\" \/><input type=\"hidden\" name=\"_wpcf7_version\" value=\"6.1.4\" \/><input type=\"hidden\" name=\"_wpcf7_locale\" value=\"es_CO\" \/><input type=\"hidden\" name=\"_wpcf7_unit_tag\" value=\"wpcf7-f595-o1\" \/><input type=\"hidden\" name=\"_wpcf7_container_post\" value=\"0\" \/><input type=\"hidden\" name=\"_wpcf7_posted_data_hash\" value=\"\" \/>\n<\/fieldset>\n<div class=\"row\">\n\t<div class=\"col-12 col-sm-12 col-md-6\">\n\t\t<div class=\"form-group\">\n\t\t\t<p><label>Nombre completo :<\/label><br \/>\n<span class=\"wpcf7-form-control-wrap\" data-name=\"nombre\"><input size=\"40\" maxlength=\"400\" class=\"wpcf7-form-control wpcf7-text wpcf7-validates-as-required form-control\" aria-required=\"true\" aria-invalid=\"false\" placeholder=\"\" value=\"\" type=\"text\" name=\"nombre\" \/><\/span>\n\t\t\t<\/p>\n\t\t<\/div>\n\t<\/div>\n\t<div class=\"col-12 col-sm-12 col-md-6\">\n\t\t<div class=\"form-group\">\n\t\t\t<p><label>Figuro en calidad de:<\/label><br \/>\n<span class=\"wpcf7-form-control-wrap\" data-name=\"cargo\"><select class=\"wpcf7-form-control wpcf7-select wpcf7-validates-as-required\" aria-required=\"true\" aria-invalid=\"false\" name=\"cargo\"><option value=\"Empleado\">Empleado<\/option><option value=\"Proveedor\">Proveedor<\/option><option value=\"Cliente\">Cliente<\/option><\/select><\/span>\n\t\t\t<\/p>\n\t\t<\/div>\n\t<\/div>\n\t<div class=\"col-12 col-sm-12\">\n\t\t<div class=\"form-group\">\n\t\t\t<p><label>Describe lo sucedido:<\/label><br \/>\n<span class=\"wpcf7-form-control-wrap\" data-name=\"descripcion\"><textarea cols=\"40\" rows=\"10\" maxlength=\"2000\" class=\"wpcf7-form-control wpcf7-textarea wpcf7-validates-as-required form-control\" aria-required=\"true\" aria-invalid=\"false\" placeholder=\"\u00bfQu\u00e9 ocurri\u00f3? (Descripci\u00f3n breve y clara del hecho o situaci\u00f3n observada) \u00bfCu\u00e1ndo ocurri\u00f3 o desde cu\u00e1ndo se presenta? \u00bfD\u00f3nde ocurri\u00f3? ( sede, zona de operaci\u00f3n, \u00e1rea, cliente o proveedor relacionado) \u00bfQui\u00e9nes est\u00e1n involucrados o afectados? (puede mantenerse en blanco si se desconoce\" name=\"descripcion\"><\/textarea><\/span>\n\t\t\t<\/p>\n\t\t<\/div>\n\t<\/div>\n\t<div class=\"col-12 col-sm-6\">\n\t\t<div class=\"form-group\">\n\t\t\t<p><label>\u00bfPor qu\u00e9 considera que la situaci\u00f3n es inusual o irregular? <\/label><br \/>\n<span class=\"wpcf7-form-control-wrap\" data-name=\"situacion\"><input size=\"40\" maxlength=\"400\" class=\"wpcf7-form-control wpcf7-text wpcf7-validates-as-required form-control\" aria-required=\"true\" aria-invalid=\"false\" placeholder=\"\" value=\"\" type=\"text\" name=\"situacion\" \/><\/span>\n\t\t\t<\/p>\n\t\t<\/div>\n\t<\/div>\n\t<div class=\"col-12 col-sm-12\">\n\t\t<div class=\"form-group\">\n\t\t\t<p><span class=\"wpcf7-form-control-wrap\" data-name=\"acepto\"><span class=\"wpcf7-form-control wpcf7-acceptance\"><span class=\"wpcf7-list-item\"><label><input type=\"checkbox\" name=\"acepto\" value=\"1\" aria-invalid=\"false\" \/><span class=\"wpcf7-list-item-label\">Acepto las pol\u00edticas de tratamiento de datos personales de mis datos<\/span><\/label><\/span><\/span><\/span>\n\t\t\t<\/p>\n\t\t<\/div>\n\t<\/div>\n\t<div class=\"col-12 col-sm-12\">\n\t\t<div class=\"form-group\">\n\t\t\t<p>A\u00f1ade los anexos que consideres necesarios (opcional). Los metadatos se eliminan para garantizar el anonimato. No se podr\u00e1n subir archivos encriptados o protegidos con contrase\u00f1a debido a la protecci\u00f3n antivirus y la limpieza de metadatos.<br \/>\n<label>Adjuntar evidencia fotografica:<\/label><br \/>\n<span class=\"wpcf7-form-control-wrap\" data-name=\"archivo\"><input size=\"40\" class=\"wpcf7-form-control wpcf7-file\" accept=\"audio\/*,video\/*,image\/*\" aria-invalid=\"false\" type=\"file\" name=\"archivo\" \/><\/span>\n\t\t\t<\/p>\n\t\t<\/div>\n\t<\/div>\n\t<div class=\"col-12 col-sm-12\">\n\t\t<div class=\"form-group\">\n\t\t\t<p>Si desea recibir un correo electr\u00f3nico cuando su organizaci\u00f3n le env\u00ede respuestas de seguimiento, puede proporcionar una direcci\u00f3n de correo electr\u00f3nico personal. Direcci\u00f3n de correo electr\u00f3nico an\u00f3nima<br \/>\n<label>Correo electronico:<\/label><br \/>\n<span class=\"wpcf7-form-control-wrap\" data-name=\"correo\"><input size=\"40\" maxlength=\"400\" class=\"wpcf7-form-control wpcf7-email wpcf7-text wpcf7-validates-as-email form-control\" aria-invalid=\"false\" placeholder=\"\" value=\"\" type=\"email\" name=\"correo\" \/><\/span>\n\t\t\t<\/p>\n\t\t<\/div>\n\t<\/div>\n\t<div class=\"col-12 col-sm-12\">\n\t\t<div class=\"form-group\">\n\t\t\t<p><input class=\"wpcf7-form-control wpcf7-submit has-spinner button bg-blue-dark color-white\" type=\"submit\" value=\"Enviar\" \/>\n\t\t\t<\/p>\n\t\t<\/div>\n\t<\/div>\n<\/div><div class=\"wpcf7-response-output\" aria-hidden=\"true\"><\/div>\n<\/form>\n<\/div>\n[\/vc_column][\/vc_row]<\/p>\n<\/div>","protected":false},"excerpt":{"rendered":"<p>[vc_row css=&#8221;.vc_custom_1765290046781{margin-top: 4% !important;}&#8221; conditional_render=&#8221;%5B%7B%22value_role%22%3A%22administrator%22%7D%5D&#8221;][vc_column][vc_column_text] Reporte l\u00ednea \u00e9tica [\/vc_column_text][\/vc_column][\/vc_row][vc_row][vc_column][\/vc_column][\/vc_row]<\/p>\n","protected":false},"author":1,"featured_media":0,"parent":0,"menu_order":0,"comment_status":"closed","ping_status":"closed","template":"","meta":{"_joinchat":[],"footnotes":""},"class_list":["post-596","page","type-page","status-publish","hentry"],"_links":{"self":[{"href":"https:\/\/ecoweb.com.co\/calima\/wp-json\/wp\/v2\/pages\/596","targetHints":{"allow":["GET"]}}],"collection":[{"href":"https:\/\/ecoweb.com.co\/calima\/wp-json\/wp\/v2\/pages"}],"about":[{"href":"https:\/\/ecoweb.com.co\/calima\/wp-json\/wp\/v2\/types\/page"}],"author":[{"embeddable":true,"href":"https:\/\/ecoweb.com.co\/calima\/wp-json\/wp\/v2\/users\/1"}],"replies":[{"embeddable":true,"href":"https:\/\/ecoweb.com.co\/calima\/wp-json\/wp\/v2\/comments?post=596"}],"version-history":[{"count":2,"href":"https:\/\/ecoweb.com.co\/calima\/wp-json\/wp\/v2\/pages\/596\/revisions"}],"predecessor-version":[{"id":598,"href":"https:\/\/ecoweb.com.co\/calima\/wp-json\/wp\/v2\/pages\/596\/revisions\/598"}],"wp:attachment":[{"href":"https:\/\/ecoweb.com.co\/calima\/wp-json\/wp\/v2\/media?parent=596"}],"curies":[{"name":"wp","href":"https:\/\/api.w.org\/{rel}","templated":true}]}}