{"id":496,"date":"2025-12-05T15:05:46","date_gmt":"2025-12-05T20:05:46","guid":{"rendered":"https:\/\/ecoweb.com.co\/calima\/?page_id=496"},"modified":"2025-12-09T09:36:17","modified_gmt":"2025-12-09T14:36:17","slug":"ptee-sagrilaft","status":"publish","type":"page","link":"https:\/\/ecoweb.com.co\/calima\/ptee-sagrilaft\/","title":{"rendered":"PTEE-SAGRILAFT"},"content":{"rendered":"<div class=\"wpb-content-wrapper\"><p>[vc_row css=&#8221;.vc_custom_1764966069377{margin-top: 4% !important;}&#8221; conditional_render=&#8221;%5B%7B%22value_role%22%3A%22administrator%22%7D%5D&#8221;][vc_column][vc_column_text]<\/p>\n<p class=\"titulo\" style=\"font-size: 25pt; font-weight: bold; text-align: left;\"><span style=\"font-size: 25pt;\">Resumen Ejecutivo \u2013 Manual SAGRILAFT de Calima<\/span><\/p>\n<p>[\/vc_column_text][vc_column_text]<\/p>\n<p style=\"font-size: 12pt; text-align: left;\">En Compa\u00f1\u00eda Aerofumigaciones Calima S.A.S. en cumplimiento de las disposiciones de la Superintendencia de Sociedades (Circular Externa 100-000016 de 2020, 100-000004 de 2021 y 100-000008 de 2021); implementamos el Sistema de Autocontrol y Gesti\u00f3n del Riesgo Integral de Lavado de Activos, Financiaci\u00f3n del Terrorismo y Financiamiento de la Proliferaci\u00f3n de Armas de Destrucci\u00f3n Masiva (SAGRILAFT). El cu\u00e1l establece directrices, pol\u00edticas y procedimientos orientados a prevenir riesgos legales, reputacionales, financieros y operativos, as\u00ed como a proteger a la empresa frente a posibles v\u00ednculos con actividades il\u00edcitas.<\/p>\n<p>[\/vc_column_text][vc_column_text]<\/p>\n<p class=\"titulo\" style=\"font-size: 20pt; font-weight: bold; text-align: left;\">Estamos en todo\u2026<\/p>\n<p style=\"font-size: 12pt; text-align: left;\">El SAGRILAFT aplica a todos los niveles de la organizaci\u00f3n, incluyendo empleados, administradores, proveedores, clientes, aliados estrat\u00e9gicos y dem\u00e1s contrapartes.<\/p>\n<p>[\/vc_column_text][\/vc_column][\/vc_row][vc_row css=&#8221;.vc_custom_1764966715234{margin-top: 3% !important;}&#8221; conditional_render=&#8221;%5B%7B%22value_role%22%3A%22administrator%22%7D%5D&#8221;][vc_column width=&#8221;1\/2&#8243;][vc_column_text]<\/p>\n<p class=\"subtitulo\" style=\"font-size: 18pt; font-weight: bold; text-align: left;\">Objetivos principales<\/p>\n<p>[\/vc_column_text][vc_column_text css=&#8221;.vc_custom_1764967016021{margin-top: -2% !important;}&#8221;]<\/p>\n<p style=\"font-size: 12pt; text-align: left;\">\u2022 Prevenir y mitigar los riesgos de LA\/FT\/FPADM.<br \/>\n\u2022 Cumplir con la normatividad vigente nacional e internacional.<br \/>\n\u2022 Garantizar la debida diligencia en todas las relaciones con contrapartes (clientes, proveedores, empleados, accionistas).<br \/>\n\u2022 Fortalecer la cultura organizacional en \u00e9tica, transparencia y control del riesgo.<\/p>\n<p>[\/vc_column_text][\/vc_column][vc_column width=&#8221;1\/2&#8243;][vc_column_text]<\/p>\n<p class=\"subtitulo\" style=\"font-size: 18pt; font-weight: bold; text-align: left;\">Elementos del sistema<\/p>\n<p>[\/vc_column_text][vc_column_text css=&#8221;.vc_custom_1764967020412{margin-top: -2% !important;}&#8221;]<\/p>\n<p style=\"font-size: 12pt; text-align: left;\">1. Identificaci\u00f3n del riesgo: Clasificaci\u00f3n de factores de riesgo inherentes a la actividad.<br \/>\n2. Medici\u00f3n del riesgo: Evaluaci\u00f3n de probabilidad e impacto.<br \/>\n3. Control del riesgo: Implementaci\u00f3n de medidas de prevenci\u00f3n y mitigaci\u00f3n.<br \/>\n4. Monitoreo del riesgo: Seguimiento y vigilancia continua.<\/p>\n<p>[\/vc_column_text][\/vc_column][\/vc_row][vc_row conditional_render=&#8221;%5B%7B%22value_role%22%3A%22administrator%22%7D%5D&#8221;][vc_column width=&#8221;1\/2&#8243;][vc_column_text]<\/p>\n<p class=\"subtitulo\" style=\"font-size: 18pt; font-weight: bold; text-align: left;\">Funciones y responsabilidades<\/p>\n<p>[\/vc_column_text][vc_column_text css=&#8221;.vc_custom_1764967061284{margin-top: -2% !important;}&#8221;]<\/p>\n<p style=\"font-size: 12pt; text-align: left;\">\u2022 Asamblea de Accionistas: Aprueba las pol\u00edticas, el manual y designa al Oficial de Cumplimiento.<br \/>\n\u2022 Representante Legal: Gestiona recursos y asegura el apoyo al Oficial de Cumplimiento.<br \/>\n\u2022 Oficial de Cumplimiento: Persona encargada de promover, desarrollar y velar por el cumplimiento del sistema, tambi\u00e9n reporta a la UIAF, coordina capacitaciones y auditor\u00edas.<br \/>\n\u2022 Revisor\u00eda Fiscal y Auditor\u00eda Interna: Supervisan la implementaci\u00f3n y efectividad del sistema.<\/p>\n<p>[\/vc_column_text][\/vc_column][vc_column width=&#8221;1\/2&#8243;][vc_column_text]<\/p>\n<p class=\"subtitulo\" style=\"font-size: 18pt; font-weight: bold; text-align: left;\">Procedimientos clave<\/p>\n<p>[\/vc_column_text][vc_column_text css=&#8221;.vc_custom_1764967089268{margin-top: -2% !important;}&#8221;]<\/p>\n<p style=\"font-size: 12pt; text-align: left;\">\u2022 Segmentaci\u00f3n de contrapartes: Clasificaci\u00f3n de clientes, proveedores y empleados seg\u00fan nivel de riesgo.<br \/>\n\u2022 Debida diligencia: Verificaci\u00f3n previa y peri\u00f3dica de la informaci\u00f3n de las contrapartes, con intensificaci\u00f3n en casos de riesgo alto.<br \/>\n\u2022 Matriz de riesgos: Instrumento para medir y controlar la exposici\u00f3n al riesgo.<br \/>\n\u2022 Se\u00f1ales de alerta: identificaci\u00f3n y reporte de operaciones inusuales o sospechosas (ROS) a la UIAF.<\/p>\n<p>[\/vc_column_text][\/vc_column][\/vc_row][vc_row css=&#8221;.vc_custom_1764966069377{margin-top: 4% !important;}&#8221; conditional_render=&#8221;%5B%7B%22value_role%22%3A%22administrator%22%7D%5D&#8221;][vc_column][vc_column_text]<\/p>\n<p class=\"titulo\" style=\"font-size: 20pt; font-weight: bold; text-align: left;\">R\u00e9gimen sancionatorio<\/p>\n<p style=\"font-size: 12pt; text-align: left;\"><strong>El incumplimiento de las pol\u00edticas SAGRILAFT se considera falta grave, con sanciones internas y posibles responsabilidades legales<\/strong><\/p>\n<p>[\/vc_column_text][\/vc_column][\/vc_row][vc_row full_width=&#8221;stretch_row_content_no_spaces&#8221; css_animation=&#8221;zoomIn&#8221; el_class=&#8221;seo1-block-home text-center color-white&#8221; css=&#8221;.vc_custom_1764967397722{margin-top: 2% !important;padding-bottom: 7% !important;}&#8221; conditional_render=&#8221;%5B%7B%22value_role%22%3A%22administrator%22%7D%5D&#8221;][vc_column][vc_row_inner][vc_column_inner width=&#8221;1\/6&#8243;][\/vc_column_inner][vc_column_inner width=&#8221;2\/3&#8243; css=&#8221;.vc_custom_1764967449651{padding-top: 4% !important;padding-right: 3% !important;padding-bottom: 3% !important;padding-left: 3% !important;background-color: #ffffff !important;}&#8221;][vc_column_text]<\/p>\n<p class=\"titulo\" style=\"font-size: 20pt; font-weight: bold; text-align: left;\"><span style=\"color: #000000;\">Resumen Ejecutivo \u2013 Programa de Transparencia y \u00c9tica Empresarial (PTEE) de Calima<\/span><\/p>\n<p style=\"font-size: 12pt; text-align: left;\"><span style=\"color: #000000;\">En Compa\u00f1\u00eda Aerofumigaciones Calima S.A.S. contamos con el PTEE en cumplimiento de la Circular Externa 100-000011 de 2021 de la Superintendencia de Sociedades, con el fin de garantizar la transparencia, prevenir el soborno transnacional y la corrupci\u00f3n en todas sus operaciones nacionales e internacionales.<\/span><\/p>\n<p style=\"font-size: 12pt; text-align: left;\"><span style=\"color: #000000;\">El PTEE de Calima fortalece la cultura organizacional basada en la transparencia, la \u00e9tica y la integridad, asegurando que todas las operaciones se desarrollen con responsabilidad, minimizando riesgos legales y reputacionales, y consolidando la confianza de clientes, proveedores, aliados y autoridades.<\/span><\/p>\n<p>[\/vc_column_text][vc_column_text]<\/p>\n<p class=\"subtitulo\" style=\"font-size: 15pt; font-weight: bold; text-align: left;\"><span style=\"color: #000000;\">Objetivo: <span style=\"font-size: 15px; font-weight: 400;\">Orientar a colaboradores y grupos de inter\u00e9s en la adopci\u00f3n de conductas \u00e9ticas y transparentes, en l\u00ednea con la normatividad y las mejores pr\u00e1cticas, evitando riesgos de corrupci\u00f3n y soborno transnacional.<\/span><\/span><\/p>\n<p>[\/vc_column_text][\/vc_column_inner][vc_column_inner width=&#8221;1\/6&#8243;][\/vc_column_inner][\/vc_row_inner][\/vc_column][\/vc_row][vc_row css=&#8221;.vc_custom_1764969736269{margin-top: 6% !important;}&#8221; conditional_render=&#8221;%5B%7B%22value_role%22%3A%22administrator%22%7D%5D&#8221;][vc_column][vc_column_text]<\/p>\n<p class=\"titulo\" style=\"font-size: 20pt; font-weight: bold; text-align: left;\">Principios fundamentales<\/p>\n<p>[\/vc_column_text][vc_row_inner][vc_column_inner width=&#8221;1\/5&#8243;]<div class=\"porto-sicon-box  wpb_custom_b29135b514df20cf3bdbf7820a3ed018 style_1 top-icon\"><div class=\"porto-sicon-top\"><div class=\"porto-just-icon-wrapper porto-icon none\" style=\"color:#88c540;font-size:32px;\"><i class=\"far fa-handshake\"><\/i><\/div><\/div><div class=\"porto-sicon-header\"><h3 class=\"porto-sicon-title\" style=\"\">Buena fe<\/h3><p>Actuar con diligencia y respeto a la ley.<\/p><\/div> <!-- header --><\/div><!-- porto-sicon-box -->[\/vc_column_inner][vc_column_inner width=&#8221;1\/5&#8243;]<div class=\"porto-sicon-box  wpb_custom_b29135b514df20cf3bdbf7820a3ed018 style_1 top-icon\"><div class=\"porto-sicon-top\"><div class=\"porto-just-icon-wrapper porto-icon none\" style=\"color:#88c540;font-size:32px;\"><i class=\"fas fa-check-double\"><\/i><\/div><\/div><div class=\"porto-sicon-header\"><h3 class=\"porto-sicon-title\" style=\"\">Honestidad<\/h3><p>conducta \u00edntegra en todas las decisiones.<\/p><\/div> <!-- header --><\/div><!-- porto-sicon-box -->[\/vc_column_inner][vc_column_inner width=&#8221;1\/5&#8243;]<div class=\"porto-sicon-box  wpb_custom_b29135b514df20cf3bdbf7820a3ed018 style_1 top-icon\"><div class=\"porto-sicon-top\"><div class=\"porto-just-icon-wrapper porto-icon none\" style=\"color:#88c540;font-size:32px;\"><i class=\"fas fa-shield-alt\"><\/i><\/div><\/div><div class=\"porto-sicon-header\"><h3 class=\"porto-sicon-title\" style=\"\">Lealtad<\/h3><p>Reporte oportuno de irregularidades.<\/p><\/div> <!-- header --><\/div><!-- porto-sicon-box -->[\/vc_column_inner][vc_column_inner width=&#8221;1\/5&#8243;]<div class=\"porto-sicon-box  wpb_custom_b29135b514df20cf3bdbf7820a3ed018 style_1 top-icon\"><div class=\"porto-sicon-top\"><div class=\"porto-just-icon-wrapper porto-icon none\" style=\"color:#88c540;font-size:32px;\"><i class=\"fas fa-user-friends\"><\/i><\/div><\/div><div class=\"porto-sicon-header\"><h3 class=\"porto-sicon-title\" style=\"\">Inter\u00e9s general<\/h3><p>Decisiones libres de beneficios personales.<\/p><\/div> <!-- header --><\/div><!-- porto-sicon-box -->[\/vc_column_inner][vc_column_inner width=&#8221;1\/5&#8243;]<div class=\"porto-sicon-box  wpb_custom_b29135b514df20cf3bdbf7820a3ed018 style_1 top-icon\"><div class=\"porto-sicon-top\"><div class=\"porto-just-icon-wrapper porto-icon none\" style=\"color:#88c540;font-size:32px;\"><i class=\"fas fa-hand-holding-heart\"><\/i><\/div><\/div><div class=\"porto-sicon-header\"><h3 class=\"porto-sicon-title\" style=\"\">Veracidad<\/h3><p>Informaci\u00f3n clara y confiable.<\/p><\/div> <!-- header --><\/div><!-- porto-sicon-box -->[\/vc_column_inner][\/vc_row_inner][\/vc_column][\/vc_row][vc_row conditional_render=&#8221;%5B%7B%22value_role%22%3A%22administrator%22%7D%5D&#8221; css=&#8221;.vc_custom_1764970192011{margin-top: 6% !important;}&#8221;][vc_column][vc_column_text]<\/p>\n<p class=\"subtitulo\" style=\"font-size: 18pt; font-weight: bold; text-align: left;\">Elementos principales del PTEE<\/p>\n<p>[\/vc_column_text][vc_column_text css=&#8221;.vc_custom_1764970138195{margin-top: -2% !important;}&#8221;]<\/p>\n<p style=\"font-size: 12pt; text-align: left;\">1. Compromiso de la Alta Direcci\u00f3n con la prevenci\u00f3n de corrupci\u00f3n y soborno.<br \/>\n2. Evaluaci\u00f3n peri\u00f3dica de riesgos de corrupci\u00f3n y soborno transnacional.<br \/>\n3. Programa de cumplimiento que compila normas internas y pol\u00edticas anticorrupci\u00f3n.<br \/>\n4. Oficial de Cumplimiento, encargado de implementar, supervisar y reportar.<br \/>\n5. Debida diligencia en la relaci\u00f3n con contrapartes y contratistas.<br \/>\n6. Supervisi\u00f3n y control de pol\u00edticas y actualizaciones.<br \/>\n7. Divulgaci\u00f3n y capacitaci\u00f3n anual a empleados y terceros.<br \/>\n8. Canales de denuncia confidenciales y an\u00f3nimos (web, correo, l\u00ednea celular).<\/p>\n<p>[\/vc_column_text][vc_column_text]<\/p>\n<p class=\"subtitulo\" style=\"font-size: 18pt; font-weight: bold; text-align: left;\">Modalidades de riesgo identificadas<\/p>\n<p>[\/vc_column_text][vc_column_text css=&#8221;.vc_custom_1764970165091{margin-top: -2% !important;}&#8221;]<\/p>\n<p style=\"font-size: 12pt; text-align: left;\">\u2022 Conflictos de inter\u00e9s: decisiones que beneficien a empleados o terceros en detrimento de la Compa\u00f1\u00eda.<br \/>\n\u2022 Soborno: ofrecimiento o aceptaci\u00f3n de beneficios indebidos.<br \/>\n\u2022 Corrupci\u00f3n: conductas internas o externas que favorezcan injustamente a terceros o funcionarios.<\/p>\n<p>[\/vc_column_text][vc_column_text]<\/p>\n<p class=\"subtitulo\" style=\"font-size: 18pt; font-weight: bold; text-align: left;\">Mecanismos de reporte<\/p>\n<p>[\/vc_column_text][vc_column_text css=&#8221;.vc_custom_1764970245068{margin-top: -2% !important;}&#8221;]<\/p>\n<p style=\"font-size: 12pt; text-align: left;\">\u2022 L\u00ednea de Transparencia e Integridad: p\u00e1gina web, correo electr\u00f3nico.<br \/>\n\u2022 Canales oficiales de la Superintendencia de Sociedades para reportar soborno y corrupci\u00f3n.<\/p>\n<p>[\/vc_column_text][vc_column_text css=&#8221;.vc_custom_1764970458396{margin-top: -2% !important;}&#8221;]<\/p>\n<p style=\"font-size: 12pt; text-align: left;\"><a href=\"https:\/\/www.supersociedades.gov.co\/web\/asuntos-economicos-societarios\/canal-de-denuncias-por-soborno-transnacional\" target=\"_blank\" rel=\"noopener\">\u2022 https:\/\/www.supersociedades.gov.co\/web\/asuntos-economicos-societarios\/canal-de-denuncias-por-soborno-transnacional<\/a><br \/>\n\u2022 <a href=\"https:\/\/calima.com.co\/\">https:\/\/calima.com.co\/<\/a><br \/>\n\u2022 <a href=\"mailto:lineaetica@calima.com.co\">lineaetica@calima.com.co<\/a><br \/>\n\u2022 <a href=\"mailto:oficialdecumplimiento@calima.com.co\">oficialdecumplimiento@calima.com.co<\/a><\/p>\n<p>[\/vc_column_text][vc_column_text]<\/p>\n<p class=\"subtitulo\" style=\"font-size: 18pt; font-weight: bold; text-align: left;\">Roles y responsabilidades<\/p>\n<p>[\/vc_column_text][vc_column_text css=&#8221;.vc_custom_1764970510860{margin-top: -2% !important;}&#8221;]<\/p>\n<p style=\"font-size: 12pt; text-align: left;\">\u2022 Alta Direcci\u00f3n: define pol\u00edticas, aprueba el PTEE y garantiza recursos.<br \/>\n\u2022 Representante Legal: articula y supervisa el cumplimiento.<br \/>\n\u2022 Oficial de Cumplimiento: Administra riesgos, capacita y reporta.<br \/>\n\u2022 Revisor Fiscal: denuncia actos de corrupci\u00f3n a autoridades.<br \/>\n\u2022 Equipo humano: aplica controles y reporta irregularidades.<\/p>\n<p>[\/vc_column_text][vc_column_text]<\/p>\n<p class=\"subtitulo\" style=\"font-size: 18pt; font-weight: bold; text-align: left;\">Sanciones<\/p>\n<p>[\/vc_column_text][vc_column_text css=&#8221;.vc_custom_1764970563244{margin-top: -2% !important;}&#8221;]<\/p>\n<p style=\"font-size: 12pt; text-align: left;\">El incumplimiento del PTEE conlleva sanciones laborales, administrativas y legales. La Superintendencia de Sociedades puede imponer multas de hasta 200.000 SMLV, adem\u00e1s de sanciones penales establecidas en la Ley 1778 de 2016.<\/p>\n<p>[\/vc_column_text][vc_column_text]<\/p>\n<p style=\"text-align: left;\"><a style=\"text-decoration: none;\" href=\"https:\/\/ecoweb.com.co\/calima\/reporte-linea-etica\/\" rel=\"noopener\"><span class=\"ver\">Genere un nuevo reporte<\/span><\/a><\/p>\n<p>[\/vc_column_text][\/vc_column][\/vc_row]<\/p>\n<\/div>","protected":false},"excerpt":{"rendered":"<p>[vc_row css=&#8221;.vc_custom_1764966069377{margin-top: 4% !important;}&#8221; conditional_render=&#8221;%5B%7B%22value_role%22%3A%22administrator%22%7D%5D&#8221;][vc_column][vc_column_text] Resumen Ejecutivo \u2013 Manual SAGRILAFT de Calima [\/vc_column_text][vc_column_text] En Compa\u00f1\u00eda Aerofumigaciones Calima S.A.S. en cumplimiento de las disposiciones de la Superintendencia de Sociedades (Circular Externa 100-000016 de 2020, 100-000004 de 2021 y 100-000008 de 2021); implementamos el Sistema de Autocontrol y Gesti\u00f3n del Riesgo Integral de Lavado de Activos, Financiaci\u00f3n [&hellip;]<\/p>\n","protected":false},"author":1,"featured_media":0,"parent":0,"menu_order":0,"comment_status":"closed","ping_status":"closed","template":"","meta":{"_joinchat":[],"footnotes":""},"class_list":["post-496","page","type-page","status-publish","hentry"],"_links":{"self":[{"href":"https:\/\/ecoweb.com.co\/calima\/wp-json\/wp\/v2\/pages\/496","targetHints":{"allow":["GET"]}}],"collection":[{"href":"https:\/\/ecoweb.com.co\/calima\/wp-json\/wp\/v2\/pages"}],"about":[{"href":"https:\/\/ecoweb.com.co\/calima\/wp-json\/wp\/v2\/types\/page"}],"author":[{"embeddable":true,"href":"https:\/\/ecoweb.com.co\/calima\/wp-json\/wp\/v2\/users\/1"}],"replies":[{"embeddable":true,"href":"https:\/\/ecoweb.com.co\/calima\/wp-json\/wp\/v2\/comments?post=496"}],"version-history":[{"count":39,"href":"https:\/\/ecoweb.com.co\/calima\/wp-json\/wp\/v2\/pages\/496\/revisions"}],"predecessor-version":[{"id":599,"href":"https:\/\/ecoweb.com.co\/calima\/wp-json\/wp\/v2\/pages\/496\/revisions\/599"}],"wp:attachment":[{"href":"https:\/\/ecoweb.com.co\/calima\/wp-json\/wp\/v2\/media?parent=496"}],"curies":[{"name":"wp","href":"https:\/\/api.w.org\/{rel}","templated":true}]}}